{"id":1123,"date":"2014-05-26T13:18:24","date_gmt":"2014-05-26T13:18:24","guid":{"rendered":"http:\/\/radsport.blauweiss65-schwedt.de\/?page_id=1123"},"modified":"2014-05-26T13:18:24","modified_gmt":"2014-05-26T13:18:24","slug":"2-mtb-training-08-02-2014","status":"publish","type":"page","link":"https:\/\/radsport.blauweiss65-schwedt.de\/?page_id=1123","title":{"rendered":"2. MTB-Training (08.02.2014)"},"content":{"rendered":"<p><span style=\"color: #0000ff;\">H a l l o \u00a0 M i t g l i e d e r\u00a0\u00a0 u n d\u00a0\u00a0 R a d s p o r t f r e u n d e ! <\/span><\/p>\n<p><span style=\"color: #0000ff;\">Als Information f\u00fcr Euch ! <span style=\"color: #ff0000;\">Ein zweites MTB-Training<\/span> hat stattgefunden!<\/span><\/p>\n<p><span style=\"color: #000000;\">Am\u00a0<strong><\/strong><strong> 08<\/strong><strong>.02.2014<\/strong> (Sam.) haben <strong>Michael Butz, Axel Dittmar, Henry Felix <\/strong>ein weiteres mal in dieser Saison ein MTB-Training durchgef\u00fchrt.<\/span><\/p>\n<p><span style=\"color: #000000;\">Der Treffpunkt war diesmal in <span style=\"color: #0000ff;\">Vierraden<\/span>. Wir sind bei trockenem Wetter insgesamt etwa\u00a0<span style=\"color: #0000ff;\"> 2 h<\/span> unterwegs gewesen! Eine interessante und anspruchsvolle Strecke von ca. <span style=\"color: #ff0000;\">30 km<\/span> wurde zur\u00fcckgelegt. Das Training ging vorwiegend \u00fcber <span style=\"color: #0000ff;\">Wald- u. Feldwege<\/span>.\u00a0Diesmal vorbei am <span style=\"color: #0000ff;\">Umspannwerk Vierraden<\/span>, am Zaun der PCK AG entlang zum <span style=\"color: #0000ff;\">Bahnhof<\/span> <span style=\"color: #0000ff;\">Stendell<\/span>. Dann weiter nach <span style=\"color: #0000ff;\">Heinersdorf<\/span> und <span style=\"color: #0000ff;\">Berkholz<\/span>\u00a0zum <span style=\"color: #0000ff;\">Forsthaus Schwedt<\/span> (an der Bahnstrecke nach Angerm\u00fcnde). Von dort zur\u00fcck \u00fcber Stra\u00dfen- u. Radwege zum <span style=\"color: #0000ff;\">Wohnlager II,<\/span> durch den Park am Schloss &#8222;Monplaisir&#8220; und zur\u00fcck nach <span style=\"color: #0000ff;\">Vierraden<\/span>.<\/span><\/p>\n<p><span style=\"color: #0000ff;\">Auch dieses\u00a0 zweite Training hat uns wieder sehr viel Spa\u00df gemacht. Das MTB-Training wollen wir deshalb bis zum Saisonbeginn weiterf\u00fchren!<\/span><\/p>\n<p><span style=\"color: #0000ff;\">Wer Interesse hat mitzumachen, kann sich auch bei Eckhard Kurth melden. Immer wenn das Wetter passt, gehts los!<\/span><\/p>\n<p><span style=\"color: #000000;\">Hier noch einige Bilder von dieser Tour!<\/span><\/p>\n<p><a href=\"https:\/\/radsport.blauweiss65-schwedt.de\/wp-content\/uploads\/2014\/01\/2014-02-08-14.02.01.jpg\"><img loading=\"lazy\" decoding=\"async\" alt=\"2014-02-08 14.02.01\" src=\"https:\/\/radsport.blauweiss65-schwedt.de\/wp-content\/uploads\/2014\/01\/2014-02-08-14.02.01-300x225.jpg\" width=\"300\" height=\"225\" \/><\/a><a href=\"https:\/\/radsport.blauweiss65-schwedt.de\/wp-content\/uploads\/2014\/01\/2014-02-08-13.38.42.jpg\"><img loading=\"lazy\" decoding=\"async\" alt=\"2014-02-08 13.38.42\" src=\"https:\/\/radsport.blauweiss65-schwedt.de\/wp-content\/uploads\/2014\/01\/2014-02-08-13.38.42-300x225.jpg\" width=\"300\" height=\"225\" \/><\/a> <a href=\"https:\/\/radsport.blauweiss65-schwedt.de\/wp-content\/uploads\/2014\/01\/1391863042238.jpg\"><img loading=\"lazy\" decoding=\"async\" alt=\"1391863042238\" src=\"https:\/\/radsport.blauweiss65-schwedt.de\/wp-content\/uploads\/2014\/01\/1391863042238.jpg\" width=\"256\" height=\"192\" \/><\/a> <a href=\"https:\/\/radsport.blauweiss65-schwedt.de\/wp-content\/uploads\/2014\/01\/1391864575943.jpg\"><img loading=\"lazy\" decoding=\"async\" alt=\"1391864575943\" src=\"https:\/\/radsport.blauweiss65-schwedt.de\/wp-content\/uploads\/2014\/01\/1391864575943.jpg\" width=\"256\" height=\"192\" \/><\/a><\/p>\n<p>Autor: H. Felix \/ Fotos: Dittmar, Felix<\/p>\n","protected":false},"excerpt":{"rendered":"<p>H a l l o \u00a0 M i t g l i e d e r\u00a0\u00a0 u n d\u00a0\u00a0 R a d s p o r t f r e u n d e ! Als Information f\u00fcr Euch ! &hellip; <a href=\"https:\/\/radsport.blauweiss65-schwedt.de\/?page_id=1123\">Weiterlesen <span class=\"meta-nav\">&rarr;<\/span><\/a><\/p>\n","protected":false},"author":3,"featured_media":0,"parent":898,"menu_order":2,"comment_status":"open","ping_status":"open","template":"","meta":{"footnotes":""},"class_list":["post-1123","page","type-page","status-publish","hentry"],"_links":{"self":[{"href":"https:\/\/radsport.blauweiss65-schwedt.de\/index.php?rest_route=\/wp\/v2\/pages\/1123","targetHints":{"allow":["GET"]}}],"collection":[{"href":"https:\/\/radsport.blauweiss65-schwedt.de\/index.php?rest_route=\/wp\/v2\/pages"}],"about":[{"href":"https:\/\/radsport.blauweiss65-schwedt.de\/index.php?rest_route=\/wp\/v2\/types\/page"}],"author":[{"embeddable":true,"href":"https:\/\/radsport.blauweiss65-schwedt.de\/index.php?rest_route=\/wp\/v2\/users\/3"}],"replies":[{"embeddable":true,"href":"https:\/\/radsport.blauweiss65-schwedt.de\/index.php?rest_route=%2Fwp%2Fv2%2Fcomments&post=1123"}],"version-history":[{"count":0,"href":"https:\/\/radsport.blauweiss65-schwedt.de\/index.php?rest_route=\/wp\/v2\/pages\/1123\/revisions"}],"up":[{"embeddable":true,"href":"https:\/\/radsport.blauweiss65-schwedt.de\/index.php?rest_route=\/wp\/v2\/pages\/898"}],"wp:attachment":[{"href":"https:\/\/radsport.blauweiss65-schwedt.de\/index.php?rest_route=%2Fwp%2Fv2%2Fmedia&parent=1123"}],"curies":[{"name":"wp","href":"https:\/\/api.w.org\/{rel}","templated":true}]}}