{"id":1147,"date":"2014-06-04T13:28:33","date_gmt":"2014-06-04T13:28:33","guid":{"rendered":"http:\/\/radsport.blauweiss65-schwedt.de\/?page_id=1147"},"modified":"2014-10-29T13:58:31","modified_gmt":"2014-10-29T13:58:31","slug":"4-uckermark-radrundfahrt-01-06-2014","status":"publish","type":"page","link":"https:\/\/radsport.blauweiss65-schwedt.de\/?page_id=1147","title":{"rendered":"4. UCKERMARK-RADRUNDFAHRT (01.06.2014)"},"content":{"rendered":"<p><span style=\"color: #0000ff;\">Hallo Radsportfans!! <a href=\"https:\/\/radsport.blauweiss65-schwedt.de\/wp-content\/uploads\/2014\/05\/um-logo.jpg\"><img loading=\"lazy\" decoding=\"async\" class=\"alignnone size-full wp-image-1084\" alt=\"um-logo\" src=\"https:\/\/radsport.blauweiss65-schwedt.de\/wp-content\/uploads\/2014\/05\/um-logo.jpg\" width=\"300\" height=\"134\" \/><\/a><br \/>\n<\/span><\/p>\n<p><span style=\"color: #000000;\">Zum vierten Mal startete am <strong>01. Juni<\/strong> die <span style=\"color: #0000ff;\">Uckermark-Radrundfahrt<\/span> des TSV Blau-Wei\u00df 65 Schwedt\/Oder. In diesem Jahr erfolgte der Start in Schwedt, am Stammsitz des Vereins, der Sporthalle \u00a0im K\u00fclzviertel. Die Fahrt 2014 war eingebunden in das j\u00e4hrliche Kinderfest des TSV.<\/span><\/p>\n<p><span style=\"color: #000000;\">Das Wetter an diesem Tag war sehr radfahrerfreundlich:- kein Regen, wenig Wind und nicht zu viel Sonne.<\/span><\/p>\n<p><span style=\"color: #000000;\">Der Start begann um \u00a0<strong>9.00 Uhr<\/strong> mit <strong>13 Fahrern<\/strong> \u00fcber die lange Distanz von <span style=\"color: #ff0000;\">193 km<\/span>. Diese Strecke wurde dem Namen der Tour gerecht, da auf ihr nahezu alle ehemaligen Altkreise und deren St\u00e4dte durchquert wurden. Lediglich Angerm\u00fcnde konnte auf Grund einer Stra\u00dfensperrung vor Greiffenberg nicht durchfahren werden. Unterwegs trennte sich die Gruppe kurzzeitig, kam aber am zweiten Verpflegungspunkt in Potzlow wieder zusammen und fuhr die restlichen Kilometer gemeinsam bis nach Schwedt\/Oder. Erw\u00e4hnenswert ist unbedingt, dass auch eine weibliche Teilnehmerin aus Falkensee diese lange Strecke mit Bravour gemeistert hat und am Ende k\u00f6rperlich noch in besserer Verfassung war als einige m\u00e4nnliche Mitstreiter.<\/span><\/p>\n<p><span style=\"color: #000000;\">Die n\u00e4chste Gruppe startete dann um <strong>10.00 Uhr<\/strong> mit <strong>9 Teilnehmern<\/strong> \u00fcber die <span style=\"color: #ff0000;\">40 km<\/span> Radwanderstrecke. Die Beteiligung auf dieser Strecke war leider etwas gering. Wir hoffen es hat allen Teilnehmern trotzdem einigen Spa\u00df bereitet.<\/span><\/p>\n<p><span style=\"color: #000000;\">Um <strong>11.00 Uhr<\/strong> wurde dann durch <strong>Dietmar Werth<\/strong>, die zahlenm\u00e4\u00dfig gr\u00f6\u00dfte Gruppe mit <strong>30 Fahrern<\/strong> auf die <span style=\"color: #ff0000;\">109 km <\/span><\/span><span style=\"color: #000000;\">Runde<\/span> <span style=\"color: #000000;\">geschickt.<\/span><\/p>\n<p style=\"padding-left: 150px;\"><a href=\"https:\/\/radsport.blauweiss65-schwedt.de\/wp-content\/uploads\/2014\/06\/Erinnerung.jpg\"><img loading=\"lazy\" decoding=\"async\" class=\"alignnone size-medium wp-image-1151\" alt=\"Erinnerung\" src=\"https:\/\/radsport.blauweiss65-schwedt.de\/wp-content\/uploads\/2014\/06\/Erinnerung-300x168.jpg\" width=\"300\" height=\"168\" srcset=\"https:\/\/radsport.blauweiss65-schwedt.de\/wp-content\/uploads\/2014\/06\/Erinnerung-300x168.jpg 300w, https:\/\/radsport.blauweiss65-schwedt.de\/wp-content\/uploads\/2014\/06\/Erinnerung-1024x576.jpg 1024w, https:\/\/radsport.blauweiss65-schwedt.de\/wp-content\/uploads\/2014\/06\/Erinnerung.jpg 1920w\" sizes=\"auto, (max-width: 300px) 100vw, 300px\" \/><\/a><\/p>\n<p><span style=\"color: #000000;\">Auf der 193 km Strecke waren in <span style=\"color: #0000ff;\">Ahrensdorf<\/span> und <span style=\"color: #0000ff;\">Potzlow<\/span> die Verpflegungsst\u00fctzpunkte eingerichtet. Potzlow war auch gleichzeitig der\u00a0 Verpflegungsst\u00fctzpunkt f\u00fcr die Fahrer der 109 km Runde. Die Verpflegung dort, wurde von allen Teilnehmer sehr positiv bewertet.<\/span><\/p>\n<p><span style=\"color: #000000;\">Teilnehmer aus weiterer Entfernung \u00e4u\u00dferten sich abschlie\u00dfend positiv \u00fcber die Organisation, die Verpflegung sowie \u00fcber das sportlich-kameradschaftliche Fahrverhalten auf der\u00a0 Tour. Der gefahrene Durchschnitt auf den beiden langen Strecken lag \u00a0bei jeweils<span style=\"color: #0000ff;\"> 32 Km\/h<\/span>. Auch wenn einige Fahrer im Ziel erst einmal ersch\u00f6pft \u00a0waren, stellten sie dann doch fest, dass es sehr sch\u00f6n gewesen ist und sie im n\u00e4chsten Jahr wieder teilnehmen werden.<\/span><\/p>\n<p><span style=\"color: #0000ff;\">Ein besonderer Dank gilt\u00a0 an dieser\u00a0 Stelle den Sponsoren und den vielen Helfern und Unterst\u00fctzern der gesamten Veranstaltung!!<\/span><\/p>\n<p><span style=\"color: #0000ff;\">Eine f\u00fcnfte<span style=\"color: #ff0000;\"> Uckermark-Radrundfahrt<\/span> im Jahre <span style=\"color: #ff0000;\">2015<\/span> ist bereits in der Planung. Wer auch daran teilnehmen oder daf\u00fcr trainieren m\u00f6chte: \u00a0die <span style=\"color: #ff0000;\">Trainingszeiten<\/span> der Radsportler des TSV sind in der Saison jeweils am <span style=\"color: #ff0000;\">Mittwoch um 17.00 Uhr<\/span> und am <span style=\"color: #ff0000;\">Samstag um 13.00 Uhr<\/span>.\u00a0 Treffpunkt ist am Parkplatz \u201eTurmhotel\u201c.<\/span><\/p>\n<p><span style=\"color: #000000;\">Weitere Hinweise sind zu finden unter<\/span> <a href=\"http:\/\/www.radsport.blau-weiss65-schwedt.de\/\">www.radsport.blau-weiss65-schwedt.de<\/a>.<\/p>\n","protected":false},"excerpt":{"rendered":"<p>Hallo Radsportfans!! Zum vierten Mal startete am 01. Juni die Uckermark-Radrundfahrt des TSV Blau-Wei\u00df 65 Schwedt\/Oder. In diesem Jahr erfolgte der Start in Schwedt, am Stammsitz des Vereins, der Sporthalle \u00a0im K\u00fclzviertel. Die Fahrt 2014 war eingebunden in das j\u00e4hrliche &hellip; <a href=\"https:\/\/radsport.blauweiss65-schwedt.de\/?page_id=1147\">Weiterlesen <span class=\"meta-nav\">&rarr;<\/span><\/a><\/p>\n","protected":false},"author":3,"featured_media":0,"parent":898,"menu_order":7,"comment_status":"open","ping_status":"open","template":"","meta":{"footnotes":""},"class_list":["post-1147","page","type-page","status-publish","hentry"],"_links":{"self":[{"href":"https:\/\/radsport.blauweiss65-schwedt.de\/index.php?rest_route=\/wp\/v2\/pages\/1147","targetHints":{"allow":["GET"]}}],"collection":[{"href":"https:\/\/radsport.blauweiss65-schwedt.de\/index.php?rest_route=\/wp\/v2\/pages"}],"about":[{"href":"https:\/\/radsport.blauweiss65-schwedt.de\/index.php?rest_route=\/wp\/v2\/types\/page"}],"author":[{"embeddable":true,"href":"https:\/\/radsport.blauweiss65-schwedt.de\/index.php?rest_route=\/wp\/v2\/users\/3"}],"replies":[{"embeddable":true,"href":"https:\/\/radsport.blauweiss65-schwedt.de\/index.php?rest_route=%2Fwp%2Fv2%2Fcomments&post=1147"}],"version-history":[{"count":0,"href":"https:\/\/radsport.blauweiss65-schwedt.de\/index.php?rest_route=\/wp\/v2\/pages\/1147\/revisions"}],"up":[{"embeddable":true,"href":"https:\/\/radsport.blauweiss65-schwedt.de\/index.php?rest_route=\/wp\/v2\/pages\/898"}],"wp:attachment":[{"href":"https:\/\/radsport.blauweiss65-schwedt.de\/index.php?rest_route=%2Fwp%2Fv2%2Fmedia&parent=1147"}],"curies":[{"name":"wp","href":"https:\/\/api.w.org\/{rel}","templated":true}]}}