{"id":1187,"date":"2014-06-29T15:47:43","date_gmt":"2014-06-29T15:47:43","guid":{"rendered":"http:\/\/radsport.blauweiss65-schwedt.de\/?page_id=1187"},"modified":"2014-10-29T11:22:56","modified_gmt":"2014-10-29T11:22:56","slug":"1-mecklenburger-seen-runde-23-24-05-2014","status":"publish","type":"page","link":"https:\/\/radsport.blauweiss65-schwedt.de\/?page_id=1187","title":{"rendered":"1. MECKLENBURER SEEN RUNDE (23-24.05.2014)"},"content":{"rendered":"<p><span style=\"color: #000000;\"><span style=\"text-decoration: underline;\">Erlebnissbericht<\/span> von Wolfgang Baum\u00fcller<\/span><br \/>\n<span style=\"color: #000000;\">Die <span style=\"color: #0000ff;\">Mecklenburger Seen Runde 2014<\/span> ist Geschichte. Eine Herausforderung \u00fcber <span style=\"color: #ff0000;\">324 km<\/span>, der sich vier Sportler unserer Abteilung Radsport stellten. <\/span><br \/>\n<span style=\"color: #000000;\">Das waren <\/span><span style=\"color: #000000;\"><strong>Thomas, Rene, Sascha und Eddy<\/strong><\/span><span style=\"color: #000000;\"><strong>. <\/strong>Monika war zwar gemeldet, war aber durch einen Trainingsunfall eine Woche zuvor leider nicht mehr in der Lage mit<\/span> <span style=\"color: #000000;\">an den Start zu gehen. Wir hatten dadurch aber pl\u00f6tzlich eine Betreuerin! <\/span><\/p>\n<p style=\"padding-left: 90px;\"><a href=\"https:\/\/radsport.blauweiss65-schwedt.de\/wp-content\/uploads\/2014\/06\/IMG-20140523-WA0002.jpg\"><img loading=\"lazy\" decoding=\"async\" class=\"alignnone size-thumbnail wp-image-1190\" alt=\"IMG-20140523-WA0002\" src=\"https:\/\/radsport.blauweiss65-schwedt.de\/wp-content\/uploads\/2014\/06\/IMG-20140523-WA0002-150x150.jpg\" width=\"150\" height=\"150\" \/><\/a> <a href=\"https:\/\/radsport.blauweiss65-schwedt.de\/wp-content\/uploads\/2014\/06\/IMG_0624.jpg\"><img loading=\"lazy\" decoding=\"async\" class=\"alignnone size-thumbnail wp-image-1192\" alt=\"IMG_0624\" src=\"https:\/\/radsport.blauweiss65-schwedt.de\/wp-content\/uploads\/2014\/06\/IMG_0624-150x150.jpg\" width=\"150\" height=\"150\" \/><\/a><\/p>\n<p><span style=\"color: #000000;\">Unser <span style=\"color: #0000ff;\">Start<\/span> erfolgte gegen<span style=\"color: #0000ff;\"> 22:05 Uhr<\/span>. Von 20:00 Uhr bis 21:30 Uhr hatte es geregnet. Der Wettergott war dann aber auf unserer Seite. Die ersten 150 km fuhren wir bei Dunkelheit. Volle Konzentration war gefragt. F\u00fcr diese <\/span><span style=\"color: #000000;\">Verh\u00e4ltnisse wurde relativ schnell gefahren. Sascha war unsere &#8222;Lokomotive&#8220;. Wir kamen dadurch leider nicht alle gemeinsam im Ziel an, aber stolz diese Tour erfolgreich absolviert zu haben waren alle. <\/span><\/p>\n<p><span style=\"color: #000000;\">Unterwegs gab es acht Verpflegungsstellen. Man wurden satt, aber nur, da der Magen bei Nacht bekanntlich nicht so arbeitsfreudig ist. <\/span><\/p>\n<p style=\"padding-left: 90px;\"><a href=\"https:\/\/radsport.blauweiss65-schwedt.de\/wp-content\/uploads\/2014\/06\/IMG-20140523-WA0001.jpg\"><img loading=\"lazy\" decoding=\"async\" class=\"alignnone size-thumbnail wp-image-1193\" alt=\"IMG-20140523-WA0001\" src=\"https:\/\/radsport.blauweiss65-schwedt.de\/wp-content\/uploads\/2014\/06\/IMG-20140523-WA0001-150x150.jpg\" width=\"150\" height=\"150\" \/><\/a> <a href=\"https:\/\/radsport.blauweiss65-schwedt.de\/wp-content\/uploads\/2014\/06\/Handy-1541.jpg\"><img loading=\"lazy\" decoding=\"async\" class=\"alignnone size-thumbnail wp-image-1194\" alt=\"Handy 1541\" src=\"https:\/\/radsport.blauweiss65-schwedt.de\/wp-content\/uploads\/2014\/06\/Handy-1541-150x150.jpg\" width=\"150\" height=\"150\" \/><\/a><\/p>\n<p><span style=\"color: #000000;\">Die ersten Kilometer wurde man von der Polizei begleitet, unterwegs standen an allen wichtigen Punkten die Helfer. Meistens wurden dort Feuerwehren eingesetzt. In den zu durchfahrenden Orten gab es Jubel <\/span><span style=\"color: #000000;\">und Anfeuerung bis in die Morgenstunden. Der Empfang nach etwa <span style=\"color: #0000ff;\">13 Stunden<\/span> (<span style=\"color: #ff0000;\">Fahrzeit etwas \u00fcber 11 Stunden<\/span>) im Kulturpark <span style=\"color: #0000ff;\">Neubrandenburg<\/span> brachte noch mal verbrauchte Energie zur\u00fcck. Nach Angaben der Veranstalter wurden ca. <span style=\"color: #0000ff;\">600 Helfer<\/span> eingespannt!\u00a0 Eine Besonderheit dieser Veranstaltung war eine reine <span style=\"color: #0000ff;\">Frauenrunde<\/span> \u00fcber <span style=\"color: #ff0000;\">100 km<\/span>. Auch daf\u00fcr gab es viel Lob von den Sportlern. <\/span><\/p>\n<p><span style=\"color: #000000;\">Im <span style=\"color: #0000ff;\">Kulturpark<\/span> wurde die <strong>1. MSR<\/strong> gefeiert. Kinder, Besucher und Sportler, die nach der Tour noch Kraft und Ausdauer hatten konnten in vollen Z\u00fcgen das gebotene Programm genie\u00dfen. Verkaufsst\u00e4nde <\/span><span style=\"color: #000000;\">rund um das Rad, um die Ern\u00e4hrung und einfach nur kulinarisch gab es ausreichend. Als Attraktion und den meisten bekannt, erlebten wir den Auftritt von unserem <strong>Tourteufel Didi Senf<\/strong>, der bei Start und Ziel und auch so f\u00fcr viel Stimmung sorgte. <\/span><\/p>\n<p style=\"padding-left: 90px;\"><a href=\"https:\/\/radsport.blauweiss65-schwedt.de\/wp-content\/uploads\/2014\/06\/IMG_0625.jpg\"><img loading=\"lazy\" decoding=\"async\" class=\"alignnone size-medium wp-image-1191\" alt=\"IMG_0625\" src=\"https:\/\/radsport.blauweiss65-schwedt.de\/wp-content\/uploads\/2014\/06\/IMG_0625-300x225.jpg\" width=\"300\" height=\"225\" srcset=\"https:\/\/radsport.blauweiss65-schwedt.de\/wp-content\/uploads\/2014\/06\/IMG_0625-300x225.jpg 300w, https:\/\/radsport.blauweiss65-schwedt.de\/wp-content\/uploads\/2014\/06\/IMG_0625-1024x768.jpg 1024w\" sizes=\"auto, (max-width: 300px) 100vw, 300px\" \/><\/a><\/p>\n<p><span style=\"color: #000000;\">Insgesamt eine gelungene Veranstaltung, die auch bei den mitgereisten Partnern der Rennfahrer keine lange Weile aufkommen lies. <\/span><\/p>\n<p><span style=\"color: #000000;\">Sch\u00f6ne Gr\u00fc\u00dfe Euer Eddy<\/span><\/p>\n","protected":false},"excerpt":{"rendered":"<p>Erlebnissbericht von Wolfgang Baum\u00fcller Die Mecklenburger Seen Runde 2014 ist Geschichte. Eine Herausforderung \u00fcber 324 km, der sich vier Sportler unserer Abteilung Radsport stellten. Das waren Thomas, Rene, Sascha und Eddy. Monika war zwar gemeldet, war aber durch einen Trainingsunfall &hellip; <a href=\"https:\/\/radsport.blauweiss65-schwedt.de\/?page_id=1187\">Weiterlesen <span class=\"meta-nav\">&rarr;<\/span><\/a><\/p>\n","protected":false},"author":3,"featured_media":0,"parent":898,"menu_order":6,"comment_status":"open","ping_status":"open","template":"","meta":{"footnotes":""},"class_list":["post-1187","page","type-page","status-publish","hentry"],"_links":{"self":[{"href":"https:\/\/radsport.blauweiss65-schwedt.de\/index.php?rest_route=\/wp\/v2\/pages\/1187","targetHints":{"allow":["GET"]}}],"collection":[{"href":"https:\/\/radsport.blauweiss65-schwedt.de\/index.php?rest_route=\/wp\/v2\/pages"}],"about":[{"href":"https:\/\/radsport.blauweiss65-schwedt.de\/index.php?rest_route=\/wp\/v2\/types\/page"}],"author":[{"embeddable":true,"href":"https:\/\/radsport.blauweiss65-schwedt.de\/index.php?rest_route=\/wp\/v2\/users\/3"}],"replies":[{"embeddable":true,"href":"https:\/\/radsport.blauweiss65-schwedt.de\/index.php?rest_route=%2Fwp%2Fv2%2Fcomments&post=1187"}],"version-history":[{"count":0,"href":"https:\/\/radsport.blauweiss65-schwedt.de\/index.php?rest_route=\/wp\/v2\/pages\/1187\/revisions"}],"up":[{"embeddable":true,"href":"https:\/\/radsport.blauweiss65-schwedt.de\/index.php?rest_route=\/wp\/v2\/pages\/898"}],"wp:attachment":[{"href":"https:\/\/radsport.blauweiss65-schwedt.de\/index.php?rest_route=%2Fwp%2Fv2%2Fmedia&parent=1187"}],"curies":[{"name":"wp","href":"https:\/\/api.w.org\/{rel}","templated":true}]}}