{"id":1265,"date":"2014-05-30T17:22:03","date_gmt":"2014-05-30T17:22:03","guid":{"rendered":"http:\/\/radsport.blauweiss65-schwedt.de\/?page_id=1265"},"modified":"2014-10-29T11:25:46","modified_gmt":"2014-10-29T11:25:46","slug":"7-garmin-velothon-berlin-18-05-2014","status":"publish","type":"page","link":"https:\/\/radsport.blauweiss65-schwedt.de\/?page_id=1265","title":{"rendered":"7. GARMIN VELOTHON &#8211; Berlin (18.05.2014)"},"content":{"rendered":"<p><span style=\"text-decoration: underline;\"><strong><span style=\"color: #000000; text-decoration: underline;\">Bericht<\/span><\/strong><\/span><\/p>\n<p><span style=\"color: #000000;\">Nachdem in 2013 bereits 3 unserer Mitglieder beim <span style=\"color: #0000ff;\"><strong>VELOTHON in Berlin<\/strong><\/span> gestartet sind, versuchten sich in <strong><span style=\"color: #0000ff;\">2014<\/span><\/strong> bereits <strong>6 Mitglieder<\/strong> beim<span style=\"color: #0000ff;\"> gr\u00f6\u00dften Jedermann-Radrennen<\/span> unserer Region. Der Termin lag zwar in diesem Jahr \u00a0bereits 4 Wochen fr\u00fcher als in 2013, aber wir hatten wegen des milden Winters schon gut trainieren k\u00f6nnen. An den Start gingen diesmal\u00a0<strong> Axel, Henry, Sascha, Eckhard, <\/strong><strong>Martin <\/strong>und<strong> Rene<\/strong>. Das Wetter am Rennsonntag war \u00fcberaus schlecht. Die Temperatur betrug am Morgen gerade so um die \u00a09\u00b0Celsius und es regnete unabl\u00e4ssig. Das war wohl auch der Grund, warum von den <span style=\"color: #ff0000;\">gemeldeten 13.120 Fahrern<\/span> nur ca. die H\u00e4lfte tats\u00e4chlich an den Start ging. Auf unserer <span style=\"color: #ff0000;\">120 km<\/span> Strecke starteten letztlich etwa <span style=\"color: #ff0000;\">3.100 Fahrer.<\/span><\/span><\/p>\n<p><strong><a href=\"https:\/\/radsport.blauweiss65-schwedt.de\/wp-content\/uploads\/2014\/07\/2014-05-18-09.16.25.jpg\"><img loading=\"lazy\" decoding=\"async\" alt=\"2014-05-18 09.16.25\" src=\"https:\/\/radsport.blauweiss65-schwedt.de\/wp-content\/uploads\/2014\/07\/2014-05-18-09.16.25-300x225.jpg\" width=\"300\" height=\"225\" \/><\/a><strong><a href=\"https:\/\/radsport.blauweiss65-schwedt.de\/wp-content\/uploads\/2014\/07\/2014-05-18-09.16.13.jpg\"><img loading=\"lazy\" decoding=\"async\" alt=\"2014-05-18 09.16.13\" src=\"https:\/\/radsport.blauweiss65-schwedt.de\/wp-content\/uploads\/2014\/07\/2014-05-18-09.16.13-300x225.jpg\" width=\"300\" height=\"225\" \/><\/a><\/strong><\/strong><\/p>\n<p><span style=\"color: #000000;\">Nach <span style=\"color: #0000ff;\">Berlin<\/span> fuhren wir (<\/span><span style=\"color: #000000;\"><strong>Axel, Henry, Sascha, Eckhard<\/strong>) gemeinsam mit unseren Autos. Dort nutzten wir eine Tiefgarage am <span style=\"color: #0000ff;\">Alexanderplatz<\/span> und bereiteten uns somit trocken und in aller Ruhe auf das Rennen vor. Dann ging es weiter zum Startbereich, die Sachen abgeben und bei immer noch leichtem Regen dort mit dem \u201eWarm\u201c-fahren begonnen. Nun wurde man auch noch von unten nass! Im <span style=\"color: #0000ff;\">Startblock C<\/span> warteten wir anschlie\u00dfend auf den Start. <strong>Martin<\/strong> und <strong>Rene<\/strong> reisten gesondert an und starteten gemeinsam in einem anderen Startblock.<\/span><\/p>\n<p><span style=\"color: #000000;\">Um ca. <span style=\"color: #0000ff;\">9.30 Uhr<\/span> ging es bei Regen los und es<span style=\"color: #0000ff;\"> regnete bis zum Ziel unabl\u00e4ssig weiter.<\/span> Unterwegs goss es sogar zeitweilig wie aus K\u00fcbeln. Versuchte man anfangs noch die Pf\u00fctzen zu umfahren, so war es einem bald v\u00f6llig egal, denn das Wasser kam aus allen Richtungen. Nach kurzer Zeit war man komplett durchn\u00e4sst. <strong>Axel, Sascha<\/strong> und <strong>Eckhard<\/strong> fuhren gleich vorne, in einer sehr schnellen Gruppe von ca. <span style=\"color: #0000ff;\">30-40 Fahrern<\/span>. <strong>Henry<\/strong> fuhr ein vorsichtigeres Tempo. Obwohl es unterwegs unabl\u00e4ssig regnete standen doch viele Zuschauer an der Strecke und feuerten die Fahrer an. Das Tempo vorn war h\u00f6llisch hoch und die Fahrt somit nicht ganz ungef\u00e4hrlich.<\/span><\/p>\n<p><span style=\"color: #000000;\">Als nach ca. <span style=\"color: #ff0000;\">3 Stunden<\/span> die Siegess\u00e4ule zu sehen war, wussten wir, die Zielgerade war nahe. An der \u201eFlamme Rouge\u201c konzentrierten wir uns nochmal f\u00fcr einen letzten Sprint und dann wurde auf den letzten 100 Metern getreten was das Zeug h\u00e4lt. Dann, endlich im Ziel! Geschafft! Diese <span style=\"color: #0000ff;\">REGEN-u. K\u00c4LTESCHLACHT<\/span> gemeistert und angekommen! Stolz! <span style=\"color: #ff0000;\">Alle die das geschafft haben waren Sieger! Unsere 6 Mitglieder kamen alle an!<\/span> Alle, bis auf <strong>Axel<\/strong> auch ohne in einen Sturz verwickelt worden zu sein. (St\u00fcrze gab es einige)<br \/>\n<\/span><\/p>\n<p><span style=\"color: #000000;\"><span style=\"color: #0000ff;\">Unsere achtbaren Ergebnisse\/Platzierungen sind bei<\/span> <span style=\"color: #ff0000;\"><strong>3.065<\/strong> Startern <span style=\"color: #0000ff;\">der<\/span> <strong>120<\/strong> km Strecke<\/span>:<\/span><\/p>\n<ul>\n<li><strong><span style=\"color: #000000;\">Name\u00a0\u00a0\u00a0\u00a0\u00a0\u00a0\u00a0\u00a0\u00a0\u00a0 Platz absolut\u00a0\u00a0\u00a0\u00a0\u00a0\u00a0\u00a0\u00a0\u00a0\u00a0\u00a0\u00a0\u00a0\u00a0 Platz der AK\u00a0\u00a0\u00a0\u00a0\u00a0\u00a0\u00a0\u00a0\u00a0\u00a0\u00a0\u00a0 Durchschnittstempo<\/span><\/strong><\/li>\n<\/ul>\n<ul>\n<li><span style=\"color: #0000ff;\">Eckhard \u00a0\u00a0\u00a0\u00a0\u00a0\u00a0\u00a0\u00a0 436. \u00a0\u00a0\u00a0\u00a0\u00a0\u00a0\u00a0\u00a0\u00a0\u00a0\u00a0\u00a0\u00a0\u00a0\u00a0\u00a0\u00a0\u00a0\u00a0\u00a0\u00a0\u00a0\u00a0\u00a0\u00a0\u00a0 55.\u00a0 \u00a0\u00a0SEN 3\u00a0\u00a0\u00a0\u00a0\u00a0\u00a0\u00a0\u00a0\u00a0\u00a0\u00a0\u00a0\u00a0\u00a0\u00a0 bei 38,63 km\/h<\/span><\/li>\n<li><span style=\"color: #0000ff;\">Sascha\u00a0 \u00a0\u00a0\u00a0\u00a0\u00a0\u00a0\u00a0\u00a0 441. \u00a0\u00a0\u00a0\u00a0\u00a0\u00a0\u00a0\u00a0\u00a0\u00a0\u00a0\u00a0\u00a0\u00a0\u00a0\u00a0\u00a0\u00a0\u00a0\u00a0\u00a0\u00a0\u00a0\u00a0\u00a0\u00a0 146. \u00a0SEN 1\u00a0\u00a0\u00a0\u00a0\u00a0\u00a0\u00a0\u00a0\u00a0\u00a0\u00a0\u00a0\u00a0\u00a0\u00a0 bei 38,63 km\/h<\/span><\/li>\n<li><span style=\"color: #0000ff;\">Henry \u00a0\u00a0\u00a0\u00a0\u00a0\u00a0\u00a0\u00a0\u00a0\u00a0\u00a0 717.\u00a0\u00a0\u00a0\u00a0\u00a0\u00a0\u00a0\u00a0\u00a0\u00a0\u00a0\u00a0\u00a0\u00a0\u00a0\u00a0\u00a0\u00a0\u00a0\u00a0\u00a0\u00a0\u00a0\u00a0\u00a0\u00a0\u00a0 274.\u00a0 SEN 2\u00a0\u00a0\u00a0\u00a0\u00a0\u00a0\u00a0\u00a0\u00a0\u00a0\u00a0\u00a0\u00a0\u00a0\u00a0 bei 37,74 km\/h<\/span><\/li>\n<li><span style=\"color: #0000ff;\">Axel\u00a0\u00a0\u00a0\u00a0\u00a0\u00a0\u00a0\u00a0\u00a0\u00a0\u00a0\u00a0\u00a0\u00a0\u00a0 831.\u00a0\u00a0\u00a0\u00a0\u00a0\u00a0\u00a0\u00a0\u00a0\u00a0\u00a0\u00a0\u00a0\u00a0\u00a0\u00a0\u00a0\u00a0\u00a0\u00a0\u00a0\u00a0\u00a0\u00a0\u00a0\u00a0\u00a0 108.\u00a0 SEN 3\u00a0\u00a0\u00a0\u00a0\u00a0\u00a0\u00a0\u00a0\u00a0\u00a0\u00a0\u00a0\u00a0\u00a0\u00a0 bei 37,47 km\/h<\/span><\/li>\n<li><span style=\"color: #0000ff;\">Martin\u00a0\u00a0\u00a0\u00a0\u00a0\u00a0\u00a0\u00a0\u00a0\u00a0\u00a0\u00a0 2.059.\u00a0\u00a0\u00a0\u00a0\u00a0\u00a0\u00a0\u00a0\u00a0\u00a0\u00a0\u00a0\u00a0\u00a0\u00a0\u00a0\u00a0\u00a0\u00a0\u00a0\u00a0\u00a0\u00a0\u00a0 355.\u00a0 SEN 3\u00a0\u00a0\u00a0\u00a0\u00a0\u00a0\u00a0\u00a0\u00a0\u00a0\u00a0\u00a0\u00a0\u00a0\u00a0 bei 33,48 km\/h<\/span><\/li>\n<li><span style=\"color: #0000ff;\">Rene\u00a0\u00a0\u00a0\u00a0\u00a0\u00a0\u00a0\u00a0\u00a0\u00a0\u00a0\u00a0\u00a0\u00a0 2.355.\u00a0\u00a0\u00a0\u00a0\u00a0\u00a0\u00a0\u00a0\u00a0\u00a0\u00a0\u00a0\u00a0\u00a0\u00a0\u00a0\u00a0\u00a0\u00a0\u00a0\u00a0\u00a0\u00a0\u00a0 896.\u00a0 SEN 2\u00a0\u00a0\u00a0\u00a0\u00a0\u00a0\u00a0\u00a0\u00a0\u00a0\u00a0\u00a0\u00a0\u00a0\u00a0 bei 32,25 km\/h<\/span><\/li>\n<\/ul>\n<p><span style=\"color: #0000ff;\">\u00a0In der Teamwertung (<span style=\"color: #ff0000;\">118 Teams<\/span>) belegten wir einen guten <span style=\"color: #ff0000;\">23. Platz<\/span>.<\/span><\/p>\n<p><span style=\"color: #000000;\">Alle<strong> 6 Starter<\/strong> des <span style=\"color: #0000ff;\">TSV Blau Weiss 65<\/span>, trafen sich hinterher noch im VIP Bereich der Veranstaltung und konnten bei kostenlosem Essen und Trinken einen Teil des Profirennens hautnah miterleben. Der Regen hatte nat\u00fcrlich zu diesem Zeitpunkt vollst\u00e4ndig aufgeh\u00f6rt. <\/span><\/p>\n<p><span style=\"color: #0000ff;\">Im n\u00e4chsten Jahr wollen wir in jedem Fall wieder in Berlin beim Velothon starten. Dann allerdings hoffen wir auf besseres Wetter!!<\/span><\/p>\n<p>Autoren: E.Kurth\/H.Felix<\/p>\n<p><a href=\"https:\/\/radsport.blauweiss65-schwedt.de\/wp-content\/uploads\/2014\/07\/Garmin-Velothon-Ecki.jpeg\"><img loading=\"lazy\" decoding=\"async\" class=\"alignnone size-medium wp-image-1275\" alt=\"Garmin Velothon Ecki\" src=\"https:\/\/radsport.blauweiss65-schwedt.de\/wp-content\/uploads\/2014\/07\/Garmin-Velothon-Ecki-300x199.jpeg\" width=\"300\" height=\"210\" \/><\/a><a href=\"https:\/\/radsport.blauweiss65-schwedt.de\/wp-content\/uploads\/2014\/07\/scan2014.jpg\"><img loading=\"lazy\" decoding=\"async\" class=\"alignnone size-medium wp-image-1276\" alt=\"scan2014\" src=\"https:\/\/radsport.blauweiss65-schwedt.de\/wp-content\/uploads\/2014\/07\/scan2014-300x211.jpg\" width=\"300\" height=\"211\" srcset=\"https:\/\/radsport.blauweiss65-schwedt.de\/wp-content\/uploads\/2014\/07\/scan2014-300x211.jpg 300w, https:\/\/radsport.blauweiss65-schwedt.de\/wp-content\/uploads\/2014\/07\/scan2014-1024x721.jpg 1024w, https:\/\/radsport.blauweiss65-schwedt.de\/wp-content\/uploads\/2014\/07\/scan2014.jpg 1687w\" sizes=\"auto, (max-width: 300px) 100vw, 300px\" \/><\/a><\/p>\n<p>&nbsp;<\/p>\n<p>&nbsp;<\/p>\n","protected":false},"excerpt":{"rendered":"<p>Bericht Nachdem in 2013 bereits 3 unserer Mitglieder beim VELOTHON in Berlin gestartet sind, versuchten sich in 2014 bereits 6 Mitglieder beim gr\u00f6\u00dften Jedermann-Radrennen unserer Region. Der Termin lag zwar in diesem Jahr \u00a0bereits 4 Wochen fr\u00fcher als in 2013, &hellip; <a href=\"https:\/\/radsport.blauweiss65-schwedt.de\/?page_id=1265\">Weiterlesen <span class=\"meta-nav\">&rarr;<\/span><\/a><\/p>\n","protected":false},"author":3,"featured_media":0,"parent":898,"menu_order":5,"comment_status":"open","ping_status":"open","template":"","meta":{"footnotes":""},"class_list":["post-1265","page","type-page","status-publish","hentry"],"_links":{"self":[{"href":"https:\/\/radsport.blauweiss65-schwedt.de\/index.php?rest_route=\/wp\/v2\/pages\/1265","targetHints":{"allow":["GET"]}}],"collection":[{"href":"https:\/\/radsport.blauweiss65-schwedt.de\/index.php?rest_route=\/wp\/v2\/pages"}],"about":[{"href":"https:\/\/radsport.blauweiss65-schwedt.de\/index.php?rest_route=\/wp\/v2\/types\/page"}],"author":[{"embeddable":true,"href":"https:\/\/radsport.blauweiss65-schwedt.de\/index.php?rest_route=\/wp\/v2\/users\/3"}],"replies":[{"embeddable":true,"href":"https:\/\/radsport.blauweiss65-schwedt.de\/index.php?rest_route=%2Fwp%2Fv2%2Fcomments&post=1265"}],"version-history":[{"count":0,"href":"https:\/\/radsport.blauweiss65-schwedt.de\/index.php?rest_route=\/wp\/v2\/pages\/1265\/revisions"}],"up":[{"embeddable":true,"href":"https:\/\/radsport.blauweiss65-schwedt.de\/index.php?rest_route=\/wp\/v2\/pages\/898"}],"wp:attachment":[{"href":"https:\/\/radsport.blauweiss65-schwedt.de\/index.php?rest_route=%2Fwp%2Fv2%2Fmedia&parent=1265"}],"curies":[{"name":"wp","href":"https:\/\/api.w.org\/{rel}","templated":true}]}}