{"id":1497,"date":"2014-03-29T10:39:05","date_gmt":"2014-03-29T10:39:05","guid":{"rendered":"http:\/\/radsport.blauweiss65-schwedt.de\/?page_id=1497"},"modified":"2014-10-29T11:25:28","modified_gmt":"2014-10-29T11:25:28","slug":"radmarathon-in-ortrand-23-03-2014","status":"publish","type":"page","link":"https:\/\/radsport.blauweiss65-schwedt.de\/?page_id=1497","title":{"rendered":"RADMARATHON &#8211; Ortrand (23.03.2014)"},"content":{"rendered":"<p><span style=\"color: #000000;\">HALLO SPORTFREUNDE!<\/span><\/p>\n<p><span style=\"color: #000000;\">Am <span style=\"color: #ff0000;\">23. M\u00e4rz 2014 <\/span>fand in <span style=\"color: #0000ff;\">Ortrand<\/span> (<span style=\"color: #0000ff;\">bei Dresden<\/span>) ein erster RADMARATHON statt.<\/span><br \/>\n<span style=\"color: #000000;\"> Der<\/span> <span style=\"color: #0000ff;\"><strong>5. Schneegl\u00f6ckchenlauf<\/strong> <\/span><span style=\"color: #000000;\">konnte in diesem Jahr\u00a0wieder bei sch\u00f6nem Wetter durchgef\u00fchrt werden. Nicht so wie\u00a0im Vorjahr\u00a0halb im Schnee!<\/span><br \/>\n<span style=\"color: #000000;\">Unser neues Mitglied <strong>Monika Baum\u00fcller<\/strong> und ich (<strong>Wolfgang Baum\u00fcller<\/strong>) vertraten die Farben von <span style=\"color: #0000ff;\">Blau-Weiss<\/span> vor Ort. Zum Saisonanfang standen allerdings nur die <span style=\"color: #ff0000;\">70 km<\/span> auf unserem Programm. Monika fuhr einen guten <span style=\"color: #ff0000;\">27-iger Schnitt<\/span>. Ich selbst bin anfangs in eine zu schnelle Gruppe geraten und musste mich dann, nach gefahrenen 25 Kilometern, neu orientieren. Knapp \u00fcber <span style=\"color: #ff0000;\">30 km\/h<\/span> ist aber f\u00fcr den M\u00e4rz ein recht gutes Ergebnis. Zufrieden waren wir beide damit allemal.<\/span><\/p>\n<p><span style=\"color: #000000;\">Im kommenden Jahr hoffen wir aber auf Unterst\u00fctzung durch weitere Vereinskameraden!<\/span><\/p>\n<p><a href=\"https:\/\/radsport.blauweiss65-schwedt.de\/wp-content\/uploads\/2013\/11\/Foto-2-Kopie2.jpg\"><img loading=\"lazy\" decoding=\"async\" alt=\"Wolfgang Baum\u00fcller\" src=\"https:\/\/radsport.blauweiss65-schwedt.de\/wp-content\/uploads\/2013\/11\/Foto-2-Kopie2.jpg\" width=\"191\" height=\"228\" \/><\/a><\/p>\n<p><span style=\"color: #000000;\">Sch\u00f6ne Gr\u00fc\u00dfe! Euer EDDY\u00a0\u00a0\u00a0\u00a0\u00a0\u00a0\u00a0<\/span>\u00a0\u00a0\u00a0\u00a0\u00a0\u00a0\u00a0\u00a0\u00a0\u00a0\u00a0\u00a0\u00a0\u00a0\u00a0\u00a0\u00a0\u00a0\u00a0\u00a0\u00a0\u00a0\u00a0\u00a0\u00a0\u00a0\u00a0\u00a0\u00a0\u00a0\u00a0\u00a0\u00a0\u00a0\u00a0\u00a0\u00a0\u00a0\u00a0\u00a0\u00a0\u00a0\u00a0\u00a0\u00a0\u00a0\u00a0\u00a0\u00a0\u00a0\u00a0\u00a0\u00a0\u00a0\u00a0\u00a0\u00a0\u00a0\u00a0\u00a0\u00a0\u00a0 Autor: Baum\u00fcller\/Felix<\/p>\n","protected":false},"excerpt":{"rendered":"<p>HALLO SPORTFREUNDE! Am 23. M\u00e4rz 2014 fand in Ortrand (bei Dresden) ein erster RADMARATHON statt. Der 5. Schneegl\u00f6ckchenlauf konnte in diesem Jahr\u00a0wieder bei sch\u00f6nem Wetter durchgef\u00fchrt werden. Nicht so wie\u00a0im Vorjahr\u00a0halb im Schnee! Unser neues Mitglied Monika Baum\u00fcller und ich &hellip; <a href=\"https:\/\/radsport.blauweiss65-schwedt.de\/?page_id=1497\">Weiterlesen <span class=\"meta-nav\">&rarr;<\/span><\/a><\/p>\n","protected":false},"author":3,"featured_media":0,"parent":898,"menu_order":3,"comment_status":"open","ping_status":"open","template":"","meta":{"footnotes":""},"class_list":["post-1497","page","type-page","status-publish","hentry"],"_links":{"self":[{"href":"https:\/\/radsport.blauweiss65-schwedt.de\/index.php?rest_route=\/wp\/v2\/pages\/1497","targetHints":{"allow":["GET"]}}],"collection":[{"href":"https:\/\/radsport.blauweiss65-schwedt.de\/index.php?rest_route=\/wp\/v2\/pages"}],"about":[{"href":"https:\/\/radsport.blauweiss65-schwedt.de\/index.php?rest_route=\/wp\/v2\/types\/page"}],"author":[{"embeddable":true,"href":"https:\/\/radsport.blauweiss65-schwedt.de\/index.php?rest_route=\/wp\/v2\/users\/3"}],"replies":[{"embeddable":true,"href":"https:\/\/radsport.blauweiss65-schwedt.de\/index.php?rest_route=%2Fwp%2Fv2%2Fcomments&post=1497"}],"version-history":[{"count":0,"href":"https:\/\/radsport.blauweiss65-schwedt.de\/index.php?rest_route=\/wp\/v2\/pages\/1497\/revisions"}],"up":[{"embeddable":true,"href":"https:\/\/radsport.blauweiss65-schwedt.de\/index.php?rest_route=\/wp\/v2\/pages\/898"}],"wp:attachment":[{"href":"https:\/\/radsport.blauweiss65-schwedt.de\/index.php?rest_route=%2Fwp%2Fv2%2Fmedia&parent=1497"}],"curies":[{"name":"wp","href":"https:\/\/api.w.org\/{rel}","templated":true}]}}