{"id":1503,"date":"2014-04-29T11:06:35","date_gmt":"2014-04-29T11:06:35","guid":{"rendered":"http:\/\/radsport.blauweiss65-schwedt.de\/?page_id=1503"},"modified":"2014-10-29T11:06:53","modified_gmt":"2014-10-29T11:06:53","slug":"saisoneroeffnungsfahrt-13-04-2014","status":"publish","type":"page","link":"https:\/\/radsport.blauweiss65-schwedt.de\/?page_id=1503","title":{"rendered":"SAISONER\u00d6FFNUNGSFAHRT (13.04.2014)"},"content":{"rendered":"<p><strong><span style=\"color: #0000ff;\">Hallo Mitglieder, Radsportfans und Interessenten!<\/span><\/strong><\/p>\n<p><span style=\"color: #000000;\">Am<span style=\"color: #ff0000;\">\u00a013.04.2014<\/span>, Sonntagfr\u00fch gegen <span style=\"color: #0000ff;\">10:00 Uhr<\/span> hat unsere <span style=\"color: #0000ff;\">SAISONER\u00d6FFNUNGSFAHRT<\/span> stattgefunden!\u00a0 Eine gutgelaunte Truppe von <strong>19 Fahrern<\/strong> hatte sich am Vereinssitz unserer Radsportabteilung eingefunden.<\/span><\/p>\n<p style=\"padding-left: 120px;\"><a href=\"https:\/\/radsport.blauweiss65-schwedt.de\/wp-content\/uploads\/2014\/03\/Foto-11.jpg\"><img loading=\"lazy\" decoding=\"async\" title=\"Starterfeld ( 4 nicht im Bild)\" alt=\"\" src=\"https:\/\/radsport.blauweiss65-schwedt.de\/wp-content\/uploads\/2014\/03\/Foto-11-300x131.jpg\" width=\"300\" height=\"131\" \/><\/a><\/p>\n<p><span style=\"color: #000000;\">Wir hatten relativ gutes Wetter! Es war windig aber trocken. Nach kurzer freundschaftlicher Begr\u00fc\u00dfung gingen wir mit gro\u00dfer Vorfreude auf die geplante Strecke von <span style=\"color: #ff0000;\">109 km<\/span>. Ein weiterer Sportfreund hat sich noch unterwegs unserer Gruppe angeschlossen. Nunmehr <\/span><span style=\"color: #000000;\"><strong>20 Fahrer<\/strong><\/span><span style=\"color: #000000;\"> stark, konnten wir recht gut dem Gegenwind auf der ersten H\u00e4lfte der Strecke trotzen!<\/span><\/p>\n<p><span style=\"color: #000000;\">Die von uns abgefahrene Strecke, ist\u00a0die &#8222;kleine&#8220; Runde\u00a0der &#8222;Uckermarkrundfahrt&#8220; und wurde deshalb\u00a0zur Streckenkunde f\u00fcr unsere Saisoner\u00f6ffnungsfahrt ausgew\u00e4hlt. Zwei Abbiege-m\u00f6glichkeiten zur Verk\u00fcrzung waren vorhanden und wurden von\u00a0<\/span><strong><span style=\"color: #000000;\">6<\/span><span style=\"color: #000000;\"> Teilnehmern <\/span><\/strong><span style=\"color: #000000;\">genutzt!<\/span><\/p>\n<p style=\"padding-left: 120px;\"><a href=\"https:\/\/radsport.blauweiss65-schwedt.de\/wp-content\/uploads\/2013\/11\/13.4.2014JPG.jpg\"><img loading=\"lazy\" decoding=\"async\" alt=\"13.4.2014JPG\" src=\"https:\/\/radsport.blauweiss65-schwedt.de\/wp-content\/uploads\/2013\/11\/13.4.2014JPG-300x204.jpg\" width=\"300\" height=\"204\" \/><\/a><\/p>\n<p><span style=\"color: #000000;\">Die anderen <strong>14 Teilnehmer<\/strong> erreichten gegen ca. <span style=\"color: #0000ff;\">14:00 Uhr<\/span> wieder den Startpunkt. Ein entspannter Durchschnitt von etwa <span style=\"color: #ff0000;\">28 km\/h<\/span> wurde gefahren. Das Fazit war insgesamt recht positiv. Allerdings wurde hier und da auch angemerkt, das eine gem\u00fctliche Einkehr auf halber Strecke dieser Fahrt gut zu Gesicht gestanden h\u00e4tte. Dies wollen wir gern als Anregung f\u00fcr weitere Veranstaltungen dieser Art mitnehmen.<\/span><\/p>\n<p>&nbsp;<\/p>\n<p style=\"padding-left: 330px;\"><a href=\"https:\/\/radsport.blauweiss65-schwedt.de\/wp-content\/uploads\/2013\/11\/2013-06-22-0.jpg\"><img loading=\"lazy\" decoding=\"async\" alt=\"2013-06-22-0\" src=\"https:\/\/radsport.blauweiss65-schwedt.de\/wp-content\/uploads\/2013\/11\/2013-06-22-0.jpg\" width=\"107\" height=\"133\" \/><\/a> Henry Felix (Homepage)<\/p>\n","protected":false},"excerpt":{"rendered":"<p>Hallo Mitglieder, Radsportfans und Interessenten! Am\u00a013.04.2014, Sonntagfr\u00fch gegen 10:00 Uhr hat unsere SAISONER\u00d6FFNUNGSFAHRT stattgefunden!\u00a0 Eine gutgelaunte Truppe von 19 Fahrern hatte sich am Vereinssitz unserer Radsportabteilung eingefunden. Wir hatten relativ gutes Wetter! Es war windig aber trocken. Nach kurzer freundschaftlicher &hellip; <a href=\"https:\/\/radsport.blauweiss65-schwedt.de\/?page_id=1503\">Weiterlesen <span class=\"meta-nav\">&rarr;<\/span><\/a><\/p>\n","protected":false},"author":3,"featured_media":0,"parent":898,"menu_order":4,"comment_status":"open","ping_status":"open","template":"","meta":{"footnotes":""},"class_list":["post-1503","page","type-page","status-publish","hentry"],"_links":{"self":[{"href":"https:\/\/radsport.blauweiss65-schwedt.de\/index.php?rest_route=\/wp\/v2\/pages\/1503","targetHints":{"allow":["GET"]}}],"collection":[{"href":"https:\/\/radsport.blauweiss65-schwedt.de\/index.php?rest_route=\/wp\/v2\/pages"}],"about":[{"href":"https:\/\/radsport.blauweiss65-schwedt.de\/index.php?rest_route=\/wp\/v2\/types\/page"}],"author":[{"embeddable":true,"href":"https:\/\/radsport.blauweiss65-schwedt.de\/index.php?rest_route=\/wp\/v2\/users\/3"}],"replies":[{"embeddable":true,"href":"https:\/\/radsport.blauweiss65-schwedt.de\/index.php?rest_route=%2Fwp%2Fv2%2Fcomments&post=1503"}],"version-history":[{"count":0,"href":"https:\/\/radsport.blauweiss65-schwedt.de\/index.php?rest_route=\/wp\/v2\/pages\/1503\/revisions"}],"up":[{"embeddable":true,"href":"https:\/\/radsport.blauweiss65-schwedt.de\/index.php?rest_route=\/wp\/v2\/pages\/898"}],"wp:attachment":[{"href":"https:\/\/radsport.blauweiss65-schwedt.de\/index.php?rest_route=%2Fwp%2Fv2%2Fmedia&parent=1503"}],"curies":[{"name":"wp","href":"https:\/\/api.w.org\/{rel}","templated":true}]}}