{"id":1520,"date":"2014-08-10T11:44:40","date_gmt":"2014-08-10T11:44:40","guid":{"rendered":"http:\/\/radsport.blauweiss65-schwedt.de\/?page_id=1520"},"modified":"2014-10-29T13:59:34","modified_gmt":"2014-10-29T13:59:34","slug":"1-ostbrndenburg-tour-02-03-08-2014","status":"publish","type":"page","link":"https:\/\/radsport.blauweiss65-schwedt.de\/?page_id=1520","title":{"rendered":"1. OSTBRANDENBURG TOUR (02.+ 03.08.2014)"},"content":{"rendered":"<p><span style=\"color: #000000;\">HALLO RADSPORTFREUNDE! Die\u00a0 <span style=\"color: #0000ff;\"><strong>1. Ostbrandenburg-Tour<\/strong> <\/span>hat stattgefunden!<\/span><\/p>\n<p><span style=\"color: #000000;\">Der (Spenden-)\u00a0<span style=\"color: #0000ff;\">ULTRARADMARATHON<\/span> zugunsten der Lebenhilfe e.V. Angerm\u00fcnde hat wie geplant stattgefunden! Ein hartes St\u00fcck &#8222;Arbeit&#8220;, denn wegen einiger Baustellen und Umleitungen waren es dann insgesamt <span style=\"color: #ff0000;\">429 Kilometer<\/span> Strecke die gefahren wurde! Die Gesamtzeit betrug ca. <span style=\"color: #0000ff;\">18,5 Stunden<\/span>, davon reine <span style=\"color: #0000ff;\">Fahrzeit<\/span> <span style=\"color: #0000ff;\">15 h 20`<span style=\"color: #000000;\">!<\/span><\/span><\/span><\/p>\n<p style=\"padding-left: 180px;\"><a href=\"https:\/\/radsport.blauweiss65-schwedt.de\/wp-content\/uploads\/2014\/07\/Karte+Text+Foto.jpg\"><img loading=\"lazy\" decoding=\"async\" alt=\"Karte+Text+Foto\" src=\"https:\/\/radsport.blauweiss65-schwedt.de\/wp-content\/uploads\/2014\/07\/Karte+Text+Foto-207x300.jpg\" width=\"207\" height=\"300\" \/><\/a><\/p>\n<p><span style=\"color: #000000;\">Start war am <span style=\"color: #ff0000;\">02.08.2014 <\/span>in<\/span> <span style=\"color: #000000;\"><span style=\"color: #0000ff;\"><strong>Greifenberg<\/strong><\/span> um <span style=\"color: #0000ff;\">21:00 Uhr<\/span>! Am Haus der \u00f6rtlichen Feuerwehr wurde gegrillt und befreundete Radfahrer aus <span style=\"color: #0000ff;\">Angerm\u00fcnde<\/span> waren zur Verabschiedung der \u00a0<span style=\"color: #ff0000;\"><strong>7 <\/strong><strong>Teilnehmer<\/strong> <\/span>da! Eine Redakteurin der MOZ, der Greifenberger Ortsb\u00fcrgermeister und Vertreter des Hauses der Lebenshilfe verabschiedeten uns mit Musik und besten W\u00fcnschen! Wir fuhren ca.\u00a0<span style=\"color: #ff0000;\">200 km<\/span> in einer\u00a0milden Nacht (<span style=\"color: #0000ff;\">20\u00b0 C<\/span>), ein kurzes Gewitter, Regen und Sturz inklusive. \u00dcber den Tag wurden die restlichen<span style=\"color: #ff0000;\"> 229 km<\/span> bei sonnigen, trockenen Verh\u00e4ltnissen und bei bis auf <span style=\"color: #0000ff;\">30\u00b0 C<\/span> ansteigender Temperatur geradelt!<\/span><\/p>\n<p><span style=\"color: #000000;\">Einen tollen Empfang bereiteten uns die Mitarbeiter vom Haus der Lebenshilfe in <span style=\"color: #0000ff;\"><strong>Angerm\u00fcnde<\/strong> <\/span>bei der Ankunft am <span style=\"color: #ff0000;\">03.08.2014 <\/span>gegen <span style=\"color: #0000ff;\">15:30 Uhr<\/span>! F\u00fcr uns ersch\u00f6pfte aber gl\u00fcckliche Radfahrer gab es k\u00fchle Getr\u00e4nke und Fleisch vom Grill, frischen Salat und leckeren Kuchen.<\/span><\/p>\n<p><span style=\"color: #ff0000;\">An Spenden f\u00fcr die Lebenshilfe e.V. Angerm\u00fcnde sind zu unserer Freude auch ca. <strong>700 EUR<\/strong> zusammengekommen!<\/span><\/p>\n<p><span style=\"color: #ff0000;\">EIN SCH\u00d6NER ERFOLG!! DANKE DEN SPENDERN!<\/span><\/p>\n<p><span style=\"color: #000000;\"><span style=\"color: #0000ff;\">Initiatoren und Organisatoren dieses Radmarathons waren<\/span>\u00a0<strong>Wolfgang und Monika Baum\u00fcller! <\/strong><\/span><\/p>\n<p><span style=\"color: #000000;\"><strong>Uwe Wetzig<\/strong> f<span style=\"color: #0000ff;\">uhr die gesamte Strecke (im Privatauto der Baum\u00fcllers) das Reservematerial und die Verpflegung geduldig hinterher! Bei einer gefahrenen Durchchnittsgeschwindigkeit von ca.<\/span> <span style=\"color: #ff0000;\">28 km\/h<\/span> <span style=\"color: #0000ff;\">ebenfalls eine harte Aufgabe!<\/span> <strong>Werner Ehrlich<\/strong> <span style=\"color: #0000ff;\">verst\u00e4rkte unsere Gruppe auf einem Teilst\u00fcck der Strecke noch auf\u00a0<\/span> <strong>8<\/strong><em><\/em> <span style=\"color: #0000ff;\">Mann! HERZLICHEN DANK ALLEN MITWIRKENDEN!<\/span> <strong><\/strong><\/span><\/p>\n<p><span style=\"color: #000000;\"><span style=\"color: #0000ff;\">mitgefahren sind:<\/span> <strong>Wolfgang Baum\u00fcller, Dietmar Werth, Axel Dittmer, Martin Schr\u00f6der, Rene Polte, Sascha Gombert und Henry Felix<\/strong><strong><br \/>\n<\/strong><\/span><\/p>\n<p><span style=\"color: #000000;\"><span style=\"color: #0000ff;\">die Bilder zur Tour findet Ihr in unserer<\/span> <strong>Galerie<\/strong><\/span>\u00a0\u00a0\u00a0\u00a0\u00a0\u00a0\u00a0\u00a0\u00a0\u00a0\u00a0\u00a0\u00a0\u00a0\u00a0\u00a0 \u00a0 \u00a0 \u00a0 \u00a0 \u00a0\u00a0 \u00a0 \u00a0\u00a0 \u00a0\u00a0\u00a0\u00a0\u00a0\u00a0 Autor: H. Felix<\/p>\n","protected":false},"excerpt":{"rendered":"<p>HALLO RADSPORTFREUNDE! Die\u00a0 1. Ostbrandenburg-Tour hat stattgefunden! Der (Spenden-)\u00a0ULTRARADMARATHON zugunsten der Lebenhilfe e.V. Angerm\u00fcnde hat wie geplant stattgefunden! Ein hartes St\u00fcck &#8222;Arbeit&#8220;, denn wegen einiger Baustellen und Umleitungen waren es dann insgesamt 429 Kilometer Strecke die gefahren wurde! Die Gesamtzeit &hellip; <a href=\"https:\/\/radsport.blauweiss65-schwedt.de\/?page_id=1520\">Weiterlesen <span class=\"meta-nav\">&rarr;<\/span><\/a><\/p>\n","protected":false},"author":3,"featured_media":0,"parent":898,"menu_order":9,"comment_status":"open","ping_status":"open","template":"","meta":{"footnotes":""},"class_list":["post-1520","page","type-page","status-publish","hentry"],"_links":{"self":[{"href":"https:\/\/radsport.blauweiss65-schwedt.de\/index.php?rest_route=\/wp\/v2\/pages\/1520","targetHints":{"allow":["GET"]}}],"collection":[{"href":"https:\/\/radsport.blauweiss65-schwedt.de\/index.php?rest_route=\/wp\/v2\/pages"}],"about":[{"href":"https:\/\/radsport.blauweiss65-schwedt.de\/index.php?rest_route=\/wp\/v2\/types\/page"}],"author":[{"embeddable":true,"href":"https:\/\/radsport.blauweiss65-schwedt.de\/index.php?rest_route=\/wp\/v2\/users\/3"}],"replies":[{"embeddable":true,"href":"https:\/\/radsport.blauweiss65-schwedt.de\/index.php?rest_route=%2Fwp%2Fv2%2Fcomments&post=1520"}],"version-history":[{"count":0,"href":"https:\/\/radsport.blauweiss65-schwedt.de\/index.php?rest_route=\/wp\/v2\/pages\/1520\/revisions"}],"up":[{"embeddable":true,"href":"https:\/\/radsport.blauweiss65-schwedt.de\/index.php?rest_route=\/wp\/v2\/pages\/898"}],"wp:attachment":[{"href":"https:\/\/radsport.blauweiss65-schwedt.de\/index.php?rest_route=%2Fwp%2Fv2%2Fmedia&parent=1520"}],"curies":[{"name":"wp","href":"https:\/\/api.w.org\/{rel}","templated":true}]}}