{"id":1742,"date":"2015-04-13T18:01:33","date_gmt":"2015-04-13T18:01:33","guid":{"rendered":"http:\/\/radsport.blauweiss65-schwedt.de\/?page_id=1742"},"modified":"2016-03-04T08:51:12","modified_gmt":"2016-03-04T08:51:12","slug":"saisoneroeffnungsfahrt-12-04-2015","status":"publish","type":"page","link":"https:\/\/radsport.blauweiss65-schwedt.de\/?page_id=1742","title":{"rendered":"SAISONER\u00d6FFNUNGSFAHRT (12.04.2015)"},"content":{"rendered":"<p><span style=\"color: #0000ff;\"><strong>Hallo Mitglieder, Radsportfans und Interessenten!<\/strong><\/span><\/p>\n<p><span style=\"color: #000000;\">Am\u00a0<strong>12.04.2015<\/strong>, Sonntagfr\u00fch gegen <span style=\"color: #0000ff;\">10:00 Uhr<span style=\"color: #000000;\">,<\/span><\/span> hat unsere<\/span> <span style=\"color: #0000ff;\">SAISONER\u00d6FFNUNGSFAHRT<\/span><span style=\"color: #000000;\"> stattgefunden!\u00a0 Eine Gruppe von <strong>17 Radfahrern<\/strong> hatte sich am Vereinssitz unserer Radsportabteilung in <span style=\"color: #0000ff;\">Schwedt<\/span> eingefunden. Ein gemeinsames Starterbild wurde gemacht. (MOZ 15.04.2015)<br \/>\n<\/span><\/p>\n<p style=\"padding-left: 120px;\"><strong><a href=\"https:\/\/radsport.blauweiss65-schwedt.de\/wp-content\/uploads\/2015\/04\/IMG-20150412-WA0007.jpg\"><img loading=\"lazy\" decoding=\"async\" alt=\"IMG-20150412-WA0007\" src=\"https:\/\/radsport.blauweiss65-schwedt.de\/wp-content\/uploads\/2015\/04\/IMG-20150412-WA0007-300x225.jpg\" width=\"300\" height=\"225\" \/><\/a><\/strong><\/p>\n<p><span style=\"color: #000000;\">Um diese Zeit hatten\u00a0wir noch k\u00fchle Temperaturen (7\u00b0-10\u00b0)! Es war wie im letzten Jahr sehr\u00a0windig,\u00a0aber sonnig und trocken. Nach kurzer\u00a0Absprache zur Strecke und zum geplanten Tempo\u00a0gingen wir mit gro\u00dfer Vorfreude auf\u00a0eine Runde\u00a0von\u00a0ca. <span style=\"color: #ff0000;\">95 km<\/span>.\u00a0Durch ausgeglichene F\u00fchrungsarbeit fast aller Teilnehmer,\u00a0konnten wir\u00a0den b\u00f6igen Gegenwind auf der ersten H\u00e4lfte der Strecke recht gut verkraften!<\/span><\/p>\n<p><span style=\"color: #000000;\">Die abgefahrene Strecke, soll\u00a0die &#8222;kleine&#8220; Runde\u00a0bei der &#8222;Uckermark-Rundfahrt&#8220;\u00a0werden und wurde\u00a0deshalb\u00a0als Streckenkunde f\u00fcr\u00a0die Saisoner\u00f6ffnungsfahrt ausgew\u00e4hlt.\u00a0Eine gem\u00fctliche Pause, auf ca. der H\u00e4lfte der Strecke, wurde in einer Gastst\u00e4tte in <span style=\"color: #0000ff;\">Warnitz<\/span> durchgef\u00fchrt. Die Teilnehmer g\u00f6nnten sich je nach Laune ein alkoholfreies Bier oder einen Pott hei\u00dfen Kaffee. Die Kosten\u00a0wurden aus der Abteilungskasse \u00fcbernommen.<\/span><\/p>\n<p><strong><span style=\"color: #000000;\">3 Teilnehmer<\/span><\/strong><span style=\"color: #000000;\">\u00a0fuhren\u00a0nicht ganz bis zum Ziel nach <span style=\"color: #0000ff;\">Schwedt <span style=\"color: #000000;\">in<\/span><\/span>\u00a0der Gruppe zur\u00fcck.\u00a0Sie hatten Ihre Zielorte an oder in der N\u00e4he der Strecke.\u00a0Sie hatten schon vor dem gemeinsamen Start etliche Radkilometer bei ihrer Anreise nach Schwedt absolviert.\u00a0<\/span><\/p>\n<p style=\"padding-left: 120px;\"><a href=\"https:\/\/radsport.blauweiss65-schwedt.de\/wp-content\/uploads\/2015\/04\/IMG-20150412-WA0005.jpg\"><strong><img loading=\"lazy\" decoding=\"async\" alt=\"IMG-20150412-WA0005\" src=\"https:\/\/radsport.blauweiss65-schwedt.de\/wp-content\/uploads\/2015\/04\/IMG-20150412-WA0005-169x300.jpg\" width=\"169\" height=\"300\" \/><\/strong><\/a><strong>\u00a0<\/strong><a href=\"https:\/\/radsport.blauweiss65-schwedt.de\/wp-content\/uploads\/2015\/04\/IMG-20150412-WA0003.jpg\"><strong><img loading=\"lazy\" decoding=\"async\" alt=\"IMG-20150412-WA0003\" src=\"https:\/\/radsport.blauweiss65-schwedt.de\/wp-content\/uploads\/2015\/04\/IMG-20150412-WA0003-169x300.jpg\" width=\"169\" height=\"300\" \/><\/strong><\/a><strong>\u00a0<\/strong><\/p>\n<p><span style=\"color: #000000;\">Die anderen <strong>14 Teilnehmer<\/strong> erreichten gegen ca. <span style=\"color: #0000ff;\">14:00 Uhr<\/span> wieder den Startpunkt. Ein Durchschnitt von\u00a0etwa<span style=\"color: #ff0000;\"> 28 km\/h<\/span> wurde gefahren.\u00a0Eine kurze Verabschiedung ergab ein\u00a0 positives\u00a0Fazit.\u00a0Alle hatten Spa\u00df\u00a0gehabt und freuten sich nun auf die\u00a0bevorstehende Saison. Manche\u00a0verabredeten sich bereits zum n\u00e4chsten Mittwochstraining. <\/span><\/p>\n<p><span style=\"color: #000000;\">Am Nachmittag konnten dann die meisten von uns,\u00a0zu Haus bei Kaffee\u00a0+ Kuchen und\u00a0ganz in Familie,\u00a0entspannt den hervorragenden Sieg von <strong>John Degenkolb<\/strong> beim\u00a0<strong>Tagesklassiker PARIS-ROUBAIX<\/strong> miterleben. <span style=\"color: #0000ff;\">Ein perfekter Tag!<\/span><\/span><\/p>\n","protected":false},"excerpt":{"rendered":"<p>Hallo Mitglieder, Radsportfans und Interessenten! Am\u00a012.04.2015, Sonntagfr\u00fch gegen 10:00 Uhr, hat unsere SAISONER\u00d6FFNUNGSFAHRT stattgefunden!\u00a0 Eine Gruppe von 17 Radfahrern hatte sich am Vereinssitz unserer Radsportabteilung in Schwedt eingefunden. Ein gemeinsames Starterbild wurde gemacht. (MOZ 15.04.2015) Um diese Zeit hatten\u00a0wir noch &hellip; <a href=\"https:\/\/radsport.blauweiss65-schwedt.de\/?page_id=1742\">Weiterlesen <span class=\"meta-nav\">&rarr;<\/span><\/a><\/p>\n","protected":false},"author":3,"featured_media":0,"parent":1740,"menu_order":1,"comment_status":"open","ping_status":"open","template":"","meta":{"footnotes":""},"class_list":["post-1742","page","type-page","status-publish","hentry"],"_links":{"self":[{"href":"https:\/\/radsport.blauweiss65-schwedt.de\/index.php?rest_route=\/wp\/v2\/pages\/1742","targetHints":{"allow":["GET"]}}],"collection":[{"href":"https:\/\/radsport.blauweiss65-schwedt.de\/index.php?rest_route=\/wp\/v2\/pages"}],"about":[{"href":"https:\/\/radsport.blauweiss65-schwedt.de\/index.php?rest_route=\/wp\/v2\/types\/page"}],"author":[{"embeddable":true,"href":"https:\/\/radsport.blauweiss65-schwedt.de\/index.php?rest_route=\/wp\/v2\/users\/3"}],"replies":[{"embeddable":true,"href":"https:\/\/radsport.blauweiss65-schwedt.de\/index.php?rest_route=%2Fwp%2Fv2%2Fcomments&post=1742"}],"version-history":[{"count":0,"href":"https:\/\/radsport.blauweiss65-schwedt.de\/index.php?rest_route=\/wp\/v2\/pages\/1742\/revisions"}],"up":[{"embeddable":true,"href":"https:\/\/radsport.blauweiss65-schwedt.de\/index.php?rest_route=\/wp\/v2\/pages\/1740"}],"wp:attachment":[{"href":"https:\/\/radsport.blauweiss65-schwedt.de\/index.php?rest_route=%2Fwp%2Fv2%2Fmedia&parent=1742"}],"curies":[{"name":"wp","href":"https:\/\/api.w.org\/{rel}","templated":true}]}}