{"id":1819,"date":"2015-05-11T13:43:25","date_gmt":"2015-05-11T13:43:25","guid":{"rendered":"http:\/\/radsport.blauweiss65-schwedt.de\/?page_id=1819"},"modified":"2015-06-18T08:19:43","modified_gmt":"2015-06-18T08:19:43","slug":"sponsorenfahrt-vom-10-05-2015","status":"publish","type":"page","link":"https:\/\/radsport.blauweiss65-schwedt.de\/?page_id=1819","title":{"rendered":"SPONSORENFAHRT (10.05.2015)"},"content":{"rendered":"<p>&nbsp;<\/p>\n<p><span style=\"color: #000000;\">Hallo Freunde des Radsports!<br \/>\n<\/span><\/p>\n<p><span style=\"color: #000000;\">Am <strong>1<\/strong><strong>0.05.2015<\/strong> fand die <span style=\"color: #0000ff;\">SPONSORENFAHRT<\/span> f\u00fcr den\u00a0 <strong>10. Family Day<\/strong> statt. Diese Fahrt wurde durchgef\u00fchrt, um zus\u00e4tzliche Finanzmittel zu beschaffen.<\/span><\/p>\n<p><span style=\"color: #000000;\">Ein Sponsor (<span style=\"color: #ff0000;\">Firma Str\u00f6er<\/span>) hatte sich bereit erkl\u00e4rt die beachtliche Summe von<span style=\"color: #ff0000;\"><strong> 2.000 EUR<\/strong><\/span> zu spenden, wenn daf\u00fcr eine<span style=\"color: #0000ff;\"> au\u00dferordentliche sportliche Leistung<\/span> erbracht wird.<\/span><\/p>\n<p><span style=\"color: #000000;\">Diese sportliche Leistung wurde mit der Durchf\u00fchrung einer Radtour erbracht! Insgesamt mussten von allen Teilnehmern mindestens <span style=\"color: #ff0000;\">2.000 Radkilometer<\/span> &#8222;zusammengeradelt&#8220; werden.<\/span><\/p>\n<p><span style=\"color: #000000;\">Drei Strecken \u00fcber <strong>30<\/strong>, <strong>70 <\/strong>und ca.<strong>100 km<\/strong> wurden daher angeboten.<\/span><\/p>\n<p><a href=\"https:\/\/radsport.blauweiss65-schwedt.de\/wp-content\/uploads\/2015\/03\/Benefiz-10.05.15.png\"><img loading=\"lazy\" decoding=\"async\" alt=\"Benefiz 10.05.15\" src=\"https:\/\/radsport.blauweiss65-schwedt.de\/wp-content\/uploads\/2015\/03\/Benefiz-10.05.15-300x208.png\" width=\"300\" height=\"208\" \/><\/a><\/p>\n<p><strong><span style=\"color: #000000;\"><span style=\"color: #ff0000;\">Im Ergebniss dieser Spendenfahrt wurden von 62 teilnehmenden Radfahrern insgesamt 4.020 km absolviert! Ein voller Erfolg also.<\/span><\/span><\/strong><\/p>\n<p><span style=\"color: #000000;\">Die Bedingungen waren nicht einfach an diesem Tag. Es war sehr windig, regnerisch und kalt. An der Tour \u00fcber <\/span><span style=\"color: #000000;\"><span style=\"color: #ff0000;\">115 km<\/span><\/span><span style=\"color: #000000;\"> nahmen <strong>16<\/strong> Fahrer teil. (<span style=\"color: #0000ff;\">ein gro\u00dfer Beitrag auch durch unsere Vereinsmitglieder<\/span>) An die<span style=\"color: #ff0000;\"> 70 km<\/span> wagten sich <strong>20<\/strong> und auf die <span style=\"color: #ff0000;\">30 km<\/span> gingen <strong>26<\/strong> Radfahrer.<\/span><\/p>\n<p><span style=\"color: #000000;\">Hier noch weitere Fotos:<\/span><\/p>\n<p><a href=\"https:\/\/radsport.blauweiss65-schwedt.de\/wp-content\/uploads\/2015\/03\/IMG_1039.jpg\"><img loading=\"lazy\" decoding=\"async\" alt=\"IMG_1039\" src=\"https:\/\/radsport.blauweiss65-schwedt.de\/wp-content\/uploads\/2015\/03\/IMG_1039-300x134.jpg\" width=\"300\" height=\"146\" \/><\/a><a href=\"https:\/\/radsport.blauweiss65-schwedt.de\/wp-content\/uploads\/2015\/03\/P1010841.jpg\"><img loading=\"lazy\" decoding=\"async\" alt=\"P1010841\" src=\"https:\/\/radsport.blauweiss65-schwedt.de\/wp-content\/uploads\/2015\/03\/P1010841-300x149.jpg\" width=\"300\" height=\"147\" \/><\/a><\/p>\n<p><a href=\"https:\/\/radsport.blauweiss65-schwedt.de\/wp-content\/uploads\/2015\/03\/P1010837.jpg\"><img loading=\"lazy\" decoding=\"async\" alt=\"P1010837\" src=\"https:\/\/radsport.blauweiss65-schwedt.de\/wp-content\/uploads\/2015\/03\/P1010837-300x253.jpg\" width=\"300\" height=\"253\" \/><\/a><a href=\"https:\/\/radsport.blauweiss65-schwedt.de\/wp-content\/uploads\/2015\/03\/P1010855.jpg\"><img loading=\"lazy\" decoding=\"async\" alt=\"P1010855\" src=\"https:\/\/radsport.blauweiss65-schwedt.de\/wp-content\/uploads\/2015\/03\/P1010855-300x278.jpg\" width=\"300\" height=\"278\" \/><\/a><\/p>\n<p><a href=\"https:\/\/radsport.blauweiss65-schwedt.de\/wp-content\/uploads\/2015\/03\/P1010845.jpg\"><img loading=\"lazy\" decoding=\"async\" alt=\"P1010845\" src=\"https:\/\/radsport.blauweiss65-schwedt.de\/wp-content\/uploads\/2015\/03\/P1010845-300x180.jpg\" width=\"300\" height=\"180\" \/><\/a>\u00a0\u00a0\u00a0 Fotos: Dietmar Werth<\/p>\n","protected":false},"excerpt":{"rendered":"<p>&nbsp; Hallo Freunde des Radsports! Am 10.05.2015 fand die SPONSORENFAHRT f\u00fcr den\u00a0 10. Family Day statt. Diese Fahrt wurde durchgef\u00fchrt, um zus\u00e4tzliche Finanzmittel zu beschaffen. Ein Sponsor (Firma Str\u00f6er) hatte sich bereit erkl\u00e4rt die beachtliche Summe von 2.000 EUR zu &hellip; <a href=\"https:\/\/radsport.blauweiss65-schwedt.de\/?page_id=1819\">Weiterlesen <span class=\"meta-nav\">&rarr;<\/span><\/a><\/p>\n","protected":false},"author":3,"featured_media":0,"parent":1740,"menu_order":2,"comment_status":"open","ping_status":"open","template":"","meta":{"footnotes":""},"class_list":["post-1819","page","type-page","status-publish","hentry"],"_links":{"self":[{"href":"https:\/\/radsport.blauweiss65-schwedt.de\/index.php?rest_route=\/wp\/v2\/pages\/1819","targetHints":{"allow":["GET"]}}],"collection":[{"href":"https:\/\/radsport.blauweiss65-schwedt.de\/index.php?rest_route=\/wp\/v2\/pages"}],"about":[{"href":"https:\/\/radsport.blauweiss65-schwedt.de\/index.php?rest_route=\/wp\/v2\/types\/page"}],"author":[{"embeddable":true,"href":"https:\/\/radsport.blauweiss65-schwedt.de\/index.php?rest_route=\/wp\/v2\/users\/3"}],"replies":[{"embeddable":true,"href":"https:\/\/radsport.blauweiss65-schwedt.de\/index.php?rest_route=%2Fwp%2Fv2%2Fcomments&post=1819"}],"version-history":[{"count":0,"href":"https:\/\/radsport.blauweiss65-schwedt.de\/index.php?rest_route=\/wp\/v2\/pages\/1819\/revisions"}],"up":[{"embeddable":true,"href":"https:\/\/radsport.blauweiss65-schwedt.de\/index.php?rest_route=\/wp\/v2\/pages\/1740"}],"wp:attachment":[{"href":"https:\/\/radsport.blauweiss65-schwedt.de\/index.php?rest_route=%2Fwp%2Fv2%2Fmedia&parent=1819"}],"curies":[{"name":"wp","href":"https:\/\/api.w.org\/{rel}","templated":true}]}}