{"id":1857,"date":"2015-06-18T09:21:09","date_gmt":"2015-06-18T09:21:09","guid":{"rendered":"http:\/\/radsport.blauweiss65-schwedt.de\/?page_id=1857"},"modified":"2016-03-04T08:48:10","modified_gmt":"2016-03-04T08:48:10","slug":"8-garmin-velothon-berlin-31-05-2015","status":"publish","type":"page","link":"https:\/\/radsport.blauweiss65-schwedt.de\/?page_id=1857","title":{"rendered":"8. GARMIN VELOTHON BERLIN (31.05.2015)"},"content":{"rendered":"<p><a href=\"https:\/\/radsport.blauweiss65-schwedt.de\/wp-content\/uploads\/2014\/05\/IMG_3869.jpg\"><img loading=\"lazy\" decoding=\"async\" class=\"alignnone size-medium wp-image-1807\" alt=\"IMG_3869\" src=\"https:\/\/radsport.blauweiss65-schwedt.de\/wp-content\/uploads\/2014\/05\/IMG_3869-300x225.jpg\" width=\"300\" height=\"225\" srcset=\"https:\/\/radsport.blauweiss65-schwedt.de\/wp-content\/uploads\/2014\/05\/IMG_3869-300x225.jpg 300w, https:\/\/radsport.blauweiss65-schwedt.de\/wp-content\/uploads\/2014\/05\/IMG_3869.jpg 1000w\" sizes=\"auto, (max-width: 300px) 100vw, 300px\" \/><\/a><\/p>\n<h1><span style=\"color: #000000;\">Schwedter TSV Radsportler beim Velothon 2015 in Berlin<br \/>\n<\/span><\/h1>\n<p><span style=\"color: #000000;\">\u00a0<\/span><\/p>\n<p><span style=\"color: #000000;\">Am <strong>31.05.2015<\/strong> war es wieder so weit.\u00a0\u00a0<span style=\"color: #0000ff; font-size: medium;\"> <strong>7<\/strong><\/span>\u00a0<span style=\"color: #0000ff;\">Freizeitsportler des TSV\u00a0<\/span><\/span><span style=\"color: #000000;\"><span style=\"color: #0000ff;\">Blau Wei\u00df 65<\/span> starteten beim <strong><span style=\"color: #0000ff;\">Berliner Garmin Velothon 2015<\/span> <\/strong>\u00fcber die Strecke von <span style=\"color: #ff0000;\">120 km<\/span>.<\/span><\/p>\n<p><span style=\"color: #000000;\">Und dies durchaus erfolgreich. Insgesamt fuhren knapp <span style=\"color: #ff0000;\">10.000<\/span> Radsportler \u00fcber die beiden Strecken von <span style=\"color: #ff0000;\">60<\/span> und <span style=\"color: #ff0000;\">120 km<\/span>. Die TSV Fahrer starteten alle auf dem langen Kanten als Mannschaft. Das Wetter war in diesem Jahr wesentlich bessern als 2014. Denn im vergangenen Jahr hatte es bei Temperaturen um die 10\u00b0C\u00a0 durchg\u00e4ngig geregnet.<\/span><\/p>\n<p><span style=\"color: #000000;\">Das Rennen f\u00fchrte quer durch <strong>Berlin<\/strong>, \u00fcber <strong>Kleinmachnow<\/strong>, nach <strong>Ludwigsfelde<\/strong> und dann zur\u00fcck nach <strong>Berlin<\/strong>. Das Ortseingangschild von Berlin wird dann schon mit Erleichterung wahrgenommen, was aber nicht unbedingt bedeutet, dass es nun einfacher wird. In Gegenteil, auf der bekannt schwierigen Auffahrt zum ehemaligen Flughafen Tempelhof erwischte ein Sturz diesmal unseren Abteilungsleiter Eckhard Kuth. Zum Gl\u00fcck nur mit leichten Blessuren und ohne gr\u00f6\u00dfere Sch\u00e4den am Rad konnte er seine Fahrt aber fortgesetzt. Die Gruppe war aber weg, also ab dort alleine bis zum Ziel. Nachdem alle Mannschaftsfahrer im Ziel waren, machten wir bei einem erfrischenden Bier eine erste Auswertung zu den erreichten Ergebnisse. <\/span><\/p>\n<p><span style=\"color: #000000;\"><strong>Erfolgreichster Fahrer des TSV<\/strong> war <\/span><strong><span style=\"color: #000000;\">Torsten Aurich<\/span><\/strong><span style=\"color: #000000;\"> mit dem\u00a0 <span style=\"color: #ff0000;\">205. <span style=\"color: #0000ff;\">Gesamtplatz<\/span><\/span>, sein <span style=\"color: #0000ff;\">Altersklassenplatz<\/span> war sogar der\u00a0 <strong><span style=\"color: #ff0000;\">91.<\/span><\/strong> bei den SEN2. Bei\u00a0 <span style=\"color: #ff0000;\">3.632<\/span> Startern auf der <span style=\"color: #ff0000;\">120<\/span> Kilometerstrecke eine ervorragende Leistung. Er erzielte einen <span style=\"color: #ff0000;\">Durchschnitt<\/span> von <span style=\"color: #ff0000;\">41,09 km\/h<\/span>. Der Durchschnitt des <strong>Sieger<\/strong>s <strong>bei den Jederm\u00e4nnern<\/strong> &#8211; <\/span><strong><span style=\"color: #000000;\">Stefan R\u00e4th<\/span> <\/strong><span style=\"color: #000000;\">betrug <span style=\"color: #ff0000;\">42,84 km\/h. <span style=\"color: #000000;\">(\u00fcbrigens ist er auch der Sieger von 2014)<\/span><br \/>\n<\/span><\/span><\/p>\n<p style=\"padding-left: 300px;\"><span style=\"color: #000000;\"><a href=\"https:\/\/radsport.blauweiss65-schwedt.de\/wp-content\/uploads\/2015\/06\/IMG-20150602-WA0000-2.jpg\"><span style=\"color: #000000;\"><img loading=\"lazy\" decoding=\"async\" alt=\"IMG-20150602-WA0000 (2)\" src=\"https:\/\/radsport.blauweiss65-schwedt.de\/wp-content\/uploads\/2015\/06\/IMG-20150602-WA0000-2-300x225.jpg\" width=\"300\" height=\"225\" \/><\/span><\/a><\/span><\/p>\n<p><span style=\"color: #0000ff;\">Hier die Ergebnisse der weiteren Teilnehmer:<\/span><\/p>\n<p><strong><span style=\"color: #000000;\">Martin Schr\u00f6der<\/span><\/strong><span style=\"color: #000000;\">\u00a0 \u00a0\u00a0 <span style=\"color: #ff0000;\">GP\u00a0\u00a0\u00a0 625.\u00a0 \u00a0\u00a0\u00a0 AKP\u00a0\u00a0 91. SEN3\u00a0\u00a0 mit \u00a0 39,61 km\/h<\/span><\/span><\/p>\n<p><span style=\"color: #000000;\"><strong>Axel Dittmar<\/strong>\u00a0\u00a0\u00a0\u00a0\u00a0 \u00a0 \u00a0\u00a0 <span style=\"color: #ff0000;\">GP \u00a0\u00a0 631.\u00a0\u00a0\u00a0\u00a0\u00a0 AKP\u00a0\u00a0 93. SEN3\u00a0\u00a0 mit \u00a0 39,59 km\/h<\/span><\/span><\/p>\n<p><span style=\"color: #000000;\"><strong>Eckhard Kurth<\/strong><\/span> \u00a0 \u00a0 \u00a0 \u00a0 <span style=\"color: #ff0000;\">GP\u00a0 \u00a0 832. \u00a0 \u00a0\u00a0 AKP\u00a0\u00a0 19. SEN4 \u00a0 mit \u00a0 38,81 km\/h<\/span><\/p>\n<p><span style=\"color: #000000;\"><strong>Sascha Gombert<\/strong> \u00a0 \u00a0 <span style=\"color: #ff0000;\">GP \u00a0\u00a0 943. \u00a0\u00a0\u00a0\u00a0 AKP 305. SEN1\u00a0\u00a0 mit\u00a0\u00a0 38,39 km\/h<\/span><\/span><\/p>\n<p><span style=\"color: #000000;\"><strong>Henry Felix<\/strong>\u00a0\u00a0\u00a0\u00a0\u00a0\u00a0\u00a0\u00a0 \u00a0 \u00a0 <span style=\"color: #ff0000;\">GP 1.186.\u00a0 \u00a0\u00a0\u00a0 AKP 471. SEN2\u00a0\u00a0 mit\u00a0\u00a0 37,60 km\/h<\/span><br \/>\n<\/span><\/p>\n<p><span style=\"color: #000000;\"><strong>Rene Polte \u00a0 \u00a0 \u00a0 \u00a0 \u00a0 \u00a0\u00a0 <\/strong><span style=\"color: #ff0000;\">GP 2.589. \u00a0\u00a0 \u00a0 AKP 524. SEN3\u00a0\u00a0 mit \u00a0 33,69 km\/h<\/span><\/span><\/p>\n<p><span style=\"color: #000000;\"><span style=\"color: #0000ff;\">Als Mannschaft belegte das Team den<\/span> <span style=\"color: #ff0000;\">31. Platz<\/span> <span style=\"color: #0000ff;\">von insgesamt<\/span> <strong>124<\/strong> <span style=\"color: #0000ff;\">Mannschaften. Durch einen technischen Fehler der Organisatoren, wurde<\/span> <strong>Martin Schr\u00f6der<\/strong><span style=\"color: #0000ff;\"> leider nicht f\u00fcr unsere Mannschaft gewertet.<\/span> <span style=\"color: #ff0000;\">Platz 26<\/span> <span style=\"color: #0000ff;\">w\u00e4re dann m\u00f6glich gewesen.<\/span><\/span><\/p>\n<p><span style=\"color: #000000;\">Die Veranstaltung klang f\u00fcr alle TSV Teilnehmer im Zielbereich aus. Ein Gro\u00dfsponsor der Veranstaltung hatte die notwendigen Eintrittskarten bereitgestellt.\u00a0 Hier konnten alle TSV Fahrer dann das <span style=\"color: #0000ff;\">Profirennen mit Sprintwertungen, Zieleinlauf und Siegerehrung<\/span> hautnah verfolgen. Es war gro\u00dfartig. Ein sch\u00f6ner Tag, mit einem echten Leistungsgradmesser f\u00fcr uns als Freizeitsportler, ging danach zu Ende. Auch ein Messerundgang wurde noch gemacht, wo mann allerlei Neuheiten entdecken konnte.<br \/>\n<\/span><\/p>\n<p><span style=\"color: #0000ff;\">Sollte der eine oder andere Interessent Lust am Radsport versp\u00fcren, so der Hinweis, dass das <span style=\"color: #000000;\">Training<\/span> in der Saison jeden<span style=\"color: #000000;\"> Mittwoch um 17.00 Uhr auf dem Parkplatz \u201eTurm-Hotel\u201c<\/span> startet.<\/span><\/p>\n<p><span style=\"color: #0000ff;\">Herzliche Gr\u00fc\u00dfe u. immer\u00a0 Kette rechts ,\u00a0 Eckhard Kurth<\/span><\/p>\n","protected":false},"excerpt":{"rendered":"<p>Schwedter TSV Radsportler beim Velothon 2015 in Berlin \u00a0 Am 31.05.2015 war es wieder so weit.\u00a0\u00a0 7\u00a0Freizeitsportler des TSV\u00a0Blau Wei\u00df 65 starteten beim Berliner Garmin Velothon 2015 \u00fcber die Strecke von 120 km. Und dies durchaus erfolgreich. Insgesamt fuhren knapp &hellip; <a href=\"https:\/\/radsport.blauweiss65-schwedt.de\/?page_id=1857\">Weiterlesen <span class=\"meta-nav\">&rarr;<\/span><\/a><\/p>\n","protected":false},"author":3,"featured_media":0,"parent":1740,"menu_order":3,"comment_status":"open","ping_status":"open","template":"","meta":{"footnotes":""},"class_list":["post-1857","page","type-page","status-publish","hentry"],"_links":{"self":[{"href":"https:\/\/radsport.blauweiss65-schwedt.de\/index.php?rest_route=\/wp\/v2\/pages\/1857","targetHints":{"allow":["GET"]}}],"collection":[{"href":"https:\/\/radsport.blauweiss65-schwedt.de\/index.php?rest_route=\/wp\/v2\/pages"}],"about":[{"href":"https:\/\/radsport.blauweiss65-schwedt.de\/index.php?rest_route=\/wp\/v2\/types\/page"}],"author":[{"embeddable":true,"href":"https:\/\/radsport.blauweiss65-schwedt.de\/index.php?rest_route=\/wp\/v2\/users\/3"}],"replies":[{"embeddable":true,"href":"https:\/\/radsport.blauweiss65-schwedt.de\/index.php?rest_route=%2Fwp%2Fv2%2Fcomments&post=1857"}],"version-history":[{"count":0,"href":"https:\/\/radsport.blauweiss65-schwedt.de\/index.php?rest_route=\/wp\/v2\/pages\/1857\/revisions"}],"up":[{"embeddable":true,"href":"https:\/\/radsport.blauweiss65-schwedt.de\/index.php?rest_route=\/wp\/v2\/pages\/1740"}],"wp:attachment":[{"href":"https:\/\/radsport.blauweiss65-schwedt.de\/index.php?rest_route=%2Fwp%2Fv2%2Fmedia&parent=1857"}],"curies":[{"name":"wp","href":"https:\/\/api.w.org\/{rel}","templated":true}]}}