{"id":2172,"date":"2016-02-18T11:12:45","date_gmt":"2016-02-18T11:12:45","guid":{"rendered":"http:\/\/radsport.blauweiss65-schwedt.de\/?page_id=2172"},"modified":"2016-02-18T11:13:32","modified_gmt":"2016-02-18T11:13:32","slug":"2-ostbrandenburg-radmarathon-01-08-02-08-2015","status":"publish","type":"page","link":"https:\/\/radsport.blauweiss65-schwedt.de\/?page_id=2172","title":{"rendered":"2. OSTBRANDENBURG RADMARATHON (01.08.-02.08.2015)"},"content":{"rendered":"<p><strong><span style=\"color: #000000;\">HALLO\u00a0 SPORTSFREUNDE !<\/span><\/strong><\/p>\n<p><a href=\"https:\/\/radsport.blauweiss65-schwedt.de\/wp-content\/uploads\/2015\/08\/IMG_2199.jpg\"><img loading=\"lazy\" decoding=\"async\" alt=\"IMG_2199\" src=\"https:\/\/radsport.blauweiss65-schwedt.de\/wp-content\/uploads\/2015\/08\/IMG_2199-300x200.jpg\" width=\"300\" height=\"200\" \/><\/a><\/p>\n<p><span style=\"color: #000000;\">Der <span style=\"color: #0000ff;\"><strong>2. OSTBRANDENBURG-RADMARATHON <\/strong><\/span>hat stattgefunden. Durchgef\u00fchrt zu Gunsten der Lebenshilfe e.V. Angerm\u00fcnde verlief der Radmarathon bei besten Bedingungen auf fast der selben Strecke wie in 2014. Diesmal wurden <span style=\"color: #ff0000;\"><strong>435<\/strong><\/span> <span style=\"color: #ff0000;\">Kilometer<\/span> absolviert. Die <span style=\"color: #ff0000;\">Gesamtfahrzeit<\/span> betrug <span style=\"color: #ff0000;\">19 Stunden<\/span>, davon ca. 3,5 Stunden f\u00fcr Pausen. <span style=\"color: #0000ff;\"><strong>2015<\/strong><\/span> wurde bei einer <span style=\"color: #ff0000;\">reinen Fahrzeit<\/span> von <span style=\"color: #ff0000;\">15,5 Stunden<\/span>, mit einer durchschnittlichen Geschwindigkeit von <span style=\"color: #ff0000;\">28 km\/h<\/span> gefahren.<\/span><\/p>\n<p><span style=\"color: #000000;\">Gestartet wurde am <\/span><span style=\"color: #000000;\"><strong>01.08.2015<\/strong><\/span>\u00a0<span style=\"color: #000000;\"> gegen <strong>20:00 Uhr<\/strong> in <span style=\"color: #0000ff;\"><strong>Greifenberg<\/strong><\/span>. Ankunft war am <strong>02.08.2015<\/strong>\u00a0 ca. <strong>15:00 Uhr<\/strong> in <span style=\"color: #0000ff;\"><strong>Angerm\u00fcnde<\/strong><\/span>. Die Strecke f\u00fchrte \u00fcber <\/span><span style=\"color: #0000ff;\">Oderberg, Bad Freienwalde, Wrietzen, Neuhardenberg, Petershagen, M\u00fcllrose,\u00a0 Friedland, Lieberose, Burg, Vetschau, Luckau nach L\u00fcbben <span style=\"color: #000000;\">und von dort zur\u00fcck \u00fcber<\/span> Storckow, Spreenhagen, Strausberg, Tiefensee, Hohenfinow, Oderberg <span style=\"color: #000000;\">nach<\/span> Angerm\u00fcnde<\/span><strong>.<\/strong><\/p>\n<p><span style=\"color: #000000;\">Unfall-, Sturz- und Pannenfrei teilgenommen haben auf der gesamten Strecke <span style=\"color: #0000ff;\"><strong>9<\/strong> <strong>Fahrer<\/strong><\/span>.<\/span><\/p>\n<p><span style=\"color: #000000;\"><a href=\"https:\/\/radsport.blauweiss65-schwedt.de\/wp-content\/uploads\/2015\/08\/01.jpg\"><span style=\"color: #000000;\"><img loading=\"lazy\" decoding=\"async\" alt=\"01\" src=\"https:\/\/radsport.blauweiss65-schwedt.de\/wp-content\/uploads\/2015\/08\/01-300x200.jpg\" width=\"300\" height=\"200\" \/><\/span><\/a><a href=\"https:\/\/radsport.blauweiss65-schwedt.de\/wp-content\/uploads\/2015\/08\/Radmarathon1.jpg\"><span style=\"color: #000000;\"><img loading=\"lazy\" decoding=\"async\" alt=\"Radmarathon1\" src=\"https:\/\/radsport.blauweiss65-schwedt.de\/wp-content\/uploads\/2015\/08\/Radmarathon1-300x200.jpg\" width=\"300\" height=\"200\" \/><\/span><\/a><\/span><\/p>\n<p><span style=\"color: #000000;\"><strong>Wolfgang Baum\u00fcller, Dietmar Werth, Rene Polte, Siegmar Wollin, Martin Schr\u00f6der, Henry Felix, Toralf Berg, Lutz Finger und Christian Schr\u00f6der<\/strong><\/span><\/p>\n<p>zus\u00e4tzlich begleiteten uns auf einem Teil der Strecke <span style=\"color: #000000;\"><strong>Werner Ehrlich, Rainer Falke<\/strong><\/span> und <span style=\"color: #000000;\"><strong>Connor Schr\u00f6der<\/strong><\/span> (der erst 5-j\u00e4hrige Sohn von Christian Schr\u00f6der)<\/p>\n<p><a href=\"https:\/\/radsport.blauweiss65-schwedt.de\/wp-content\/uploads\/2015\/08\/05.jpg\"><img loading=\"lazy\" decoding=\"async\" alt=\"05\" src=\"https:\/\/radsport.blauweiss65-schwedt.de\/wp-content\/uploads\/2015\/08\/05-240x300.jpg\" width=\"240\" height=\"300\" \/><\/a><a href=\"https:\/\/radsport.blauweiss65-schwedt.de\/wp-content\/uploads\/2015\/08\/07.jpg\"><img loading=\"lazy\" decoding=\"async\" alt=\"07\" src=\"https:\/\/radsport.blauweiss65-schwedt.de\/wp-content\/uploads\/2015\/08\/07-219x300.jpg\" width=\"219\" height=\"300\" \/><\/a><a href=\"https:\/\/radsport.blauweiss65-schwedt.de\/wp-content\/uploads\/2015\/08\/04.jpg\"><img loading=\"lazy\" decoding=\"async\" alt=\"04\" src=\"https:\/\/radsport.blauweiss65-schwedt.de\/wp-content\/uploads\/2015\/08\/04-138x300.jpg\" width=\"138\" height=\"300\" \/><\/a><\/p>\n<p style=\"padding-left: 120px;\"><a href=\"https:\/\/radsport.blauweiss65-schwedt.de\/wp-content\/uploads\/2015\/08\/06.jpg\"><img loading=\"lazy\" decoding=\"async\" alt=\"06\" src=\"https:\/\/radsport.blauweiss65-schwedt.de\/wp-content\/uploads\/2015\/08\/06-190x300.jpg\" width=\"190\" height=\"300\" \/><\/a><a href=\"https:\/\/radsport.blauweiss65-schwedt.de\/wp-content\/uploads\/2015\/08\/09.jpg\"><img loading=\"lazy\" decoding=\"async\" alt=\"09\" src=\"https:\/\/radsport.blauweiss65-schwedt.de\/wp-content\/uploads\/2015\/08\/09-97x300.jpg\" width=\"97\" height=\"300\" \/><\/a><\/p>\n<p><span style=\"color: #000000;\">Wegen einiger Baustellen und Umleitungen wurde auch diesmal von den Teilnehmern einiges an Flexibilit\u00e4t abverlangt. Die intensive Betreuung durch je 2 Mitglieder vom TSV Blau Wei\u00df 65 (<strong>Uwe Wetzig, Monika Baum\u00fcller<\/strong>) und der Lebenshilfe e.V. (die Namen werden nachgereicht) war deshalb sehr wohltuend. Die Helfer begleiteten uns in einem Kleintransporter der Lebenshilfe und fuhren das Ersatzmaterial, unsere Wechselkleidung und die Verpflegung geduldig hinterher.<\/span><\/p>\n<p><a href=\"https:\/\/radsport.blauweiss65-schwedt.de\/wp-content\/uploads\/2015\/08\/Radmarathon3.jpg\"><img loading=\"lazy\" decoding=\"async\" alt=\"Radmarathon3\" src=\"https:\/\/radsport.blauweiss65-schwedt.de\/wp-content\/uploads\/2015\/08\/Radmarathon3-300x200.jpg\" width=\"300\" height=\"200\" \/><\/a><\/p>\n<p><span style=\"color: #000000;\">Die Vorbereitung und Ber\u00e4umung der Versorgungspunkte wurde ebenfalls von den Helfern \u00fcbernommen. Eine deutliche Verbesserung zu 2014, weil eine gro\u00dfe Erleichterung f\u00fcr die teilnehmenden Fahrer! <span style=\"color: #ff0000;\">EIN GROSSES DANKESCH\u00d6N F\u00dcR DIESE NICHT EINFACHE AUFGABE!<\/span><\/span><\/p>\n<p>Autor: H. Felix<\/p>\n<p>&nbsp;<\/p>\n","protected":false},"excerpt":{"rendered":"<p>HALLO\u00a0 SPORTSFREUNDE ! Der 2. OSTBRANDENBURG-RADMARATHON hat stattgefunden. Durchgef\u00fchrt zu Gunsten der Lebenshilfe e.V. Angerm\u00fcnde verlief der Radmarathon bei besten Bedingungen auf fast der selben Strecke wie in 2014. Diesmal wurden 435 Kilometer absolviert. Die Gesamtfahrzeit betrug 19 Stunden, davon &hellip; <a href=\"https:\/\/radsport.blauweiss65-schwedt.de\/?page_id=2172\">Weiterlesen <span class=\"meta-nav\">&rarr;<\/span><\/a><\/p>\n","protected":false},"author":3,"featured_media":0,"parent":1740,"menu_order":8,"comment_status":"open","ping_status":"open","template":"","meta":{"footnotes":""},"class_list":["post-2172","page","type-page","status-publish","hentry"],"_links":{"self":[{"href":"https:\/\/radsport.blauweiss65-schwedt.de\/index.php?rest_route=\/wp\/v2\/pages\/2172","targetHints":{"allow":["GET"]}}],"collection":[{"href":"https:\/\/radsport.blauweiss65-schwedt.de\/index.php?rest_route=\/wp\/v2\/pages"}],"about":[{"href":"https:\/\/radsport.blauweiss65-schwedt.de\/index.php?rest_route=\/wp\/v2\/types\/page"}],"author":[{"embeddable":true,"href":"https:\/\/radsport.blauweiss65-schwedt.de\/index.php?rest_route=\/wp\/v2\/users\/3"}],"replies":[{"embeddable":true,"href":"https:\/\/radsport.blauweiss65-schwedt.de\/index.php?rest_route=%2Fwp%2Fv2%2Fcomments&post=2172"}],"version-history":[{"count":0,"href":"https:\/\/radsport.blauweiss65-schwedt.de\/index.php?rest_route=\/wp\/v2\/pages\/2172\/revisions"}],"up":[{"embeddable":true,"href":"https:\/\/radsport.blauweiss65-schwedt.de\/index.php?rest_route=\/wp\/v2\/pages\/1740"}],"wp:attachment":[{"href":"https:\/\/radsport.blauweiss65-schwedt.de\/index.php?rest_route=%2Fwp%2Fv2%2Fmedia&parent=2172"}],"curies":[{"name":"wp","href":"https:\/\/api.w.org\/{rel}","templated":true}]}}