{"id":2331,"date":"2016-05-30T12:13:20","date_gmt":"2016-05-30T12:13:20","guid":{"rendered":"http:\/\/radsport.blauweiss65-schwedt.de\/?page_id=2331"},"modified":"2016-07-01T14:05:02","modified_gmt":"2016-07-01T14:05:02","slug":"saisoneroeffnungstour-09-04-2016","status":"publish","type":"page","link":"https:\/\/radsport.blauweiss65-schwedt.de\/?page_id=2331","title":{"rendered":"SAISONER\u00d6FFNUNGSTOUR (09.04.2016)"},"content":{"rendered":"<p><span style=\"color: #000000;\"><strong>Teilnehmerbeitrag:\u00a0 Felizitas Gabriele St\u00e4udten<\/strong><\/span><\/p>\n<p><strong><span style=\"color: #0000ff;\">Am 9. April 2016 wurde die Radsportsaison vom TSV Blau-Wei\u00df 65 er\u00f6ffnet.<\/span><\/strong><br \/>\n<span style=\"color: #000000;\"> Auftakt der Saison war eine Tour von Schwedt\/Oder \u00fcber <span style=\"color: #0000ff;\">Passow, Zichow, Gramzow<\/span> und <span style=\"color: #0000ff;\">viele weitere kleine Ortschaften der Uckermark<\/span> zur\u00fcck nach<span style=\"color: #0000ff;\"> Schwedt<\/span>.<\/span><br \/>\n<span style=\"color: #000000;\"> Bei angenehmen Temperaturen fuhren <span style=\"color: #ff0000;\"><strong>13<\/strong> Teilnehmer<\/span> dem Fr\u00fchling entgegen.<\/span><br \/>\n<span style=\"color: #000000;\"> F\u00fcr alle Teilnehmer war es eine gelungene Tour, die in dieser Art und Weise regelm\u00e4\u00dfig am Anfang eines Jahres, zum warm fahren, durchgef\u00fchrt wird. Alle Radfahrer waren trotz der Winterpause fit und traten kr\u00e4ftig in die Pedalen. <span style=\"color: #ff0000;\">Es wurde mit einer durchschnittlichen Geschwindigkeit von 27 km\/h gefahren<\/span>.<\/span><\/p>\n<p><span style=\"color: #000000;\">Interessierte Radfahrer sind herzlich Willkommen an einer unserer Touren oder auch im n\u00e4chsten Jahr bei der Saisoner\u00f6ffnungsfahrt teilzunehmen.<\/span><br \/>\n<span style=\"color: #000000;\"> N\u00e4heres zur Saison und unseren Terminen kann jeder \u00fcber die Hompage der Abteilung Radsport erfahren.<\/span><\/p>\n<p><span style=\"color: #000000;\">Herzliche Gr\u00fc\u00dfe und immer Kette rechts<\/span><\/p>\n<p><span style=\"color: #000000;\"><a style=\"color: #000000;\" href=\"https:\/\/radsport.blauweiss65-schwedt.de\/wp-content\/uploads\/2016\/04\/P1050554.jpg\" rel=\"attachment wp-att-2275\"><img loading=\"lazy\" decoding=\"async\" class=\"alignnone size-medium wp-image-2275\" src=\"https:\/\/radsport.blauweiss65-schwedt.de\/wp-content\/uploads\/2016\/04\/P1050554-300x225.jpg\" sizes=\"auto, (max-width: 300px) 100vw, 300px\" srcset=\"https:\/\/radsport.blauweiss65-schwedt.de\/wp-content\/uploads\/2016\/04\/P1050554-300x225.jpg 300w, https:\/\/radsport.blauweiss65-schwedt.de\/wp-content\/uploads\/2016\/04\/P1050554-768x576.jpg 768w, https:\/\/radsport.blauweiss65-schwedt.de\/wp-content\/uploads\/2016\/04\/P1050554-1024x768.jpg 1024w\" alt=\"P1050554\" width=\"300\" height=\"225\" \/><\/a><\/span><\/p>\n<p>&nbsp;<\/p>\n<h1><span style=\"color: #000000;\">Saisoner\u00f6ffnung der Abteilung Radsport<\/span><\/h1>\n<p>&nbsp;<\/p>\n<p><span style=\"color: #000000;\">Die offizielle <span style=\"color: #0000ff;\">Er\u00f6ffnung unserer Radsportsaison<\/span> startete am Samstag den <span style=\"color: #0000ff;\">09. April um 9.00 Uhr<\/span> an der Sporthalle K\u00fclz-Viertel in Schwedt. Auf Grund der sehr milden Witterung im Winter 2015\/16 waren zu diesem Zeitpunkt bereits viele Trainingskilometer von unseren Radsportlern absolviert. Die diesj\u00e4hrige Strecke f\u00fchrte mit <span style=\"color: #ff0000;\">105 Kilometern<\/span> in wesentlichen Teilen \u00fcber die Strecke der <strong>Uckermark-Radrundfahrt<\/strong>.<\/span><\/p>\n<p><span style=\"color: #000000;\">Wenn es am Start mit 5\u00b0 Celsius noch recht frisch war, so wurde den Teilnehmern recht schnell warm. Denn die Temperatur stieg noch auf \u00fcber 10\u00b0Celsius an.<\/span><\/p>\n<p><span style=\"color: #000000;\">Als G\u00e4ste der Er\u00f6ffnungstour nahmen diesmal <strong>Gabi St\u00e4udten<\/strong> (mit dem Mountainbike!!!) sowie <strong>Thoralf Berg<\/strong> teil. Einen sch\u00f6nen Ausklang fand die gemeinsame Tour in der Schwedter Pizzeria \u201ePane e Piu\u201c am Bollwerk des \u201eKanals\u201c bei herrlichem Sonnenschein, Blick aufs Wasser sowie leckeren Spagetti, Pizza und Pasta.<\/span><\/p>\n<p><span style=\"color: #000000;\"><a style=\"color: #000000;\" href=\"https:\/\/radsport.blauweiss65-schwedt.de\/wp-content\/uploads\/2016\/04\/IMG-20160409-WA0010.jpg\" rel=\"attachment wp-att-2277\"><img loading=\"lazy\" decoding=\"async\" class=\"alignnone size-medium wp-image-2277\" src=\"https:\/\/radsport.blauweiss65-schwedt.de\/wp-content\/uploads\/2016\/04\/IMG-20160409-WA0010-300x225.jpg\" sizes=\"auto, (max-width: 300px) 100vw, 300px\" srcset=\"https:\/\/radsport.blauweiss65-schwedt.de\/wp-content\/uploads\/2016\/04\/IMG-20160409-WA0010-300x225.jpg 300w, https:\/\/radsport.blauweiss65-schwedt.de\/wp-content\/uploads\/2016\/04\/IMG-20160409-WA0010-768x576.jpg 768w, https:\/\/radsport.blauweiss65-schwedt.de\/wp-content\/uploads\/2016\/04\/IMG-20160409-WA0010-1024x768.jpg 1024w, https:\/\/radsport.blauweiss65-schwedt.de\/wp-content\/uploads\/2016\/04\/IMG-20160409-WA0010.jpg 1600w\" alt=\"IMG-20160409-WA0010\" width=\"300\" height=\"225\" \/><\/a><a style=\"color: #000000;\" href=\"https:\/\/radsport.blauweiss65-schwedt.de\/wp-content\/uploads\/2016\/04\/IMG-20160409-WA0004.jpg\" rel=\"attachment wp-att-2276\"><img loading=\"lazy\" decoding=\"async\" class=\"alignnone size-medium wp-image-2276\" src=\"https:\/\/radsport.blauweiss65-schwedt.de\/wp-content\/uploads\/2016\/04\/IMG-20160409-WA0004-300x225.jpg\" sizes=\"auto, (max-width: 300px) 100vw, 300px\" srcset=\"https:\/\/radsport.blauweiss65-schwedt.de\/wp-content\/uploads\/2016\/04\/IMG-20160409-WA0004-300x225.jpg 300w, https:\/\/radsport.blauweiss65-schwedt.de\/wp-content\/uploads\/2016\/04\/IMG-20160409-WA0004-768x576.jpg 768w, https:\/\/radsport.blauweiss65-schwedt.de\/wp-content\/uploads\/2016\/04\/IMG-20160409-WA0004-1024x768.jpg 1024w, https:\/\/radsport.blauweiss65-schwedt.de\/wp-content\/uploads\/2016\/04\/IMG-20160409-WA0004.jpg 1600w\" alt=\"IMG-20160409-WA0004\" width=\"300\" height=\"225\" \/><\/a><\/span><\/p>\n<p><span style=\"color: #ff0000;\">Teilnehmer 2016:<\/span><\/p>\n<p><span style=\"color: #000000;\"><strong>T. Aurich, M. Baum\u00fcller, W. Baum\u00fcller, A. Dittmar, W. Ehrlich, R. Mickein, H. Radloff, Chr. Schr\u00f6der, M. Schr\u00f6der, D. Werth, S. Wollin, T. Berg, F.G. St\u00e4udten<br \/>\n<\/strong><\/span><\/p>\n<p><span style=\"color: #000000;\">Autor: Eckhard Kuth\u00a0\u00a0\u00a0\u00a0\u00a0\u00a0\u00a0\u00a0\u00a0\u00a0\u00a0\u00a0\u00a0\u00a0\u00a0\u00a0\u00a0\u00a0\u00a0\u00a0\u00a0\u00a0\u00a0\u00a0\u00a0\u00a0\u00a0\u00a0\u00a0\u00a0\u00a0\u00a0\u00a0\u00a0\u00a0\u00a0 \u00a0\u00a0 \u00a0\u00a0\u00a0 Homepage: Henry Felix<\/span><\/p>\n","protected":false},"excerpt":{"rendered":"<p>Teilnehmerbeitrag:\u00a0 Felizitas Gabriele St\u00e4udten Am 9. April 2016 wurde die Radsportsaison vom TSV Blau-Wei\u00df 65 er\u00f6ffnet. Auftakt der Saison war eine Tour von Schwedt\/Oder \u00fcber Passow, Zichow, Gramzow und viele weitere kleine Ortschaften der Uckermark zur\u00fcck nach Schwedt. Bei angenehmen &hellip; <a href=\"https:\/\/radsport.blauweiss65-schwedt.de\/?page_id=2331\">Weiterlesen <span class=\"meta-nav\">&rarr;<\/span><\/a><\/p>\n","protected":false},"author":3,"featured_media":0,"parent":2329,"menu_order":10,"comment_status":"closed","ping_status":"closed","template":"","meta":{"footnotes":""},"class_list":["post-2331","page","type-page","status-publish","hentry"],"_links":{"self":[{"href":"https:\/\/radsport.blauweiss65-schwedt.de\/index.php?rest_route=\/wp\/v2\/pages\/2331","targetHints":{"allow":["GET"]}}],"collection":[{"href":"https:\/\/radsport.blauweiss65-schwedt.de\/index.php?rest_route=\/wp\/v2\/pages"}],"about":[{"href":"https:\/\/radsport.blauweiss65-schwedt.de\/index.php?rest_route=\/wp\/v2\/types\/page"}],"author":[{"embeddable":true,"href":"https:\/\/radsport.blauweiss65-schwedt.de\/index.php?rest_route=\/wp\/v2\/users\/3"}],"replies":[{"embeddable":true,"href":"https:\/\/radsport.blauweiss65-schwedt.de\/index.php?rest_route=%2Fwp%2Fv2%2Fcomments&post=2331"}],"version-history":[{"count":0,"href":"https:\/\/radsport.blauweiss65-schwedt.de\/index.php?rest_route=\/wp\/v2\/pages\/2331\/revisions"}],"up":[{"embeddable":true,"href":"https:\/\/radsport.blauweiss65-schwedt.de\/index.php?rest_route=\/wp\/v2\/pages\/2329"}],"wp:attachment":[{"href":"https:\/\/radsport.blauweiss65-schwedt.de\/index.php?rest_route=%2Fwp%2Fv2%2Fmedia&parent=2331"}],"curies":[{"name":"wp","href":"https:\/\/api.w.org\/{rel}","templated":true}]}}