{"id":2429,"date":"2016-07-01T14:47:55","date_gmt":"2016-07-01T14:47:55","guid":{"rendered":"http:\/\/radsport.blauweiss65-schwedt.de\/?page_id=2429"},"modified":"2016-07-01T14:53:16","modified_gmt":"2016-07-01T14:53:16","slug":"um-radrundfahrt-25-06-2016","status":"publish","type":"page","link":"https:\/\/radsport.blauweiss65-schwedt.de\/?page_id=2429","title":{"rendered":"6. UM-RADRUNDFAHRT (25.06.2016)"},"content":{"rendered":"<p><span style=\"color: #0000ff;\">Am <strong><span style=\"color: #ff0000;\">25.06.2016<\/span><\/strong> um <span style=\"color: #ff0000;\">10.15 Uhr<\/span> startete an der <span style=\"text-decoration: underline;\">Sporthalle K\u00fclz-Vierte<\/span><\/span><span style=\"color: #0000ff;\"><span style=\"text-decoration: underline;\">l<\/span> in <strong><span style=\"color: #000000;\">Schwedt<\/span><\/strong>, die erste Gruppe zur diesj\u00e4hrigen <strong>UCKERMARK-RADRUNGFAHRT<\/strong> \u00fcber die Strecke von <span style=\"color: #ff0000;\">125 km<\/span>. Eigentlich nicht so ungew\u00f6hnlich, waren doch in den Vorjahren teilweise schon l\u00e4ngere Strecken gefahren worden. In diesem Jahr gab es aber lediglich diese eine Strecke f\u00fcr alle Teilnehmer.<\/span><\/p>\n<p><span style=\"color: #0000ff;\">Das Besondere in diesem Jahr waren eindeutig die extremen Witterungsbedingungen. Eigentlich sollte man bei Temperaturen jenseits der <span style=\"color: #ff0000;\">30\u00b0 C <span style=\"color: #0000ff;\">auf k\u00f6rperlich <\/span><\/span>anstrengende Aktivit\u00e4ten verzichten. Aber fast alle Teilnehmer waren gut trainiert und scheuten sich daher nicht, die Strecke bei diesen Bedingungen in Angriff zu nehmen. Au\u00dferdem verlief ein gro\u00dfer Teil der Strecke unter den sch\u00f6nen Baum-Alleen der Uckermark. Beim Start wurden bereits <span style=\"color: #ff0000;\">32\u00b0C<span style=\"color: #0000ff;\"> gemessen,<\/span><\/span> unterwegs ein Spitzenwert von <span style=\"color: #ff0000;\">37,3\u00b0C<\/span> sowie bei Ankunft im Ziel immer noch <span style=\"color: #ff0000;\">30\u00b0C<span style=\"color: #0000ff;\">.<\/span><\/span> Die sehr hei\u00dfen Temperaturen \u00fcber dem Asphalt erreichten zwischen den Ortschaften <\/span><span style=\"color: #000000;\"><strong>Sommersdorf<\/strong><\/span><span style=\"color: #0000ff;\"> und <strong><span style=\"color: #000000;\">Wartin<\/span><\/strong> ihren H\u00f6chstwert. An dieser Stelle waren jedoch nur noch ca. 30 km bis zum Ziel zu fahren. Ab Wartin gab es noch dazu heftigen, hei\u00dfen Gegenwind. Es war, als w\u00fcrden man gegen einen F\u00f6hn fahren. Doch das Ziel war ja nahe und damit die Aussicht auf k\u00fchle Getr\u00e4nke und Imbiss.Am Ende wurden insgesamt<span style=\"color: #ff0000;\"> 127 Kilometer<\/span> bew\u00e4ltigt.<br \/>\n<\/span><\/p>\n<p><span style=\"color: #0000ff;\">Mit Unterst\u00fctzung des <strong>FSV City 76<\/strong>, der Verein feierte an diesem Tag mit einem Fest am Sportplatz unweit des Zielbereiches sein 40-j\u00e4hriges Bestehen, konnte diese Aussicht dann erfolgreich in die Realit\u00e4t umgesetzt werden.<\/span><\/p>\n<p><span style=\"color: #0000ff;\">Von den gestarteten <span style=\"color: #ff0000;\">30 Teilnehmern<\/span> waren auch <strong>16 Starter<\/strong> vom <strong>TSV Blau Wei\u00df 65 Schwedt<\/strong> dabei. Die Strecke wurde in diesem Jahr auch von zwei Frauen erfolgreich bew\u00e4ltigt.<\/span><\/p>\n<p style=\"padding-left: 150px;\"><a href=\"https:\/\/radsport.blauweiss65-schwedt.de\/wp-content\/uploads\/2016\/07\/CO-11.jpg\" rel=\"attachment wp-att-2432\"><img loading=\"lazy\" decoding=\"async\" class=\"alignnone size-medium wp-image-2432\" src=\"https:\/\/radsport.blauweiss65-schwedt.de\/wp-content\/uploads\/2016\/07\/CO-11-300x212.jpg\" alt=\"CO-11\" width=\"300\" height=\"212\" srcset=\"https:\/\/radsport.blauweiss65-schwedt.de\/wp-content\/uploads\/2016\/07\/CO-11-300x212.jpg 300w, https:\/\/radsport.blauweiss65-schwedt.de\/wp-content\/uploads\/2016\/07\/CO-11-768x543.jpg 768w, https:\/\/radsport.blauweiss65-schwedt.de\/wp-content\/uploads\/2016\/07\/CO-11-1024x724.jpg 1024w\" sizes=\"auto, (max-width: 300px) 100vw, 300px\" \/><\/a><\/p>\n<p style=\"padding-left: 150px;\"><span style=\"color: #999999;\">Bildcolage: D.Werth<\/span><\/p>\n<p><span style=\"color: #000000;\"><strong>Jeder<\/strong> kann gerne an unseren Trainingsterminen, jeden <strong>Mittwoch<\/strong>\u00a0(f\u00fcr Fortgeschrittene) um\u00a0 <strong>17.00 Uh<\/strong>r am <strong>Parkplatz Turm-Hotel<\/strong> und jeden <strong>Donnerstag<\/strong> (f\u00fcr Anf\u00e4nger, Neugierige) zur <strong>gleichen Zeit<\/strong> am <strong>gleichen Ort<\/strong>\u00a0 teilnehmen.<\/span><\/p>\n<p><span style=\"color: #000000;\"><strong>Es besteht keinerlei Verpflichtung zur einer Vereinszugeh\u00f6rigkeit.<\/strong><\/span><\/p>\n<p style=\"padding-left: 420px;\"><span style=\"color: #999999;\">Autoren: E.Kurth\/H.Felix<br \/>\n<\/span><\/p>\n<p>&nbsp;<\/p>\n<p><span style=\"color: #0000ff;\">\u00a0<\/span><\/p>\n<p>&nbsp;<\/p>\n","protected":false},"excerpt":{"rendered":"<p>Am 25.06.2016 um 10.15 Uhr startete an der Sporthalle K\u00fclz-Viertel in Schwedt, die erste Gruppe zur diesj\u00e4hrigen UCKERMARK-RADRUNGFAHRT \u00fcber die Strecke von 125 km. Eigentlich nicht so ungew\u00f6hnlich, waren doch in den Vorjahren teilweise schon l\u00e4ngere Strecken gefahren worden. In &hellip; <a href=\"https:\/\/radsport.blauweiss65-schwedt.de\/?page_id=2429\">Weiterlesen <span class=\"meta-nav\">&rarr;<\/span><\/a><\/p>\n","protected":false},"author":3,"featured_media":0,"parent":2329,"menu_order":9,"comment_status":"closed","ping_status":"closed","template":"","meta":{"footnotes":""},"class_list":["post-2429","page","type-page","status-publish","hentry"],"_links":{"self":[{"href":"https:\/\/radsport.blauweiss65-schwedt.de\/index.php?rest_route=\/wp\/v2\/pages\/2429","targetHints":{"allow":["GET"]}}],"collection":[{"href":"https:\/\/radsport.blauweiss65-schwedt.de\/index.php?rest_route=\/wp\/v2\/pages"}],"about":[{"href":"https:\/\/radsport.blauweiss65-schwedt.de\/index.php?rest_route=\/wp\/v2\/types\/page"}],"author":[{"embeddable":true,"href":"https:\/\/radsport.blauweiss65-schwedt.de\/index.php?rest_route=\/wp\/v2\/users\/3"}],"replies":[{"embeddable":true,"href":"https:\/\/radsport.blauweiss65-schwedt.de\/index.php?rest_route=%2Fwp%2Fv2%2Fcomments&post=2429"}],"version-history":[{"count":0,"href":"https:\/\/radsport.blauweiss65-schwedt.de\/index.php?rest_route=\/wp\/v2\/pages\/2429\/revisions"}],"up":[{"embeddable":true,"href":"https:\/\/radsport.blauweiss65-schwedt.de\/index.php?rest_route=\/wp\/v2\/pages\/2329"}],"wp:attachment":[{"href":"https:\/\/radsport.blauweiss65-schwedt.de\/index.php?rest_route=%2Fwp%2Fv2%2Fmedia&parent=2429"}],"curies":[{"name":"wp","href":"https:\/\/api.w.org\/{rel}","templated":true}]}}