{"id":2562,"date":"2016-10-09T17:39:35","date_gmt":"2016-10-09T17:39:35","guid":{"rendered":"http:\/\/radsport.blauweiss65-schwedt.de\/?page_id=2562"},"modified":"2016-10-09T17:39:35","modified_gmt":"2016-10-09T17:39:35","slug":"15-um-meisterschaft-schoenow-16-08-2016","status":"publish","type":"page","link":"https:\/\/radsport.blauweiss65-schwedt.de\/?page_id=2562","title":{"rendered":"15. UM-MEISTERSCHAFT SCH\u00d6NOW (16.08.2016)"},"content":{"rendered":"<p><span style=\"color: #0000ff;\">Am <span style=\"color: #ff0000;\">16.08.2016<\/span> fand die <span style=\"color: #ff0000;\">15. Offenen Stra\u00dfenrennradmeisterschaft<\/span> in der Uckermark, in <strong><span style=\"color: #000000;\">Sch\u00f6now<\/span><\/strong> statt.<\/span><\/p>\n<p><span style=\"color: #0000ff;\">Die Abteilung Radsport des <strong>TSV Blau-Wei\u00df 65 Schwedt\/O.<\/strong> beteiligte sich daran mit 5 Fahrern sowie als Mannschaft. <span style=\"color: #ff0000;\">Unser Ziel war, als Mannschaft vor den Prenzlauern ins Ziel zu kommen. Dies ist uns erfolgreich gelungen.\u00a0 \ud83d\ude42<br \/>\n<\/span><\/span><\/p>\n<p><span style=\"color: #0000ff;\">Gestartet wurde in zwei Bl\u00f6cken. Im ersten starteten die weiblichen Teilnehmer sowie Senioren 3 und 4. Im zweiten folgten dann alle anderen.<\/span><\/p>\n<p><span style=\"color: #0000ff;\"><strong><span style=\"color: #000000;\">Martin Schr\u00f6der<\/span><\/strong> (Senioren 3) erzielte dabei die beste Platzierung der TSV-Teilnehmer. Er wurde Gesamt \u00a031. und \u00a0\u00a0<span style=\"color: #ff0000;\">4.<\/span> bei den Senioren 3.\u00a0\u00a0 Die von ihm gefahrene Durchschittsgeschwindigkeit betrug <span style=\"color: #ff0000;\">42 km\/h.<\/span> Eine absolute Topleistung. Mit ein wenig Gl\u00fcck h\u00e4tte er sogar noch das Podest erreichen k\u00f6nnen. Der Zielsprint war sehr knapp. <\/span><\/p>\n<p><span style=\"color: #0000ff;\">Wichtig f\u00fcr die Wertung war auch, dass der beste Prenzlauer Michael Pietsch erst einige Pl\u00e4tze hinter ihm (Gesamt 40.) ins Ziel kam.<\/span><\/p>\n<p><span style=\"color: #0000ff;\">Zweitbester Teilnehmer aus TSV Sicht\u00a0 war <span style=\"color: #000000;\"><strong>Eckhard Kurth<\/strong> <\/span>(Senioren 2), der das Tempo der Spitzengruppe zeitweilig nicht halten konnte. Da in seiner Altersklasse aber nur Werner Otto mal wieder nicht zu bezwingen war, ist es trotzdem ein sch\u00f6ner Erfolg, dass er das Rennen in seiner Altersklasse als <span style=\"color: #ff0000;\">2.<\/span> und somit auf dem Podest beenden konnte. Er wurde Gesamt 60. bei einer Durchschittsgeschwindigkeit von <span style=\"color: #ff0000;\">38,80 km\/h<\/span>. Wichtig auch hier, dass Florian Merten, der zweitbeste Prenzlauer bei den Senioren \u00a02 hinter ihm auf dem 74. Platz landete.<\/span><\/p>\n<p><span style=\"color: #0000ff;\">Das Feld der TSV Starter vervollst\u00e4ndigten noch<br \/>\n<\/span><\/p>\n<p><span style=\"color: #0000ff;\"><span style=\"color: #000000;\"><strong>Christian Schr\u00f6der<\/strong><\/span> gesamt = 71. (M\u00e4nner) = <span style=\"color: #ff0000;\">30.<\/span> bei einer Durchschnittsgeschwindigkeit von <span style=\"color: #ff0000;\">37,5 km\/h<\/span>,<\/span><\/p>\n<p><span style=\"color: #0000ff;\"><strong><span style=\"color: #000000;\">Siegmar Wollin<\/span><\/strong> gesamt = 89. (Senioren \u00a03) \u00a0= <span style=\"color: #ff0000;\">18.<\/span> mit der Durchschnittsgeschwindigkeit von <span style=\"color: #ff0000;\">32,5 km\/h<\/span> sowie<\/span><\/p>\n<p><span style=\"color: #0000ff;\"><strong><span style=\"color: #000000;\">Werner Ehrlich<\/span><\/strong> gesamt = 102. (Senioren 4) \u00a0= <span style=\"color: #ff0000;\">9.<\/span> mit der Durchschnittsgeschwindigkeit von <span style=\"color: #ff0000;\">30,1 km\/h<\/span>.<\/span><\/p>\n<p><span style=\"color: #ff0000;\">Als Mannschaft erreichten wir einen <strong>7. Platz<\/strong>. Die Wertung der <strong>besten Uckermark-Mannschaft<\/strong> haben wir damit gewonnen und als Mannschaft unseren <strong>ersten Pokal<\/strong> erhalten.<\/span><\/p>\n<p><span style=\"color: #0000ff;\">Es hat mal wieder viel Spa\u00df gemacht. Sch\u00f6n w\u00e4re nat\u00fcrlich, wenn wir im kommenden Jahr mit einer gr\u00f6\u00dferen Mannschaft antreten k\u00f6nnten. Denn wann haben wir bei uns in der Region schon mal solche M\u00f6glichkeiten. Berlin und Hamburg sind zwar auch nicht schlecht, jedoch auch gr\u00f6\u00dfer, gef\u00e4hrlicher, teurer und weiter weg.<\/span><\/p>\n<p><span style=\"color: #0000ff;\">Gr\u00fc\u00dfe an alle Eckhard<br \/>\n<\/span><\/p>\n","protected":false},"excerpt":{"rendered":"<p>Am 16.08.2016 fand die 15. Offenen Stra\u00dfenrennradmeisterschaft in der Uckermark, in Sch\u00f6now statt. Die Abteilung Radsport des TSV Blau-Wei\u00df 65 Schwedt\/O. beteiligte sich daran mit 5 Fahrern sowie als Mannschaft. Unser Ziel war, als Mannschaft vor den Prenzlauern ins Ziel &hellip; <a href=\"https:\/\/radsport.blauweiss65-schwedt.de\/?page_id=2562\">Weiterlesen <span class=\"meta-nav\">&rarr;<\/span><\/a><\/p>\n","protected":false},"author":3,"featured_media":0,"parent":2329,"menu_order":5,"comment_status":"closed","ping_status":"closed","template":"","meta":{"footnotes":""},"class_list":["post-2562","page","type-page","status-publish","hentry"],"_links":{"self":[{"href":"https:\/\/radsport.blauweiss65-schwedt.de\/index.php?rest_route=\/wp\/v2\/pages\/2562","targetHints":{"allow":["GET"]}}],"collection":[{"href":"https:\/\/radsport.blauweiss65-schwedt.de\/index.php?rest_route=\/wp\/v2\/pages"}],"about":[{"href":"https:\/\/radsport.blauweiss65-schwedt.de\/index.php?rest_route=\/wp\/v2\/types\/page"}],"author":[{"embeddable":true,"href":"https:\/\/radsport.blauweiss65-schwedt.de\/index.php?rest_route=\/wp\/v2\/users\/3"}],"replies":[{"embeddable":true,"href":"https:\/\/radsport.blauweiss65-schwedt.de\/index.php?rest_route=%2Fwp%2Fv2%2Fcomments&post=2562"}],"version-history":[{"count":0,"href":"https:\/\/radsport.blauweiss65-schwedt.de\/index.php?rest_route=\/wp\/v2\/pages\/2562\/revisions"}],"up":[{"embeddable":true,"href":"https:\/\/radsport.blauweiss65-schwedt.de\/index.php?rest_route=\/wp\/v2\/pages\/2329"}],"wp:attachment":[{"href":"https:\/\/radsport.blauweiss65-schwedt.de\/index.php?rest_route=%2Fwp%2Fv2%2Fmedia&parent=2562"}],"curies":[{"name":"wp","href":"https:\/\/api.w.org\/{rel}","templated":true}]}}