{"id":2565,"date":"2016-10-09T16:53:01","date_gmt":"2016-10-09T16:53:01","guid":{"rendered":"http:\/\/radsport.blauweiss65-schwedt.de\/?page_id=2565"},"modified":"2016-11-05T17:12:13","modified_gmt":"2016-11-05T17:12:13","slug":"ultramarathon-bansin-02-07-2016","status":"publish","type":"page","link":"https:\/\/radsport.blauweiss65-schwedt.de\/?page_id=2565","title":{"rendered":"17. ULTRAMARATHON BANSIN (02.07.2016)"},"content":{"rendered":"<p><span style=\"color: #000000;\"><span style=\"color: #0000ff;\">Am\u00a0<\/span> <strong>02.07.2016<\/strong> <span style=\"color: #0000ff;\">hat unser <strong><span style=\"color: #ff0000;\">RADMARATHON\u00a0 von SCHWEDT <\/span><\/strong><\/span><span style=\"color: #0000ff;\"><strong><span style=\"color: #ff0000;\">nach BANSIN<\/span><\/strong> stattgefunden. Mehr als\u00a0<\/span><\/span><span style=\"color: #000000;\"><span style=\"color: #0000ff;\"> <span style=\"color: #ff0000;\"><strong>330<\/strong> Kilometer an einem Tag! <\/span>Insgesamt stellten sich diesmal <\/span><\/span><span style=\"color: #000000;\"><span style=\"color: #0000ff;\"><strong><span style=\"color: #ff0000;\">10<\/span><\/strong><\/span><\/span><span style=\"color: #000000;\"><span style=\"color: #0000ff;\"><span style=\"color: #ff0000;\"> Fahrer<\/span> dieser sch\u00f6nen Herausforderung. (9 Radsportler + 1 Begleitfahrzeugfahrer) <\/span><br \/>\n<\/span><\/p>\n<p><span style=\"color: #000000;\"><span style=\"color: #0000ff;\">Bei einer <strong>reinen Fahrzeit<\/strong> von <strong>10 h 57<\/strong> ` <\/span><span style=\"color: #0000ff;\">wurde mit einer Geschwindigkeit von ca.<\/span> <span style=\"color: #ff0000;\"><strong>30<\/strong> km\/h<\/span> <span style=\"color: #0000ff;\">gefahren.<\/span><\/span><\/p>\n<p style=\"padding-left: 150px;\"><a href=\"https:\/\/radsport.blauweiss65-schwedt.de\/wp-content\/uploads\/2014\/06\/FullSizeRender.jpg\" rel=\"attachment wp-att-2457\"><img loading=\"lazy\" decoding=\"async\" class=\"alignnone size-medium wp-image-2457\" src=\"https:\/\/radsport.blauweiss65-schwedt.de\/wp-content\/uploads\/2014\/06\/FullSizeRender-300x239.jpg\" alt=\"FullSizeRender\" width=\"300\" height=\"239\" srcset=\"https:\/\/radsport.blauweiss65-schwedt.de\/wp-content\/uploads\/2014\/06\/FullSizeRender-300x239.jpg 300w, https:\/\/radsport.blauweiss65-schwedt.de\/wp-content\/uploads\/2014\/06\/FullSizeRender-768x613.jpg 768w, https:\/\/radsport.blauweiss65-schwedt.de\/wp-content\/uploads\/2014\/06\/FullSizeRender-1024x817.jpg 1024w, https:\/\/radsport.blauweiss65-schwedt.de\/wp-content\/uploads\/2014\/06\/FullSizeRender.jpg 1394w\" sizes=\"auto, (max-width: 300px) 100vw, 300px\" \/><\/a><\/p>\n<p><span style=\"color: #0000ff;\">Gestartet wurde p\u00fcnktlich um <span style=\"color: #ff0000;\">04:00 Uhr <\/span>am <span style=\"text-decoration: underline;\">Wassersport-Zentrum<\/span> in Schwedt.\u00a0 Dort sa\u00dfen wir <span style=\"color: #ff0000;\">15,5 Stunden<\/span> sp\u00e4ter wieder gem\u00fctlich am Grill beisammen. Unser Vereinsmitglied und &#8222;Chefgrillmeister&#8220;<span style=\"color: #000000;\"><strong> Werner Ehrlich<\/strong><\/span> hatte dort schon hervorragende Arbeit geleistet und uns mit leckerem Essen und frischem Bier in Empfang genommen. <\/span><\/p>\n<p><span style=\"color: #0000ff;\"><span style=\"color: #ff0000;\">Teilgenommen haben 2016:<\/span>\u00a0 <strong><span style=\"color: #000000;\">Eckhard Kurth, Dietmar Werth, Axel Dittmar, Wolfgang Baum\u00fcller, Torsten Aurich, Martin Schr\u00f6der, Christian Schr\u00f6der, Jan Heiko L\u00f6hrs, Wilfried Eichler<\/span><\/strong>\u00a0 als Radsportler und <strong><span style=\"color: #000000;\">Holger Radloff<\/span><\/strong> als unverichtbarer Begleitfahrer.<br \/>\n<\/span><\/p>\n<p style=\"padding-left: 450px;\">Autor:\u00a0 H. Felix<\/p>\n<p><a href=\"https:\/\/radsport.blauweiss65-schwedt.de\/wp-content\/uploads\/2014\/06\/IMG-20160703-WA0001.jpg\" rel=\"attachment wp-att-2465\"><img loading=\"lazy\" decoding=\"async\" class=\"alignnone size-medium wp-image-2465\" src=\"https:\/\/radsport.blauweiss65-schwedt.de\/wp-content\/uploads\/2014\/06\/IMG-20160703-WA0001-300x169.jpg\" alt=\"IMG-20160703-WA0001\" width=\"300\" height=\"169\" srcset=\"https:\/\/radsport.blauweiss65-schwedt.de\/wp-content\/uploads\/2014\/06\/IMG-20160703-WA0001-300x169.jpg 300w, https:\/\/radsport.blauweiss65-schwedt.de\/wp-content\/uploads\/2014\/06\/IMG-20160703-WA0001-768x432.jpg 768w, https:\/\/radsport.blauweiss65-schwedt.de\/wp-content\/uploads\/2014\/06\/IMG-20160703-WA0001-1024x576.jpg 1024w, https:\/\/radsport.blauweiss65-schwedt.de\/wp-content\/uploads\/2014\/06\/IMG-20160703-WA0001.jpg 1599w\" sizes=\"auto, (max-width: 300px) 100vw, 300px\" \/><\/a><a href=\"https:\/\/radsport.blauweiss65-schwedt.de\/wp-content\/uploads\/2014\/06\/IMG-20160703-WA0005.jpg\" rel=\"attachment wp-att-2466\"><img loading=\"lazy\" decoding=\"async\" class=\"alignnone size-medium wp-image-2466\" src=\"https:\/\/radsport.blauweiss65-schwedt.de\/wp-content\/uploads\/2014\/06\/IMG-20160703-WA0005-300x169.jpg\" alt=\"IMG-20160703-WA0005\" width=\"300\" height=\"169\" srcset=\"https:\/\/radsport.blauweiss65-schwedt.de\/wp-content\/uploads\/2014\/06\/IMG-20160703-WA0005-300x169.jpg 300w, https:\/\/radsport.blauweiss65-schwedt.de\/wp-content\/uploads\/2014\/06\/IMG-20160703-WA0005-768x432.jpg 768w, https:\/\/radsport.blauweiss65-schwedt.de\/wp-content\/uploads\/2014\/06\/IMG-20160703-WA0005-1024x576.jpg 1024w, https:\/\/radsport.blauweiss65-schwedt.de\/wp-content\/uploads\/2014\/06\/IMG-20160703-WA0005.jpg 1599w\" sizes=\"auto, (max-width: 300px) 100vw, 300px\" \/><\/a> <a href=\"https:\/\/radsport.blauweiss65-schwedt.de\/wp-content\/uploads\/2014\/06\/IMG-20160703-WA0006.jpg\" rel=\"attachment wp-att-2467\"><img loading=\"lazy\" decoding=\"async\" class=\"alignnone size-medium wp-image-2467\" src=\"https:\/\/radsport.blauweiss65-schwedt.de\/wp-content\/uploads\/2014\/06\/IMG-20160703-WA0006-300x169.jpg\" alt=\"IMG-20160703-WA0006\" width=\"300\" height=\"169\" srcset=\"https:\/\/radsport.blauweiss65-schwedt.de\/wp-content\/uploads\/2014\/06\/IMG-20160703-WA0006-300x169.jpg 300w, https:\/\/radsport.blauweiss65-schwedt.de\/wp-content\/uploads\/2014\/06\/IMG-20160703-WA0006-768x432.jpg 768w, https:\/\/radsport.blauweiss65-schwedt.de\/wp-content\/uploads\/2014\/06\/IMG-20160703-WA0006-1024x576.jpg 1024w, https:\/\/radsport.blauweiss65-schwedt.de\/wp-content\/uploads\/2014\/06\/IMG-20160703-WA0006.jpg 1599w\" sizes=\"auto, (max-width: 300px) 100vw, 300px\" \/><\/a><a href=\"https:\/\/radsport.blauweiss65-schwedt.de\/wp-content\/uploads\/2014\/06\/IMG-20160703-WA0007.jpg\" rel=\"attachment wp-att-2468\"><img loading=\"lazy\" decoding=\"async\" class=\"alignnone size-medium wp-image-2468\" src=\"https:\/\/radsport.blauweiss65-schwedt.de\/wp-content\/uploads\/2014\/06\/IMG-20160703-WA0007-300x169.jpg\" alt=\"IMG-20160703-WA0007\" width=\"300\" height=\"169\" srcset=\"https:\/\/radsport.blauweiss65-schwedt.de\/wp-content\/uploads\/2014\/06\/IMG-20160703-WA0007-300x169.jpg 300w, https:\/\/radsport.blauweiss65-schwedt.de\/wp-content\/uploads\/2014\/06\/IMG-20160703-WA0007-768x432.jpg 768w, https:\/\/radsport.blauweiss65-schwedt.de\/wp-content\/uploads\/2014\/06\/IMG-20160703-WA0007-1024x576.jpg 1024w, https:\/\/radsport.blauweiss65-schwedt.de\/wp-content\/uploads\/2014\/06\/IMG-20160703-WA0007.jpg 1599w\" sizes=\"auto, (max-width: 300px) 100vw, 300px\" \/><\/a><\/p>\n","protected":false},"excerpt":{"rendered":"<p>Am\u00a0 02.07.2016 hat unser RADMARATHON\u00a0 von SCHWEDT nach BANSIN stattgefunden. Mehr als\u00a0 330 Kilometer an einem Tag! Insgesamt stellten sich diesmal 10 Fahrer dieser sch\u00f6nen Herausforderung. (9 Radsportler + 1 Begleitfahrzeugfahrer) Bei einer reinen Fahrzeit von 10 h 57 ` &hellip; <a href=\"https:\/\/radsport.blauweiss65-schwedt.de\/?page_id=2565\">Weiterlesen <span class=\"meta-nav\">&rarr;<\/span><\/a><\/p>\n","protected":false},"author":3,"featured_media":0,"parent":2329,"menu_order":7,"comment_status":"closed","ping_status":"closed","template":"","meta":{"footnotes":""},"class_list":["post-2565","page","type-page","status-publish","hentry"],"_links":{"self":[{"href":"https:\/\/radsport.blauweiss65-schwedt.de\/index.php?rest_route=\/wp\/v2\/pages\/2565","targetHints":{"allow":["GET"]}}],"collection":[{"href":"https:\/\/radsport.blauweiss65-schwedt.de\/index.php?rest_route=\/wp\/v2\/pages"}],"about":[{"href":"https:\/\/radsport.blauweiss65-schwedt.de\/index.php?rest_route=\/wp\/v2\/types\/page"}],"author":[{"embeddable":true,"href":"https:\/\/radsport.blauweiss65-schwedt.de\/index.php?rest_route=\/wp\/v2\/users\/3"}],"replies":[{"embeddable":true,"href":"https:\/\/radsport.blauweiss65-schwedt.de\/index.php?rest_route=%2Fwp%2Fv2%2Fcomments&post=2565"}],"version-history":[{"count":0,"href":"https:\/\/radsport.blauweiss65-schwedt.de\/index.php?rest_route=\/wp\/v2\/pages\/2565\/revisions"}],"up":[{"embeddable":true,"href":"https:\/\/radsport.blauweiss65-schwedt.de\/index.php?rest_route=\/wp\/v2\/pages\/2329"}],"wp:attachment":[{"href":"https:\/\/radsport.blauweiss65-schwedt.de\/index.php?rest_route=%2Fwp%2Fv2%2Fmedia&parent=2565"}],"curies":[{"name":"wp","href":"https:\/\/api.w.org\/{rel}","templated":true}]}}