{"id":2592,"date":"2016-11-05T17:10:07","date_gmt":"2016-11-05T17:10:07","guid":{"rendered":"http:\/\/radsport.blauweiss65-schwedt.de\/?page_id=2592"},"modified":"2016-11-05T17:13:58","modified_gmt":"2016-11-05T17:13:58","slug":"huegelmarathon-in-prenzlau-01-10-2016","status":"publish","type":"page","link":"https:\/\/radsport.blauweiss65-schwedt.de\/?page_id=2592","title":{"rendered":"12. H\u00dcGELMARATHON PRENZLAU (01.10.2016)"},"content":{"rendered":"<p><span style=\"color: #0000ff;\"><strong><u>H\u00dcGELMARATHON \u00a0 2016 <\/u><\/strong><\/span><\/p>\n<p><span style=\"color: #0000ff;\">Am <strong><span style=\"color: #ff0000;\">1. Oktober<\/span><\/strong> diesen Jahres war es mal wieder soweit, der <strong><span style=\"color: #ff0000;\">H\u00fcgelmarathon in Prenzlau<\/span><\/strong> rief und <span style=\"color: #ff0000;\"><strong>8<\/strong> <strong>Sportler<\/strong><\/span> des <strong>TSV Blau-Wei\u00df 65<\/strong> folgten dem Ruf.<\/span><\/p>\n<p><span style=\"color: #0000ff;\">Es waren dabei <strong><span style=\"color: #000000;\">Moni, Werner, Rene, Holger, Siegmar<\/span><\/strong> &#8211; alle \u00fcber <span style=\"color: #ff0000;\">119 km<\/span> -, <strong><span style=\"color: #000000;\">Raik<\/span><\/strong> und <span style=\"color: #000000;\"><strong>Eckhard<\/strong><\/span> \u00fcber <span style=\"color: #ff0000;\">169 km<\/span> sowie <span style=\"color: #000000;\"><strong>Martin<\/strong><\/span> \u00fcber <span style=\"color: #ff0000;\">234 km<\/span>. Erg\u00e4nzt wurde das TSV Starterfeld durch <span style=\"color: #000000;\"><strong>Martina<\/strong><\/span> aus der Donnerstags-Trainingsgruppe.<\/span><\/p>\n<p><span style=\"color: #0000ff;\">Und wie so oft\u00a0 regnete es mal wieder bei diesem Ereignis. Die Veranstaltung war wie immer bestens organisiert. <span style=\"color: #000000;\"><span style=\"color: #ff0000;\">Tour-Teufel<\/span> <strong>Diddi Senf<\/strong><\/span> sorgte f\u00fcr Stimmung und die dann auch ganz gut war. Alle waren optimistisch, dass es vielleicht doch nicht regnen w\u00fcrde. Der starke Wind von den Vortagen war dann auch verschwunden. Zum Start der beiden langen Strecken war es noch recht frisch.Viel w\u00e4rmer wurde es dann jedoch auch sp\u00e4ter nicht.<\/span><\/p>\n<p><span style=\"color: #0000ff;\">Die Langstreckenfahrer haben wie immer den ersten Verpflegungspunkt in Templin ausgelassen. Am zweiten Verpflegungspunkt, es hatte inzwischen zu regnen begonnen, wartetet <strong><span style=\"color: #000000;\">Eddy<\/span><\/strong> auf alle Fahrer und gab ihnen moralische Unterst\u00fctzung. Es war ja auch nicht unbedingt angenehm im Regen und bei K\u00e4lte zu fahren.<\/span><\/p>\n<p><span style=\"color: #0000ff;\">Nachdem alle Teilnehnmer der verschiedenen Strecken das Ziel erreicht hatten, kam Martin ins Ziel. Er hatte lange Zeit mit der Spitzengruppe mithalten k\u00f6nnen. Alle Achtung vor seiner Leistung unter den genannten Witterungsbedingungen.<\/span><\/p>\n<p><span style=\"color: #0000ff;\"><span style=\"color: #ff0000;\">Gut war das Auftreten unserer Gruppe in jedem Fall. Wir haben wieder einmal Werbung in eigener Sache betrieben. Letztendlich war es dann auch Martin der vom Veranstalter \u00f6ffentlich interviewt wurde. Es ist also wie so oft, anstrengend aber auch sch\u00f6n gewesen.<\/span> <\/span><\/p>\n<p><span style=\"color: #0000ff;\">E. Kurth<\/span><\/p>\n","protected":false},"excerpt":{"rendered":"<p>H\u00dcGELMARATHON \u00a0 2016 Am 1. Oktober diesen Jahres war es mal wieder soweit, der H\u00fcgelmarathon in Prenzlau rief und 8 Sportler des TSV Blau-Wei\u00df 65 folgten dem Ruf. Es waren dabei Moni, Werner, Rene, Holger, Siegmar &#8211; alle \u00fcber 119 &hellip; <a href=\"https:\/\/radsport.blauweiss65-schwedt.de\/?page_id=2592\">Weiterlesen <span class=\"meta-nav\">&rarr;<\/span><\/a><\/p>\n","protected":false},"author":3,"featured_media":0,"parent":2329,"menu_order":4,"comment_status":"closed","ping_status":"closed","template":"","meta":{"footnotes":""},"class_list":["post-2592","page","type-page","status-publish","hentry"],"_links":{"self":[{"href":"https:\/\/radsport.blauweiss65-schwedt.de\/index.php?rest_route=\/wp\/v2\/pages\/2592","targetHints":{"allow":["GET"]}}],"collection":[{"href":"https:\/\/radsport.blauweiss65-schwedt.de\/index.php?rest_route=\/wp\/v2\/pages"}],"about":[{"href":"https:\/\/radsport.blauweiss65-schwedt.de\/index.php?rest_route=\/wp\/v2\/types\/page"}],"author":[{"embeddable":true,"href":"https:\/\/radsport.blauweiss65-schwedt.de\/index.php?rest_route=\/wp\/v2\/users\/3"}],"replies":[{"embeddable":true,"href":"https:\/\/radsport.blauweiss65-schwedt.de\/index.php?rest_route=%2Fwp%2Fv2%2Fcomments&post=2592"}],"version-history":[{"count":0,"href":"https:\/\/radsport.blauweiss65-schwedt.de\/index.php?rest_route=\/wp\/v2\/pages\/2592\/revisions"}],"up":[{"embeddable":true,"href":"https:\/\/radsport.blauweiss65-schwedt.de\/index.php?rest_route=\/wp\/v2\/pages\/2329"}],"wp:attachment":[{"href":"https:\/\/radsport.blauweiss65-schwedt.de\/index.php?rest_route=%2Fwp%2Fv2%2Fmedia&parent=2592"}],"curies":[{"name":"wp","href":"https:\/\/api.w.org\/{rel}","templated":true}]}}