{"id":2601,"date":"2016-11-05T17:27:53","date_gmt":"2016-11-05T17:27:53","guid":{"rendered":"http:\/\/radsport.blauweiss65-schwedt.de\/?page_id=2601"},"modified":"2017-02-03T16:12:28","modified_gmt":"2017-02-03T16:12:28","slug":"ruegen-challenge-2016","status":"publish","type":"page","link":"https:\/\/radsport.blauweiss65-schwedt.de\/?page_id=2601","title":{"rendered":"R\u00dcGEN CHALLENGE (16.10.2016)"},"content":{"rendered":"<h1><span style=\"color: #0000ff;\">R\u00fcgen Challenge 2016<\/span><\/h1>\n<p>&nbsp;<\/p>\n<p><span style=\"color: #0000ff;\">Am <strong><span style=\"color: #ff0000;\">16.10.2016<\/span><\/strong> nahmen <strong><span style=\"color: #000000;\">Siegmar, Martin<\/span><\/strong> und <strong><span style=\"color: #000000;\">Eckhard<\/span><\/strong> an der <strong><span style=\"color: #ff0000;\">R\u00fcgen-Challenge in Sellin<\/span><\/strong> teil. Es ist dies eines der letzten Radrennen f\u00fcr Hobbyfahrer und ehemalige Profis (z.B. Mario Kummer) in Deutschland. Die Teilnehmer kamen aus dem gesamten Bundesgebiet mit Schwerpunkt ehemalige DDR und Berlin.<\/span><\/p>\n<p><span style=\"color: #0000ff;\">W\u00e4hrend <strong><span style=\"color: #000000;\">Siegmar<\/span><\/strong> \u00fcber die Kurzdistanz von <span style=\"color: #ff0000;\">54 km<\/span> an den Start ging, nahmen <strong><span style=\"color: #000000;\">Martin<\/span><\/strong> und <strong><span style=\"color: #000000;\">Eckhard<\/span> <\/strong>den langen Kanten \u00fcber <span style=\"color: #ff0000;\">107 km<\/span> in Angriff. Das Wetter war nicht sonderlich angenehm. In der Nacht hatte es geregnet, es war windig und mit\u00a0 Temperaturen unter <span style=\"color: #ff0000;\">10\u00b0C<\/span> auch noch recht frisch. <\/span><\/p>\n<p><span style=\"color: #0000ff;\"><strong><span style=\"color: #000000;\">Siegmar<\/span><\/strong> belegte in einem Feld von ca.<span style=\"color: #ff0000;\"> 200 Teilnehmern<\/span> eine guten<span style=\"color: #ff0000;\"> 80. Platz.<\/span> <span style=\"color: #ff0000;\">In seiner Altersklasse wurde er 19.<\/span> <\/span><\/p>\n<p><span style=\"color: #0000ff;\"><strong><span style=\"color: #000000;\">Martin<\/span><\/strong> wurde in einem Feld von ca. <span style=\"color: #ff0000;\">150 Startern<\/span> sehr guter<span style=\"color: #ff0000;\"> 32.<\/span> <span style=\"color: #ff0000;\">In seiner Altersklasse belegte er den 6. Platz.<\/span> Bei einem R\u00fcckstand von nur 13 Sekunden auf den dritten Platz wie schon so oft in diesem Jahr wieder eine Topleistung auch zum Ende der Saison! <\/span><\/p>\n<p><span style=\"color: #0000ff;\"><span style=\"color: #000000;\"><strong>Eckhard<\/strong><\/span> hat im Rennen leider etwa zur H\u00e4lfte den Anschluss zur Spitzengruppe verloren und fuhr dann denn Rest des Rennens fast allein. Es reichte dennoch zu einem guten <span style=\"color: #ff0000;\">52. Gesamtplatz sowie einem 2. Platz in seiner Altersklasse.<\/span><\/span><\/p>\n<p><span style=\"color: #0000ff;\">Insgesamt war es eine sehr gut organisierte Veranstaltung mit einem hohen Anspruch. Die Anwesenheit einiger ehemaliger und aktueller Radprofis trug sein \u00dcbriges zum Gelingen der Veranstaltung bei. Die Stra\u00dfen waren w\u00e4hrend der gesamten Dauer der Rennen sehr gut abgesichert. Ein sch\u00f6ner Saisonausklang der auf eine Wiederholung dr\u00e4ngt. <\/span><\/p>\n<p><span style=\"color: #0000ff;\">Insbesondere Sigmar und Martin haben an dieser Veranstaltung bereits schon mehrfach teilgenommen.<\/span><\/p>\n<p><span style=\"color: #0000ff;\">E. Kurth<\/span><\/p>\n","protected":false},"excerpt":{"rendered":"<p>R\u00fcgen Challenge 2016 &nbsp; Am 16.10.2016 nahmen Siegmar, Martin und Eckhard an der R\u00fcgen-Challenge in Sellin teil. Es ist dies eines der letzten Radrennen f\u00fcr Hobbyfahrer und ehemalige Profis (z.B. Mario Kummer) in Deutschland. Die Teilnehmer kamen aus dem gesamten &hellip; <a href=\"https:\/\/radsport.blauweiss65-schwedt.de\/?page_id=2601\">Weiterlesen <span class=\"meta-nav\">&rarr;<\/span><\/a><\/p>\n","protected":false},"author":3,"featured_media":0,"parent":2329,"menu_order":3,"comment_status":"closed","ping_status":"closed","template":"","meta":{"footnotes":""},"class_list":["post-2601","page","type-page","status-publish","hentry"],"_links":{"self":[{"href":"https:\/\/radsport.blauweiss65-schwedt.de\/index.php?rest_route=\/wp\/v2\/pages\/2601","targetHints":{"allow":["GET"]}}],"collection":[{"href":"https:\/\/radsport.blauweiss65-schwedt.de\/index.php?rest_route=\/wp\/v2\/pages"}],"about":[{"href":"https:\/\/radsport.blauweiss65-schwedt.de\/index.php?rest_route=\/wp\/v2\/types\/page"}],"author":[{"embeddable":true,"href":"https:\/\/radsport.blauweiss65-schwedt.de\/index.php?rest_route=\/wp\/v2\/users\/3"}],"replies":[{"embeddable":true,"href":"https:\/\/radsport.blauweiss65-schwedt.de\/index.php?rest_route=%2Fwp%2Fv2%2Fcomments&post=2601"}],"version-history":[{"count":0,"href":"https:\/\/radsport.blauweiss65-schwedt.de\/index.php?rest_route=\/wp\/v2\/pages\/2601\/revisions"}],"up":[{"embeddable":true,"href":"https:\/\/radsport.blauweiss65-schwedt.de\/index.php?rest_route=\/wp\/v2\/pages\/2329"}],"wp:attachment":[{"href":"https:\/\/radsport.blauweiss65-schwedt.de\/index.php?rest_route=%2Fwp%2Fv2%2Fmedia&parent=2601"}],"curies":[{"name":"wp","href":"https:\/\/api.w.org\/{rel}","templated":true}]}}