{"id":265,"date":"2013-11-21T13:40:00","date_gmt":"2013-11-21T13:40:00","guid":{"rendered":"http:\/\/radsport.blauweiss65-schwedt.de\/?page_id=265"},"modified":"2026-02-04T12:54:59","modified_gmt":"2026-02-04T12:54:59","slug":"home-2","status":"publish","type":"page","link":"https:\/\/radsport.blauweiss65-schwedt.de\/","title":{"rendered":"Willkommen"},"content":{"rendered":"<p style=\"text-align: center;\"><span style=\"font-size: 14pt;\"><strong><span style=\"color: #ff0000; font-family: georgia, palatino, serif;\">\u00a0<\/span>Die Mitglieder der Abteilung Radsport des TSV Blau-Wei\u00df 65 Schwedt begr\u00fc\u00dfen alle Interessierten auf ihrer Homepage.<\/strong><\/span><\/p>\n<p style=\"padding-left: 180px;\"><a href=\"https:\/\/radsport.blauweiss65-schwedt.de\/wp-content\/uploads\/2018\/12\/IMG_6658.jpg\"><img loading=\"lazy\" decoding=\"async\" class=\"alignnone size-medium wp-image-4069\" src=\"https:\/\/radsport.blauweiss65-schwedt.de\/wp-content\/uploads\/2018\/12\/IMG_6658-300x200.jpg\" alt=\"\" width=\"300\" height=\"200\" srcset=\"https:\/\/radsport.blauweiss65-schwedt.de\/wp-content\/uploads\/2018\/12\/IMG_6658-300x200.jpg 300w, https:\/\/radsport.blauweiss65-schwedt.de\/wp-content\/uploads\/2018\/12\/IMG_6658-768x512.jpg 768w, https:\/\/radsport.blauweiss65-schwedt.de\/wp-content\/uploads\/2018\/12\/IMG_6658-1024x683.jpg 1024w\" sizes=\"auto, (max-width: 300px) 100vw, 300px\" \/><\/a><\/p>\n<p>Die Abteilung Radsport ist in erster Linie ein Zusammenschluss radsportinteressierter Enthusiasten. Sie verbindet dabei der Spa\u00df und die Freude an gemeinsame Fahrten in der freien Natur. Wenn auch bei den Meisten der leistungssportliche Aspekt nicht mehr ganz im Vordergrund steht, so gibt es dennoch einige, die sich sportlichen Herausforderungen stellen. Dabei ist es egal, wie alt der jeweilige Sportsfreund ist. Der Altersdurchschnitt der Abteilung entspricht \u00fcbrigens in etwa dem der Stadt Schwedt. Aber wie hei\u00dft es so sch\u00f6n, \u2026Alter ist relativ\u2026, daher ist Bewegung, in welcher Form auch immer, gut. Denn: ,,wer rastet der rostet!&#8220; Radsport ist darum eine geeignete Sportart, dem ,,Rosten&#8220; vorzubeugen.<\/p>\n<p>In der Saison von April bis September k\u00f6nnen wir drei unterschiedliche, dem jeweiligen Leistungsstand entsprechende, Trainingsm\u00f6glichkeiten anbieten.<\/p>\n<p>Au\u00dferhalb der Saison werden Termine operativ vereinbart. Schwerpunkt liegt dann auf Moutainbike- und Cross-Touren.<\/p>\n<h6><span style=\"font-size: 12pt;\"><strong>Trainingszeiten:\u00a0\u00a0<\/strong><br \/>\n<\/span><\/h6>\n<p>&#8211; montags \u00a0\u00a0\u00a0\u00a0\u00a0 um 10.00 Uhr \u2013 unsere ,,\u00dc 60 Gruppe &#8220;\u00a0 \u00a0 \u00a0 \u00a0 \u00a0 \u00a0 \u00a0 \u00a0 \u00a0 \u00a0 \u00a0 \u00a0 \u00a0 \u00a0 \u00a0 \u00a0 \u00a0 \u00a0 \u00a0 \u00a0 \u00a0 \u00a0 \u00a0 \u00a0 \u00a0 \u00a0 \u00a0 \u00a0 \u00a0 \u00a0 \u00a0 \u00a0 \u00a0 \u00a0 &#8211; mittwochs\u00a0\u00a0\u00a0 um 17.00 Uhr \u2013 Leistungsgruppe\u00a0\u00a0\u00a0\u00a0\u00a0\u00a0\u00a0\u00a0\u00a0\u00a0\u00a0\u00a0\u00a0\u00a0\u00a0\u00a0\u00a0\u00a0\u00a0\u00a0\u00a0\u00a0\u00a0\u00a0\u00a0\u00a0\u00a0\u00a0\u00a0\u00a0\u00a0\u00a0\u00a0\u00a0\u00a0\u00a0\u00a0\u00a0 \u00a0\u00a0\u00a0\u00a0\u00a0\u00a0\u00a0\u00a0\u00a0\u00a0\u00a0\u00a0\u00a0\u00a0\u00a0\u00a0\u00a0\u00a0\u00a0\u00a0 \u00a0 \u00a0 \u00a0 \u00a0 \u00a0 \u00a0 \u00a0\u00a0 \u00a0\u00a0 &#8211; donnerstags um 17.00 Uhr \u2013 allgemeine Gruppe<\/p>\n<p><strong>Startpunkt ist immer am Parkplatz \u201eTurm-Hotel\u201c\u00a0\u00a0\u00a0\u00a0\u00a0\u00a0\u00a0\u00a0\u00a0\u00a0\u00a0\u00a0\u00a0\u00a0\u00a0\u00a0\u00a0\u00a0\u00a0\u00a0\u00a0\u00a0\u00a0\u00a0\u00a0\u00a0\u00a0\u00a0\u00a0\u00a0\u00a0\u00a0 <\/strong>(Heinersdorfer Damm 1 &#8211; 3, 16303 Schwedt\/Oder)<\/p>\n<p>W\u00e4hrend die Montagsgruppe f\u00fcr Anf\u00e4nger sowie \u00e4ltere Interessierte gut geeignet ist, sind bei der Mittwochs- und Donnerstagsgruppe gewisse Voraussetzungen erforderlich. F\u00fcr die beiden Letzteren sollte u.a. ein Rennrad die Grundvoraussetzung sein. Die Teilnahme an den genannten Fahrten ist nicht zwingend an eine Mitgliedschaft im Verein gebunden, auch wenn dies w\u00fcnschenswert w\u00e4re. Radsportinteressierte k\u00f6nnen sich auch ansonsten gern zu Fragen rund um den Radsport (Technik, Training, Ausstattung \u2026) bei uns melden. Siehe hierzu auch unsere Kontaktdaten.<\/p>\n<h6 style=\"text-align: left;\"><span style=\"font-size: 10pt;\"><strong>Mitglieder:\u00a0\u00a0<\/strong> \u00a0\u00a0\u00a0\u00a0\u00a0\u00a0\u00a0\u00a0\u00a0<span style=\"color: #0000ff;\"> <strong>31<\/strong>\u00a0<\/span>\u00a0 \u00a0 \u00a0 \u00a0 \u00a0 \u00a0 \u00a0 \u00a0 \u00a0 \u00a0 \u00a0 \u00a0 \u00a0 \u00a0 \u00a0 \u00a0 \u00a0 \u00a0 \u00a0 \u00a0 \u00a0 \u00a0 \u00a0 \u00a0 \u00a0 \u00a0 \u00a0 \u00a0 \u00a0 \u00a0 \u00a0 \u00a0\u00a0 (Stand: Februar 2026)<br \/>\n<\/span><span style=\"font-size: 10pt;\"><strong>Abteilungleiter:<\/strong>\u00a0 \u00a0Rene Gro\u00df<br \/>\n<\/span><span style=\"color: #000000;\"><span style=\"font-size: 10pt;\"><strong>Adresse:\u00a0\u00a0\u00a0\u00a0<\/strong>\u00a0\u00a0\u00a0\u00a0\u00a0\u00a0\u00a0\u00a0\u00a0\u00a0\u00a0\u00a0\u00a0\u00a0Dr.-Wilhelm-K\u00fclzviertel\u00a02b, 16303 Schwedt\/Oder<\/span><\/span><br \/>\n<span style=\"color: #000000;\"><strong><span style=\"font-size: 10pt;\">Handy:\u00a0<\/span><\/strong>\u00a0 \u00a0 \u00a0 \u00a0 \u00a0 \u00a0 \u00a0 \u00a0 \u00a0 \u00a0 \u00a0 \u00a0\u00a0 <span style=\"font-size: 10pt;\">0170 4378072<\/span><\/span><br \/>\n<span style=\"font-size: 10pt;\"><strong>E-Mail:\u00a0\u00a0\u00a0<\/strong> \u00a0\u00a0\u00a0\u00a0\u00a0\u00a0\u00a0\u00a0\u00a0\u00a0\u00a0\u00a0\u00a0\u00a0\u00a0\u00a0 <span style=\"color: #0000ff;\">rsf_bw65@t-online.de<\/span><br \/>\n<\/span><span style=\"font-size: 10pt;\"><strong>Internet:\u00a0<\/strong>\u00a0\u00a0\u00a0\u00a0\u00a0\u00a0\u00a0\u00a0\u00a0\u00a0\u00a0\u00a0\u00a0\u00a0\u00a0\u00a0<span style=\"color: #0000ff;\">\u00a0https:\/\/radsport.blauweiss65-schwedt.de<\/span><\/span><\/h6>\n<p><span style=\"color: #000000;\">Kette rechts,<\/span><br \/>\n<span style=\"color: #0000ff;\"><span style=\"color: #000000;\">Eure Radfreunde\u00a0 \u00a0 \u00a0 \u00a0 \u00a0 \u00a0 \u00a0 \u00a0 <\/span>\u00a0\u00a0\u00a0\u00a0\u00a0\u00a0\u00a0\u00a0\u00a0\u00a0\u00a0\u00a0\u00a0\u00a0\u00a0\u00a0\u00a0\u00a0\u00a0\u00a0\u00a0\u00a0\u00a0\u00a0\u00a0\u00a0\u00a0\u00a0\u00a0\u00a0\u00a0\u00a0\u00a0\u00a0\u00a0\u00a0\u00a0\u00a0\u00a0\u00a0\u00a0\u00a0\u00a0\u00a0\u00a0\u00a0\u00a0\u00a0\u00a0\u00a0\u00a0\u00a0\u00a0\u00a0 <\/span><\/p>\n","protected":false},"excerpt":{"rendered":"<p>\u00a0Die Mitglieder der Abteilung Radsport des TSV Blau-Wei\u00df 65 Schwedt begr\u00fc\u00dfen alle Interessierten auf ihrer Homepage. Die Abteilung Radsport ist in erster Linie ein Zusammenschluss radsportinteressierter Enthusiasten. Sie verbindet dabei der Spa\u00df und die Freude an gemeinsame Fahrten in der &hellip; <a href=\"https:\/\/radsport.blauweiss65-schwedt.de\/\">Weiterlesen <span class=\"meta-nav\">&rarr;<\/span><\/a><\/p>\n","protected":false},"author":3,"featured_media":0,"parent":0,"menu_order":0,"comment_status":"closed","ping_status":"closed","template":"","meta":{"footnotes":""},"class_list":["post-265","page","type-page","status-publish","hentry"],"_links":{"self":[{"href":"https:\/\/radsport.blauweiss65-schwedt.de\/index.php?rest_route=\/wp\/v2\/pages\/265","targetHints":{"allow":["GET"]}}],"collection":[{"href":"https:\/\/radsport.blauweiss65-schwedt.de\/index.php?rest_route=\/wp\/v2\/pages"}],"about":[{"href":"https:\/\/radsport.blauweiss65-schwedt.de\/index.php?rest_route=\/wp\/v2\/types\/page"}],"author":[{"embeddable":true,"href":"https:\/\/radsport.blauweiss65-schwedt.de\/index.php?rest_route=\/wp\/v2\/users\/3"}],"replies":[{"embeddable":true,"href":"https:\/\/radsport.blauweiss65-schwedt.de\/index.php?rest_route=%2Fwp%2Fv2%2Fcomments&post=265"}],"version-history":[{"count":11,"href":"https:\/\/radsport.blauweiss65-schwedt.de\/index.php?rest_route=\/wp\/v2\/pages\/265\/revisions"}],"predecessor-version":[{"id":5065,"href":"https:\/\/radsport.blauweiss65-schwedt.de\/index.php?rest_route=\/wp\/v2\/pages\/265\/revisions\/5065"}],"wp:attachment":[{"href":"https:\/\/radsport.blauweiss65-schwedt.de\/index.php?rest_route=%2Fwp%2Fv2%2Fmedia&parent=265"}],"curies":[{"name":"wp","href":"https:\/\/api.w.org\/{rel}","templated":true}]}}