{"id":2854,"date":"2017-05-07T18:48:27","date_gmt":"2017-05-07T18:48:27","guid":{"rendered":"http:\/\/radsport.blauweiss65-schwedt.de\/?page_id=2854"},"modified":"2017-06-19T17:08:34","modified_gmt":"2017-06-19T17:08:34","slug":"saisoneroeffnungsfahrt-08-04-2017","status":"publish","type":"page","link":"https:\/\/radsport.blauweiss65-schwedt.de\/?page_id=2854","title":{"rendered":"SAISONER\u00d6FFNUNGSFAHRT (08.04.2017)"},"content":{"rendered":"<p><span style=\"color: #000000;\"><strong>Radsportler starten in die Saison 2017 &#8211; Mottofahrt nach Zollbr\u00fccke<\/strong><\/span><\/p>\n<p style=\"padding-left: 90px;\"><a href=\"https:\/\/radsport.blauweiss65-schwedt.de\/wp-content\/uploads\/2017\/04\/IMG_3940-1.jpg\"><img loading=\"lazy\" decoding=\"async\" class=\"alignnone size-medium wp-image-2835\" src=\"https:\/\/radsport.blauweiss65-schwedt.de\/wp-content\/uploads\/2017\/04\/IMG_3940-1-300x130.jpg\" alt=\"\" width=\"300\" height=\"130\" srcset=\"https:\/\/radsport.blauweiss65-schwedt.de\/wp-content\/uploads\/2017\/04\/IMG_3940-1-300x130.jpg 300w, https:\/\/radsport.blauweiss65-schwedt.de\/wp-content\/uploads\/2017\/04\/IMG_3940-1-768x333.jpg 768w, https:\/\/radsport.blauweiss65-schwedt.de\/wp-content\/uploads\/2017\/04\/IMG_3940-1-1024x444.jpg 1024w, https:\/\/radsport.blauweiss65-schwedt.de\/wp-content\/uploads\/2017\/04\/IMG_3940-1.jpg 1600w\" sizes=\"auto, (max-width: 300px) 100vw, 300px\" \/><\/a><\/p>\n<p><span style=\"color: #000000;\">Treffpunkt 10.00 Uhr bei &#8222;Kanu-Butzke&#8220; hie\u00df es f\u00fcr die Radsportler des <strong><span style=\"color: #0000ff;\">TSV Blau-Wei\u00df 65 Schwedt e.V.<\/span><\/strong>, die all ihre Mitglieder und nat\u00fcrlich auch Gastfahrer zur Fahrt in den Fr\u00fchling eingeladen hatten. Momentan vereint die <span style=\"color: #0000ff;\"><span style=\"color: #000000;\">Abteilung<\/span> <strong>20 Mitglieder<\/strong><\/span>, darunter auch zwei weibliche Radsportlerinnen.<\/span><\/p>\n<p><span style=\"color: #000000;\">Am <span style=\"color: #ff6600;\"><strong>08.04.2017<\/strong><\/span> hatten sich <span style=\"color: #ff6600;\"><strong>9 <\/strong><span style=\"color: #000000;\">Pedalisten<\/span> <\/span>am Treffpunkt eingefunden, leider mussten einige wegen Krankheit und Arbeit passen, auch waren zwei Gastfahrer dabei &#8211; davon ein R\u00fcgener.<\/span><\/p>\n<p><span style=\"color: #000000;\">Das Wetter war eher weniger fr\u00fchlingshaft, kaum Sonne, ab und an ein paar Tr\u00f6pfchen von oben und auch der Wind fuhr mit.<\/span><\/p>\n<p><span style=\"color: #ff6600;\"><strong>Ziel des Saisonstarts<\/strong> war der Ort<strong> Zollbr\u00fccke<\/strong> in der Oderaue, Hin- u. R\u00fcckfahrt ca. <strong>85 km<\/strong>.<\/span><\/p>\n<p><span style=\"color: #000000;\">Gefahren wurde abseits jeglichen Verkehrs auf dem Oder-Nei\u00dfe-Radweg entlang der Hohensaaten-Friedrichsthaler-Wasserstra\u00dfe und der Oder.<\/span><\/p>\n<p><span style=\"color: #000000;\">Frisch gest\u00e4rkt verlie\u00df man Zollbr\u00fccke und kehrte auf gleichem Weg nach Schwedt zur\u00fcck, denn dort wartete Pizza und Pasta auf die hungrigen Radsportler.<\/span><\/p>\n<p style=\"padding-left: 480px;\"><span style=\"color: #000000;\">Autor: Carla Pilz<\/span><\/p>\n<p><span style=\"color: #999999;\">Homepage: Henry Felix<\/span><\/p>\n","protected":false},"excerpt":{"rendered":"<p>Radsportler starten in die Saison 2017 &#8211; Mottofahrt nach Zollbr\u00fccke Treffpunkt 10.00 Uhr bei &#8222;Kanu-Butzke&#8220; hie\u00df es f\u00fcr die Radsportler des TSV Blau-Wei\u00df 65 Schwedt e.V., die all ihre Mitglieder und nat\u00fcrlich auch Gastfahrer zur Fahrt in den Fr\u00fchling eingeladen &hellip; <a href=\"https:\/\/radsport.blauweiss65-schwedt.de\/?page_id=2854\">Weiterlesen <span class=\"meta-nav\">&rarr;<\/span><\/a><\/p>\n","protected":false},"author":3,"featured_media":0,"parent":2851,"menu_order":1,"comment_status":"closed","ping_status":"closed","template":"","meta":{"footnotes":""},"class_list":["post-2854","page","type-page","status-publish","hentry"],"_links":{"self":[{"href":"https:\/\/radsport.blauweiss65-schwedt.de\/index.php?rest_route=\/wp\/v2\/pages\/2854","targetHints":{"allow":["GET"]}}],"collection":[{"href":"https:\/\/radsport.blauweiss65-schwedt.de\/index.php?rest_route=\/wp\/v2\/pages"}],"about":[{"href":"https:\/\/radsport.blauweiss65-schwedt.de\/index.php?rest_route=\/wp\/v2\/types\/page"}],"author":[{"embeddable":true,"href":"https:\/\/radsport.blauweiss65-schwedt.de\/index.php?rest_route=\/wp\/v2\/users\/3"}],"replies":[{"embeddable":true,"href":"https:\/\/radsport.blauweiss65-schwedt.de\/index.php?rest_route=%2Fwp%2Fv2%2Fcomments&post=2854"}],"version-history":[{"count":0,"href":"https:\/\/radsport.blauweiss65-schwedt.de\/index.php?rest_route=\/wp\/v2\/pages\/2854\/revisions"}],"up":[{"embeddable":true,"href":"https:\/\/radsport.blauweiss65-schwedt.de\/index.php?rest_route=\/wp\/v2\/pages\/2851"}],"wp:attachment":[{"href":"https:\/\/radsport.blauweiss65-schwedt.de\/index.php?rest_route=%2Fwp%2Fv2%2Fmedia&parent=2854"}],"curies":[{"name":"wp","href":"https:\/\/api.w.org\/{rel}","templated":true}]}}