{"id":2873,"date":"2017-05-10T18:07:15","date_gmt":"2017-05-10T18:07:15","guid":{"rendered":"http:\/\/radsport.blauweiss65-schwedt.de\/?page_id=2873"},"modified":"2017-06-19T17:05:00","modified_gmt":"2017-06-19T17:05:00","slug":"15-spreewaldmarathon-22-04-2017","status":"publish","type":"page","link":"https:\/\/radsport.blauweiss65-schwedt.de\/?page_id=2873","title":{"rendered":"15. SPREEWALDMARATHON (22.04.2017)"},"content":{"rendered":"<p><span style=\"color: #000000;\">Beim <span style=\"color: #ff0000;\"><span style=\"color: #ff6600;\"><strong>15. SPREEWALDMARATHON<\/strong><\/span> <span style=\"color: #000000;\">am <\/span><span style=\"color: #ff6600;\"><strong>22.04.2017 <\/strong><\/span><span style=\"color: #000000;\">in <strong><span style=\"color: #008000;\">L\u00fcbbenau<\/span><\/strong><\/span> <span style=\"color: #000000;\">starteten <strong>eine<\/strong> Radsportlerin sowie <strong>8<\/strong> Radsportler des<\/span><strong><span style=\"color: #0000ff;\"> TSV BW 65<\/span><\/strong><\/span>. Zus\u00e4tzlich war noch <strong>ein<\/strong> befreundeter Fahrer angereist.<br \/>\n<\/span><\/p>\n<p><span style=\"color: #000000;\">Bis auf einen (<strong>Rene<\/strong>) reisten unsere Teilnehmer bereits am Vortag an. F\u00fcr die <span style=\"color: #ff6600;\"><strong>200 km<\/strong><\/span> Marathonfahrer organisierte <strong>Christian<\/strong> ein Quartier in <strong><span style=\"color: #008000;\">L\u00fcbbenau<\/span><\/strong>. <strong>Moni<\/strong>, <strong>Eddy<\/strong> und <strong>Werner<\/strong> fuhren die <span style=\"color: #ff6600;\"><strong>110 km<\/strong><\/span> Strecke, sie fanden Quartier in <strong><span style=\"color: #008000;\">Straupitz<\/span><\/strong>. <\/span><\/p>\n<p><span style=\"color: #000000;\">Der Start der 200 km Tour erfolgte bereits um 07:30 Uhr. Der Abend davor wurde daher entsprechend k\u00fcrzer als sonst. Zeitiges Aufstehen, Fr\u00fchst\u00fccken, Sachen packen und schon fuhr der Kleinbus zum Start der 200 km Tour nach L\u00fcbben. Die 110 km Runde startete dann auf der Schlossinsel in L\u00fcbben gegen 09:00 Uhr. Das Tempo der Tour war anfangs doch recht stressig, da sehr hoch angefangen wurde. Das Wetter an diesem Tag war zudem auch nicht so angenehm. Es war mit\u00a010\u00b0 C recht kalt. Es regnete und graupelte zeitweise immer wieder. Schlimmer aber war der heftige Wind. Anfangs noch im R\u00fccken, sp\u00e4ter als die Kr\u00e4fte nachlie\u00dfen und man auch keine Gruppe mehr zum Schutz hatte, wehte er dann von vorn. Eine sehr gute Versorgung auf der Strecke lie\u00df jedoch neue Kr\u00e4fte wachsen. Das Ziel haben dann alle erfolgreich und ohne Blessuren erreicht. Nachdem alle unse Teilnehmer das Ziel erreicht hatten, kehrten wir in unsere Quartiere zur\u00fcck. Hier wurde geduscht, sich umgezogen und dann ging es nochmal zur\u00fcck nach L\u00fcbben. <\/span><\/p>\n<p><span style=\"color: #000000;\">Hier machten wir eine sch\u00f6ne Kahnfahrt von 1,5 Stunden bei immer noch frischen Temperaturen auf der Spree. Ein gutes Essen in einem nahegelegenen Restaurant beendete dann den sch\u00f6nen Tag. Dann ging es zur\u00fcck in die Quartiere. Die Nacht wurde dann auch noch k\u00fcrzer als gedacht. Ein sch\u00f6nes gemeinsames Wochenende mit einer sportlicher Herausforderung fand sein Ende. Nach einem gemeinsamen Fr\u00fchst\u00fcck am n\u00e4chsten Morgen ging es zur\u00fcck in die Heimat.<\/span><\/p>\n<p><span style=\"color: #000000;\"><strong>Teilnehmer<\/strong><span style=\"color: #0000ff;\"><span style=\"color: #000000;\"> waren:<\/span>\u00a0\u00a0 \u00a0 \u00a0 <span style=\"color: #000000;\">\u00fcber<\/span> <span style=\"color: #ff6600;\">110 km<\/span>\u00a0<span style=\"color: #000000;\"> &#8211;\u00a0<strong> Moni<\/strong>, <strong>Eddy<\/strong> und <strong>Werner<\/strong><\/span> <\/span><\/span><\/p>\n<p style=\"padding-left: 120px;\"><span style=\"color: #0000ff;\">\u00a0 \u00a0 \u00a0\u00a0\u00a0<span style=\"color: #000000;\"> \u00fcber<\/span> <span style=\"color: #ff6600;\">200 km<\/span>\u00a0 <span style=\"color: #000000;\">&#8211;\u00a0 <strong>Martin<\/strong>,<strong> Christian<\/strong>, <strong>Sigmar<\/strong>, <strong>Rene<\/strong>, <strong>Kay<\/strong> u. <strong>Eckhard<\/strong><\/span> <\/span><\/p>\n<p style=\"padding-left: 240px;\"><span style=\"color: #0000ff;\">\u00a0 \u00a0 <span style=\"color: #000000;\">sowie <strong>Robert<\/strong> (ein Freund von Christian)<\/span><\/span><\/p>\n<p><span style=\"color: #000000;\"><strong>Anmerkung:<\/strong> Dabei waren auch <strong>zwei Prenzlauer L\u00e4ufer<\/strong>. Diese starteten beim <strong>Halbmarathon<\/strong>.<\/span><\/p>\n<p style=\"padding-left: 480px;\"><span style=\"color: #000000;\">Autor: E. Kurth<\/span><\/p>\n","protected":false},"excerpt":{"rendered":"<p>Beim 15. SPREEWALDMARATHON am 22.04.2017 in L\u00fcbbenau starteten eine Radsportlerin sowie 8 Radsportler des TSV BW 65. Zus\u00e4tzlich war noch ein befreundeter Fahrer angereist. Bis auf einen (Rene) reisten unsere Teilnehmer bereits am Vortag an. F\u00fcr die 200 km Marathonfahrer &hellip; <a href=\"https:\/\/radsport.blauweiss65-schwedt.de\/?page_id=2873\">Weiterlesen <span class=\"meta-nav\">&rarr;<\/span><\/a><\/p>\n","protected":false},"author":3,"featured_media":0,"parent":2851,"menu_order":1,"comment_status":"closed","ping_status":"closed","template":"","meta":{"footnotes":""},"class_list":["post-2873","page","type-page","status-publish","hentry"],"_links":{"self":[{"href":"https:\/\/radsport.blauweiss65-schwedt.de\/index.php?rest_route=\/wp\/v2\/pages\/2873","targetHints":{"allow":["GET"]}}],"collection":[{"href":"https:\/\/radsport.blauweiss65-schwedt.de\/index.php?rest_route=\/wp\/v2\/pages"}],"about":[{"href":"https:\/\/radsport.blauweiss65-schwedt.de\/index.php?rest_route=\/wp\/v2\/types\/page"}],"author":[{"embeddable":true,"href":"https:\/\/radsport.blauweiss65-schwedt.de\/index.php?rest_route=\/wp\/v2\/users\/3"}],"replies":[{"embeddable":true,"href":"https:\/\/radsport.blauweiss65-schwedt.de\/index.php?rest_route=%2Fwp%2Fv2%2Fcomments&post=2873"}],"version-history":[{"count":0,"href":"https:\/\/radsport.blauweiss65-schwedt.de\/index.php?rest_route=\/wp\/v2\/pages\/2873\/revisions"}],"up":[{"embeddable":true,"href":"https:\/\/radsport.blauweiss65-schwedt.de\/index.php?rest_route=\/wp\/v2\/pages\/2851"}],"wp:attachment":[{"href":"https:\/\/radsport.blauweiss65-schwedt.de\/index.php?rest_route=%2Fwp%2Fv2%2Fmedia&parent=2873"}],"curies":[{"name":"wp","href":"https:\/\/api.w.org\/{rel}","templated":true}]}}