{"id":304,"date":"2013-11-21T15:07:02","date_gmt":"2013-11-21T15:07:02","guid":{"rendered":"http:\/\/radsport.blauweiss65-schwedt.de\/?page_id=304"},"modified":"2024-12-21T19:13:05","modified_gmt":"2024-12-21T19:13:05","slug":"kontakte-2","status":"publish","type":"page","link":"https:\/\/radsport.blauweiss65-schwedt.de\/?page_id=304","title":{"rendered":"Kontakte"},"content":{"rendered":"<p style=\"text-align: center;\"><span style=\"color: #000000;\"><span style=\"color: #ff6600;\">Hier<\/span> findet Ihr einen <a title=\"Aufnahmeantrag\" href=\"https:\/\/radsport.blauweiss65-schwedt.de\/wp-content\/uploads\/2023\/04\/Aufnahmeantrag.pdf\" target=\"_blank\" rel=\"noopener noreferrer\"><strong><span style=\"color: #0000ff;\">AUFNAHMEANTRAG<\/span><\/strong><\/a> <strong><span style=\"color: #0000ff;\">des TSV BW65<\/span><\/strong> <span style=\"color: #ff6600;\">zum ausdrucken<\/span> <span style=\"color: #ff6600;\">!\u00a0\u00a0\u00a0\u00a0\u00a0\u00a0 <\/span><\/span><span style=\"color: #000000;\">Hier findet ihr die\u00a0 <strong>Gesch\u00e4ftsstelle<\/strong>.<\/span><\/p>\n<p style=\"text-align: center;\"><a href=\"https:\/\/radsport.blauweiss65-schwedt.de\/wp-content\/uploads\/2013\/11\/Bearbeitet.jpg\"><img loading=\"lazy\" decoding=\"async\" class=\"size-medium wp-image-308 aligncenter\" src=\"https:\/\/radsport.blauweiss65-schwedt.de\/wp-content\/uploads\/2013\/11\/Bearbeitet-300x166.jpg\" alt=\"Bearbeitet\" width=\"353\" height=\"193\" \/><\/a><\/p>\n<p style=\"text-align: center;\"><strong><span style=\"color: #0000ff;\">TSV Blau Wei\u00df 65 Schwedt e.V. <\/span><\/strong><strong><span style=\"color: #0000ff;\">Abteilung Radsport<br \/>\n<\/span><\/strong><span style=\"color: #000000;\">Dr. &#8211; Wilhelm &#8211; K\u00fclzviertel\u00a0 2b<br \/>\n<\/span><span style=\"color: #000000;\">16303 Schwedt \/ Oder<\/span><\/p>\n<p><a href=\"https:\/\/radsport.blauweiss65-schwedt.de\/wp-content\/uploads\/2013\/11\/IMG-20130926-WA0016.jpg\"><img loading=\"lazy\" decoding=\"async\" class=\"size-medium wp-image-339 aligncenter\" src=\"https:\/\/radsport.blauweiss65-schwedt.de\/wp-content\/uploads\/2013\/11\/IMG-20130926-WA0016-221x300.jpg\" alt=\"IMG-20130926-WA0016\" width=\"221\" height=\"300\" srcset=\"https:\/\/radsport.blauweiss65-schwedt.de\/wp-content\/uploads\/2013\/11\/IMG-20130926-WA0016-221x300.jpg 221w, https:\/\/radsport.blauweiss65-schwedt.de\/wp-content\/uploads\/2013\/11\/IMG-20130926-WA0016.jpg 416w\" sizes=\"auto, (max-width: 221px) 100vw, 221px\" \/><\/a><\/p>\n<p>&nbsp;<\/p>\n","protected":false},"excerpt":{"rendered":"<p>Hier findet Ihr einen AUFNAHMEANTRAG des TSV BW65 zum ausdrucken !\u00a0\u00a0\u00a0\u00a0\u00a0\u00a0 Hier findet ihr die\u00a0 Gesch\u00e4ftsstelle. TSV Blau Wei\u00df 65 Schwedt e.V. Abteilung Radsport Dr. &#8211; Wilhelm &#8211; K\u00fclzviertel\u00a0 2b 16303 Schwedt \/ Oder &nbsp;<\/p>\n","protected":false},"author":3,"featured_media":0,"parent":0,"menu_order":6,"comment_status":"open","ping_status":"open","template":"onecolumn-page.php","meta":{"footnotes":""},"class_list":["post-304","page","type-page","status-publish","hentry"],"_links":{"self":[{"href":"https:\/\/radsport.blauweiss65-schwedt.de\/index.php?rest_route=\/wp\/v2\/pages\/304","targetHints":{"allow":["GET"]}}],"collection":[{"href":"https:\/\/radsport.blauweiss65-schwedt.de\/index.php?rest_route=\/wp\/v2\/pages"}],"about":[{"href":"https:\/\/radsport.blauweiss65-schwedt.de\/index.php?rest_route=\/wp\/v2\/types\/page"}],"author":[{"embeddable":true,"href":"https:\/\/radsport.blauweiss65-schwedt.de\/index.php?rest_route=\/wp\/v2\/users\/3"}],"replies":[{"embeddable":true,"href":"https:\/\/radsport.blauweiss65-schwedt.de\/index.php?rest_route=%2Fwp%2Fv2%2Fcomments&post=304"}],"version-history":[{"count":2,"href":"https:\/\/radsport.blauweiss65-schwedt.de\/index.php?rest_route=\/wp\/v2\/pages\/304\/revisions"}],"predecessor-version":[{"id":4996,"href":"https:\/\/radsport.blauweiss65-schwedt.de\/index.php?rest_route=\/wp\/v2\/pages\/304\/revisions\/4996"}],"wp:attachment":[{"href":"https:\/\/radsport.blauweiss65-schwedt.de\/index.php?rest_route=%2Fwp%2Fv2%2Fmedia&parent=304"}],"curies":[{"name":"wp","href":"https:\/\/api.w.org\/{rel}","templated":true}]}}