{"id":3136,"date":"2017-06-19T16:51:28","date_gmt":"2017-06-19T16:51:28","guid":{"rendered":"http:\/\/radsport.blauweiss65-schwedt.de\/?page_id=3136"},"modified":"2017-06-19T17:00:26","modified_gmt":"2017-06-19T17:00:26","slug":"angermuender-radlerfruehling-01-05-17","status":"publish","type":"page","link":"https:\/\/radsport.blauweiss65-schwedt.de\/?page_id=3136","title":{"rendered":"ANGERM\u00dcNDER RADLERFR\u00dcHLING (01.05.17)"},"content":{"rendered":"<p><span style=\"font-size: small;\"><span style=\"color: #0000ff;\"><span style=\"color: #000000;\">Am Montag den<\/span> <span style=\"color: #ff6600;\"><strong>01<\/strong><\/span><\/span><span style=\"color: #ff6600;\"><strong>.05.2017<\/strong><\/span><span style=\"color: #000000;\"> hat der <\/span><span style=\"color: #ff6600;\"><strong>ANGERM\u00dcNDER RADLERFR\u00dcHLING<\/strong><\/span><span style=\"color: #000000;\"> stattgefunden. <\/span><\/span><\/p>\n<p><span style=\"font-size: small;\"><span style=\"color: #0000ff;\"><strong><span style=\"color: #000000;\">Vier<\/span><\/strong> <span style=\"color: #000000;\">Mitglieder des<\/span> <strong>TSV BW 65 Schwedt<\/strong><span style=\"color: #000000;\"> und<\/span> <span style=\"color: #000000;\"><strong>drei<\/strong><\/span> <span style=\"color: #000000;\">befreundete <strong>Gastfahrer<\/strong> haben deshalb eine Besuchsfahrt nach <span style=\"color: #339966;\"><strong>Angerm\u00fcnde<\/strong> <\/span>gestartet.<\/span> <\/span><\/span><\/p>\n<p><span style=\"font-size: small;\"><span style=\"color: #0000ff;\"><span style=\"color: #ff0000;\"><span style=\"color: #000000;\">Wir hatten uns gegen <\/span><span style=\"color: #ff6600;\"><strong>10:00 Uhr<\/strong><\/span><span style=\"color: #000000;\"> am Wasserturm in<\/span> <strong><span style=\"color: #008000;\">Schwedt<\/span><\/strong> <span style=\"color: #000000;\">getroffen und sind bei sonnig-, trockenem Wetter insgesamt ca.<\/span> <span style=\"color: #ff6600;\"><strong>70 km<\/strong> <\/span><span style=\"color: #000000;\">gefahren. Die Fahrt startete von<\/span> <span style=\"color: #008000;\"><strong>Schwedt<\/strong><\/span> <span style=\"color: #000000;\">\u00fcber den Deichradweg nach <\/span><strong><span style=\"color: #008000;\">Stolpe<\/span><\/strong><span style=\"color: #000000;\">, quer nach <\/span><strong><span style=\"color: #008000;\">Dobberzin\u00a0<\/span><\/strong> <span style=\"color: #000000;\">und<\/span><strong><span style=\"color: #008000;\"> Angerm\u00fcnde<\/span><\/strong><span style=\"color: #0000ff;\">. <span style=\"color: #000000;\">Dort g\u00f6nnten wir uns beim Radlerfr\u00fchlingsfest eine kurze Rast (ca. 11:10-11:30 Uhr) mit Cola, Kaffee und Bratwurst. Die Veranstaltung war zu diesem Zeitpunkt aber noch nicht so gut besucht. Bei unserer Ankunft nutzte daher ein MOZ-Fotograf sofort die Gelegenheit unsere Gruppe abzulichten. Wir hoffen auf ein gelungenes Foto!<\/span><\/span> <\/span><\/span><\/span><\/p>\n<p><a href=\"https:\/\/radsport.blauweiss65-schwedt.de\/wp-content\/uploads\/2017\/05\/2017-05-01-11.16.14.jpg\"><img loading=\"lazy\" decoding=\"async\" class=\"alignnone size-medium wp-image-2814\" src=\"https:\/\/radsport.blauweiss65-schwedt.de\/wp-content\/uploads\/2017\/05\/2017-05-01-11.16.14-300x225.jpg\" alt=\"\" width=\"300\" height=\"225\" srcset=\"https:\/\/radsport.blauweiss65-schwedt.de\/wp-content\/uploads\/2017\/05\/2017-05-01-11.16.14-300x225.jpg 300w, https:\/\/radsport.blauweiss65-schwedt.de\/wp-content\/uploads\/2017\/05\/2017-05-01-11.16.14-768x576.jpg 768w, https:\/\/radsport.blauweiss65-schwedt.de\/wp-content\/uploads\/2017\/05\/2017-05-01-11.16.14-1024x768.jpg 1024w, https:\/\/radsport.blauweiss65-schwedt.de\/wp-content\/uploads\/2017\/05\/2017-05-01-11.16.14.jpg 2048w\" sizes=\"auto, (max-width: 300px) 100vw, 300px\" \/><\/a><a href=\"https:\/\/radsport.blauweiss65-schwedt.de\/wp-content\/uploads\/2017\/05\/2017-05-01-11.15.59.jpg\"><img loading=\"lazy\" decoding=\"async\" class=\"alignnone size-medium wp-image-2813\" src=\"https:\/\/radsport.blauweiss65-schwedt.de\/wp-content\/uploads\/2017\/05\/2017-05-01-11.15.59-300x225.jpg\" alt=\"\" width=\"300\" height=\"225\" srcset=\"https:\/\/radsport.blauweiss65-schwedt.de\/wp-content\/uploads\/2017\/05\/2017-05-01-11.15.59-300x225.jpg 300w, https:\/\/radsport.blauweiss65-schwedt.de\/wp-content\/uploads\/2017\/05\/2017-05-01-11.15.59-768x576.jpg 768w, https:\/\/radsport.blauweiss65-schwedt.de\/wp-content\/uploads\/2017\/05\/2017-05-01-11.15.59-1024x768.jpg 1024w, https:\/\/radsport.blauweiss65-schwedt.de\/wp-content\/uploads\/2017\/05\/2017-05-01-11.15.59.jpg 2048w\" sizes=\"auto, (max-width: 300px) 100vw, 300px\" \/><\/a><\/p>\n<p><span style=\"font-size: small;\"><span style=\"color: #0000ff;\"><span style=\"color: #ff0000;\"><span style=\"color: #000000;\">Weiter ging es dann nach<\/span> <strong><span style=\"color: #008000;\">Greiffenberg<\/span><\/strong><span style=\"color: #339966;\"><strong>.<\/strong><\/span><span style=\"color: #000000;\"> Dort besuchten wir unser Vereinsmitglied<strong> Monika Baum\u00fcller,<\/strong> die auf dem dort stattfindenden Flohmarkt mit einem Verkaufsstand vertreten war. Sie versorgte uns mit guter Laune und warmen Kaffee.\u00a0(ca. 12:00-12:20 Uhr)<\/span><\/span> <\/span><\/span><\/p>\n<p style=\"padding-left: 120px;\"><a href=\"https:\/\/radsport.blauweiss65-schwedt.de\/wp-content\/uploads\/2017\/05\/20170501_115511.jpg\"><img loading=\"lazy\" decoding=\"async\" class=\"alignnone size-medium wp-image-2812\" src=\"https:\/\/radsport.blauweiss65-schwedt.de\/wp-content\/uploads\/2017\/05\/20170501_115511-300x169.jpg\" alt=\"\" width=\"300\" height=\"169\" srcset=\"https:\/\/radsport.blauweiss65-schwedt.de\/wp-content\/uploads\/2017\/05\/20170501_115511-300x169.jpg 300w, https:\/\/radsport.blauweiss65-schwedt.de\/wp-content\/uploads\/2017\/05\/20170501_115511-768x432.jpg 768w, https:\/\/radsport.blauweiss65-schwedt.de\/wp-content\/uploads\/2017\/05\/20170501_115511-1024x576.jpg 1024w\" sizes=\"auto, (max-width: 300px) 100vw, 300px\" \/><\/a><\/p>\n<p><span style=\"font-size: small;\"><span style=\"color: #0000ff;\"><span style=\"color: #ff0000;\"><span style=\"color: #000000;\">Die anschlie\u00dfende R\u00fcckfahrt f\u00fchrte dann \u00fcber <\/span><strong><span style=\"color: #008000;\">Biesenbrow, Sch\u00f6nermark, Passow<\/span><\/strong><span style=\"color: #000000;\"> und die<\/span><strong><span style=\"color: #008000;\">\u00a0 B166<\/span><\/strong><span style=\"color: #000000;\"> zur\u00fcck nach<\/span> <strong><span style=\"color: #008000;\">Schwedt<\/span><\/strong> <\/span><\/span><\/span><span style=\"font-size: small;\"><span style=\"color: #0000ff;\"><span style=\"color: #ff0000;\"><span style=\"color: #008000;\"><span style=\"color: #000000;\">(Ankunft ca. 13:45 Uhr)<\/span><\/span><\/span><\/span><\/span><span style=\"font-size: small; color: #000000;\">.\u00a0 Die Fahrt wurde durch den herrschenden starken, b\u00f6igen Wind doch insgesamt anspruchsvoller als gedacht.\u00a0<\/span><\/p>\n<p><span style=\"font-size: small; color: #000000;\">Mit dabei waren:<\/span><\/p>\n<p><span style=\"font-size: small;\"><span style=\"color: #0000ff;\"> <strong><span style=\"color: #000000;\">Martina L\u00f6hrs\/<\/span><\/strong><span style=\"color: #008000;\"><strong>Casekow<\/strong>,<\/span> <strong><span style=\"color: #000000;\">Wolfgang Baum\u00fcller<\/span><\/strong><span style=\"color: #000000;\">\/<\/span><span style=\"color: #008000;\"><strong>Greiffenberg<\/strong><\/span><strong><span style=\"color: #008000;\">,<\/span> <span style=\"color: #000000;\">Dietmar Werth\/<\/span><\/strong><span style=\"color: #008000;\"><strong>Sch\u00f6neberg, <\/strong><\/span><span style=\"color: #000000;\"><strong>Uwe Strassburg,<\/strong> <strong>Axel Dittmer, Werner Ehrlich,<\/strong><\/span> <strong><span style=\"color: #000000;\">Henry Felix<\/span><span style=\"color: #000000;\">\/<\/span><span style=\"color: #000000;\"><span style=\"color: #008000;\">Schwedt<\/span> <\/span><\/strong> <\/span><\/span><\/p>\n<p>Wir hoffen, das im n\u00e4chsten Jahr vieleicht eine etwas gr\u00f6\u00dfere Gruppe vertreten sein wird.<\/p>\n<p>\ud83d\ude42\u00a0\u00a0\u00a0 Sch\u00f6ne Gr\u00fc\u00dfe an alle<\/p>\n<div id=\"attachment_1995\" style=\"width: 173px\" class=\"wp-caption alignnone\"><a href=\"https:\/\/radsport.blauweiss65-schwedt.de\/wp-content\/uploads\/2015\/06\/2014-05-18-09.16.13-Kopie.jpg\" rel=\"attachment wp-att-1995\"><img loading=\"lazy\" decoding=\"async\" aria-describedby=\"caption-attachment-1995\" class=\"wp-image-1995\" src=\"https:\/\/radsport.blauweiss65-schwedt.de\/wp-content\/uploads\/2015\/06\/2014-05-18-09.16.13-Kopie-233x300.jpg\" alt=\"2014-05-18 09.16.13 - Kopie\" width=\"163\" height=\"210\" srcset=\"https:\/\/radsport.blauweiss65-schwedt.de\/wp-content\/uploads\/2015\/06\/2014-05-18-09.16.13-Kopie-233x300.jpg 233w, https:\/\/radsport.blauweiss65-schwedt.de\/wp-content\/uploads\/2015\/06\/2014-05-18-09.16.13-Kopie.jpg 480w\" sizes=\"auto, (max-width: 163px) 100vw, 163px\" \/><\/a><p id=\"caption-attachment-1995\" class=\"wp-caption-text\">Autor: Henry Felix<\/p><\/div>\n","protected":false},"excerpt":{"rendered":"<p>Am Montag den 01.05.2017 hat der ANGERM\u00dcNDER RADLERFR\u00dcHLING stattgefunden. Vier Mitglieder des TSV BW 65 Schwedt und drei befreundete Gastfahrer haben deshalb eine Besuchsfahrt nach Angerm\u00fcnde gestartet. Wir hatten uns gegen 10:00 Uhr am Wasserturm in Schwedt getroffen und sind &hellip; <a href=\"https:\/\/radsport.blauweiss65-schwedt.de\/?page_id=3136\">Weiterlesen <span class=\"meta-nav\">&rarr;<\/span><\/a><\/p>\n","protected":false},"author":3,"featured_media":0,"parent":2851,"menu_order":2,"comment_status":"closed","ping_status":"closed","template":"","meta":{"footnotes":""},"class_list":["post-3136","page","type-page","status-publish","hentry"],"_links":{"self":[{"href":"https:\/\/radsport.blauweiss65-schwedt.de\/index.php?rest_route=\/wp\/v2\/pages\/3136","targetHints":{"allow":["GET"]}}],"collection":[{"href":"https:\/\/radsport.blauweiss65-schwedt.de\/index.php?rest_route=\/wp\/v2\/pages"}],"about":[{"href":"https:\/\/radsport.blauweiss65-schwedt.de\/index.php?rest_route=\/wp\/v2\/types\/page"}],"author":[{"embeddable":true,"href":"https:\/\/radsport.blauweiss65-schwedt.de\/index.php?rest_route=\/wp\/v2\/users\/3"}],"replies":[{"embeddable":true,"href":"https:\/\/radsport.blauweiss65-schwedt.de\/index.php?rest_route=%2Fwp%2Fv2%2Fcomments&post=3136"}],"version-history":[{"count":0,"href":"https:\/\/radsport.blauweiss65-schwedt.de\/index.php?rest_route=\/wp\/v2\/pages\/3136\/revisions"}],"up":[{"embeddable":true,"href":"https:\/\/radsport.blauweiss65-schwedt.de\/index.php?rest_route=\/wp\/v2\/pages\/2851"}],"wp:attachment":[{"href":"https:\/\/radsport.blauweiss65-schwedt.de\/index.php?rest_route=%2Fwp%2Fv2%2Fmedia&parent=3136"}],"curies":[{"name":"wp","href":"https:\/\/api.w.org\/{rel}","templated":true}]}}