{"id":3158,"date":"2017-06-23T11:32:13","date_gmt":"2017-06-23T11:32:13","guid":{"rendered":"http:\/\/radsport.blauweiss65-schwedt.de\/?page_id=3158"},"modified":"2019-03-03T10:32:04","modified_gmt":"2019-03-03T10:32:04","slug":"impessum","status":"publish","type":"page","link":"https:\/\/radsport.blauweiss65-schwedt.de\/?page_id=3158","title":{"rendered":"Impressum"},"content":{"rendered":"<p>TSV Blau-Wei\u00df 65 Schwedt e.V.<br \/>\nDr.-W.-K\u00fclz-Viertel 2b<br \/>\n16303 Schwedt\/Oder<br \/>\nTelefon 03332 419967 und Telefax 03332 268466<br \/>\nE-Mail: <a href=\"mailto:tsv-blauweiss65sdt@swschwedt.de\">tsv-blauweiss65sdt@swschwedt.de<\/a><\/p>\n<p>Vereinsregister:\u00a0Amtsgericht Neuruppin VR 4320 NP<\/p>\n<p>Ansprechpartner f\u00fcr das Internetangebot www.blauweiss65-schwedt.de:<br \/>\nLade Gerald<\/p>\n<p>Telefon: 03332 419967<br \/>\nE-Mail: <a href=\"mailto:tsv-schwedt@t-online.de\">tsv-schwedt@t-online.de<\/a><\/p>\n<p>Erkl\u00e4rung: F\u00fcr alle externen Links auf unseren Seiten gilt: Wir haben keinerlei Einfluss auf die Gestaltung und die Inhalte der verlinkten Seiten. Deshalb distanzieren wir uns ausdr\u00fccklich von allen Inhalten aller verlinkten Seiten und machen uns ihre Inhalte nicht zu Eigen.<\/p>\n<p>Die verwendeten Grafiken und Bilder sowie die Beitr\u00e4ge sind urheberrechtlich gesch\u00fctzt. Alle Informationen dienen ausschlie\u00dflich zur pers\u00f6nlichen Information. Eine kommerzielle Nutzung unserer Homepage ist nicht erlaubt.<\/p>\n","protected":false},"excerpt":{"rendered":"<p>TSV Blau-Wei\u00df 65 Schwedt e.V. Dr.-W.-K\u00fclz-Viertel 2b 16303 Schwedt\/Oder Telefon 03332 419967 und Telefax 03332 268466 E-Mail: tsv-blauweiss65sdt@swschwedt.de Vereinsregister:\u00a0Amtsgericht Neuruppin VR 4320 NP Ansprechpartner f\u00fcr das Internetangebot www.blauweiss65-schwedt.de: Lade Gerald Telefon: 03332 419967 E-Mail: tsv-schwedt@t-online.de Erkl\u00e4rung: F\u00fcr alle externen Links &hellip; <a href=\"https:\/\/radsport.blauweiss65-schwedt.de\/?page_id=3158\">Weiterlesen <span class=\"meta-nav\">&rarr;<\/span><\/a><\/p>\n","protected":false},"author":3,"featured_media":0,"parent":0,"menu_order":8,"comment_status":"closed","ping_status":"closed","template":"onecolumn-page.php","meta":{"footnotes":""},"class_list":["post-3158","page","type-page","status-publish","hentry"],"_links":{"self":[{"href":"https:\/\/radsport.blauweiss65-schwedt.de\/index.php?rest_route=\/wp\/v2\/pages\/3158","targetHints":{"allow":["GET"]}}],"collection":[{"href":"https:\/\/radsport.blauweiss65-schwedt.de\/index.php?rest_route=\/wp\/v2\/pages"}],"about":[{"href":"https:\/\/radsport.blauweiss65-schwedt.de\/index.php?rest_route=\/wp\/v2\/types\/page"}],"author":[{"embeddable":true,"href":"https:\/\/radsport.blauweiss65-schwedt.de\/index.php?rest_route=\/wp\/v2\/users\/3"}],"replies":[{"embeddable":true,"href":"https:\/\/radsport.blauweiss65-schwedt.de\/index.php?rest_route=%2Fwp%2Fv2%2Fcomments&post=3158"}],"version-history":[{"count":0,"href":"https:\/\/radsport.blauweiss65-schwedt.de\/index.php?rest_route=\/wp\/v2\/pages\/3158\/revisions"}],"wp:attachment":[{"href":"https:\/\/radsport.blauweiss65-schwedt.de\/index.php?rest_route=%2Fwp%2Fv2%2Fmedia&parent=3158"}],"curies":[{"name":"wp","href":"https:\/\/api.w.org\/{rel}","templated":true}]}}