{"id":3399,"date":"2017-12-01T10:38:13","date_gmt":"2017-12-01T10:38:13","guid":{"rendered":"http:\/\/radsport.blauweiss65-schwedt.de\/?page_id=3399"},"modified":"2017-12-01T10:38:13","modified_gmt":"2017-12-01T10:38:13","slug":"16-um-meisterschaft-im-radsport-13-08-2017","status":"publish","type":"page","link":"https:\/\/radsport.blauweiss65-schwedt.de\/?page_id=3399","title":{"rendered":"16. UM-MEISTERSCHAFT IM RADSPORT (13.08.2017)"},"content":{"rendered":"<p><strong>Bericht<\/strong><\/p>\n<p><span style=\"color: #000000;\">Am <strong>13.08.2017<\/strong> startete zum <strong>16. Mal die Offenen Uckmark-Meisterschaften im Radsport<\/strong>. Und wie jedes Jahr mit den wenigsten Radsportlern aus der Uckermark. Der TSV beteiligte sich in diesem Jahr mit einer starken Truppe von insgesamt <span style=\"color: #0000ff;\"><strong>6<\/strong> <strong>Fahrern<\/strong><\/span> an dem Rennen. Aus der gesamten <span style=\"color: #008000;\"><strong>Uckermark<\/strong><\/span> waren insgesamt nur 11 Fahrer am Start.<\/span><\/p>\n<p><span style=\"color: #000000;\">Die Ergebnisse des Rennens k\u00f6nnen sich aus TSV Sicht durchaus sehen lassen.<\/span><\/p>\n<p><span style=\"color: #000000;\"><strong>Torsten<\/strong> belegte einen hervorragenden <span style=\"color: #ff0000;\">13. Platz<\/span> in der Gesamtwertung von insgesamt <strong><span style=\"color: #ff0000;\">120 Startern<\/span><\/strong>. In seiner Altersklasse, Senioren 2 erzielte er damit den <span style=\"color: #ff6600;\">6. Platz<\/span>. Beeindruckend in jedem Fall die erzielte Durchschnittsgeschwindigkeit\u00a0 von <span style=\"color: #ff0000;\">44,08km\/h<\/span> sowie der geringe Abstand von gerade mal 2 Sekunden zum Sieger.\u00a0 Kleinere taktische Fehler verhinderten eine noch bessere Platzierung. <\/span><\/p>\n<p><span style=\"color: #000000;\">Fast gleichlautend das sehr gute Ergebnis von <strong>Christian<\/strong>, der dem Tempo der Hauptgruppe bis zum Ziel folgen konnte. Entsprechend waren seine Ergebnisse. Er belegte den <span style=\"color: #ff0000;\">37. Platz<\/span> in der Gesamtwertung und den <span style=\"color: #ff6600;\">22.<\/span> in der Alterklasse M\u00e4nner, den mit 52Fahrern st\u00e4rksten Block. Seine Durchschnittsgeschwindigkeit betrug <span style=\"color: #ff0000;\">44,07km\/h<\/span>. Er hatte einen Abstand von nur 4 Sekunden zum Sieger.<\/span><\/p>\n<p><span style=\"color: #000000;\">Die N\u00e4chstplatzierten waren <strong>Martin<\/strong> als Gesamt <span style=\"color: #ff0000;\">71.<\/span> &#8211; AK<span style=\"color: #ff6600;\"> 6.<\/span> Senioren 3 mit<span style=\"color: #ff0000;\"> 36,75 km\/h<\/span>, <strong>Eckhard<\/strong> Gesamt <span style=\"color: #ff0000;\">75<\/span>. &#8211; AK <span style=\"color: #ff6600;\">2.<\/span> Senioren 4 mit <span style=\"color: #ff0000;\">36,67km\/h<\/span> , <strong>Robert<\/strong> als Gesamt <span style=\"color: #ff0000;\">89.<\/span> &#8211; AK <span style=\"color: #ff6600;\">52.<\/span> M\u00e4nner mit <span style=\"color: #ff0000;\">36,29km\/h<\/span> sowie <strong>Sigmar<\/strong> als Gesamt<span style=\"color: #ff0000;\"> 99.<\/span>&#8211; AK <span style=\"color: #ff6600;\">8.<\/span> Senioren 4 mit einer Durchschnittsgeschwindigkeit von <span style=\"color: #ff0000;\">34,41km\/h.<\/span><\/span><\/p>\n<p><span style=\"color: #000000;\">Die allgemeinen Bedingungen waren sehr gut. Nachdem es noch am Vortag stark geregnet hatte schien am Renntag die Sonne. Es war mal wieder ein tolles Ereignis das durchaus noch mehr Fahrerinnen und Fahrer des TSV vertragen k\u00f6nnte. Gerade bei den Frauen in den h\u00f6heren Altersklassen gibt es bis auf Frau Helamann-Krause keine weiteren Teilnehmerinnen.<\/span><\/p>\n<p><span style=\"color: #000000;\">Sch\u00f6ne Gr\u00fc\u00dfe an Alle &#8211; immer Kette rechts<\/span><\/p>\n<p><a href=\"https:\/\/radsport.blauweiss65-schwedt.de\/wp-content\/uploads\/2017\/05\/IMG-20170506-WA0036.jpg\"><img loading=\"lazy\" decoding=\"async\" class=\"alignnone size-medium wp-image-2932\" src=\"https:\/\/radsport.blauweiss65-schwedt.de\/wp-content\/uploads\/2017\/05\/IMG-20170506-WA0036-300x225.jpg\" alt=\"\" width=\"300\" height=\"225\" srcset=\"https:\/\/radsport.blauweiss65-schwedt.de\/wp-content\/uploads\/2017\/05\/IMG-20170506-WA0036-300x225.jpg 300w, https:\/\/radsport.blauweiss65-schwedt.de\/wp-content\/uploads\/2017\/05\/IMG-20170506-WA0036-768x576.jpg 768w, https:\/\/radsport.blauweiss65-schwedt.de\/wp-content\/uploads\/2017\/05\/IMG-20170506-WA0036-1024x768.jpg 1024w, https:\/\/radsport.blauweiss65-schwedt.de\/wp-content\/uploads\/2017\/05\/IMG-20170506-WA0036.jpg 1280w\" sizes=\"auto, (max-width: 300px) 100vw, 300px\" \/> Eckhard Kurth <span style=\"color: #999999;\">\u00a0\u00a0\u00a0\u00a0\u00a0\u00a0\u00a0\u00a0\u00a0\u00a0\u00a0\u00a0\u00a0\u00a0\u00a0\u00a0\u00a0\u00a0\u00a0\u00a0\u00a0\u00a0\u00a0\u00a0\u00a0\u00a0\u00a0\u00a0\u00a0 Autor: H.Felix<\/span><\/a><\/p>\n","protected":false},"excerpt":{"rendered":"<p>Bericht Am 13.08.2017 startete zum 16. Mal die Offenen Uckmark-Meisterschaften im Radsport. Und wie jedes Jahr mit den wenigsten Radsportlern aus der Uckermark. Der TSV beteiligte sich in diesem Jahr mit einer starken Truppe von insgesamt 6 Fahrern an dem &hellip; <a href=\"https:\/\/radsport.blauweiss65-schwedt.de\/?page_id=3399\">Weiterlesen <span class=\"meta-nav\">&rarr;<\/span><\/a><\/p>\n","protected":false},"author":3,"featured_media":0,"parent":2851,"menu_order":5,"comment_status":"closed","ping_status":"closed","template":"","meta":{"footnotes":""},"class_list":["post-3399","page","type-page","status-publish","hentry"],"_links":{"self":[{"href":"https:\/\/radsport.blauweiss65-schwedt.de\/index.php?rest_route=\/wp\/v2\/pages\/3399","targetHints":{"allow":["GET"]}}],"collection":[{"href":"https:\/\/radsport.blauweiss65-schwedt.de\/index.php?rest_route=\/wp\/v2\/pages"}],"about":[{"href":"https:\/\/radsport.blauweiss65-schwedt.de\/index.php?rest_route=\/wp\/v2\/types\/page"}],"author":[{"embeddable":true,"href":"https:\/\/radsport.blauweiss65-schwedt.de\/index.php?rest_route=\/wp\/v2\/users\/3"}],"replies":[{"embeddable":true,"href":"https:\/\/radsport.blauweiss65-schwedt.de\/index.php?rest_route=%2Fwp%2Fv2%2Fcomments&post=3399"}],"version-history":[{"count":0,"href":"https:\/\/radsport.blauweiss65-schwedt.de\/index.php?rest_route=\/wp\/v2\/pages\/3399\/revisions"}],"up":[{"embeddable":true,"href":"https:\/\/radsport.blauweiss65-schwedt.de\/index.php?rest_route=\/wp\/v2\/pages\/2851"}],"wp:attachment":[{"href":"https:\/\/radsport.blauweiss65-schwedt.de\/index.php?rest_route=%2Fwp%2Fv2%2Fmedia&parent=3399"}],"curies":[{"name":"wp","href":"https:\/\/api.w.org\/{rel}","templated":true}]}}