{"id":3673,"date":"2018-05-15T11:06:08","date_gmt":"2018-05-15T11:06:08","guid":{"rendered":"http:\/\/radsport.blauweiss65-schwedt.de\/?page_id=3673"},"modified":"2018-12-22T18:46:31","modified_gmt":"2018-12-22T18:46:31","slug":"bericht-tour-storkow-05-06-2017","status":"publish","type":"page","link":"https:\/\/radsport.blauweiss65-schwedt.de\/?page_id=3673","title":{"rendered":"Bericht TOUR STORKOW (05.06.2017)"},"content":{"rendered":"<p><span style=\"color: #0000ff;\">Hallo Radsportfreunde. <\/span><span style=\"color: #0000ff;\">Am Pfingsmontag dem<strong> <span style=\"color: #ff6600;\">0<\/span><span style=\"color: #ff0000;\"><span style=\"color: #ff6600;\">5.06.2017<\/span>\u00a0 <\/span><\/strong><span style=\"color: #ff0000;\">wurde das<\/span> <strong>RADMUSEUM\u00a0von TOURTEUFEL DIDI SENFT<\/strong> am Rande von <span style=\"color: #008000;\">Storkow<\/span> besucht. Start\/Abfahrt der <span style=\"color: #ff6600;\">14 Teilnehmer<\/span> war gegen\u00a0 <span style=\"color: #ff6600;\">08:00 Uhr<\/span> vom Parkplatz Lidl in <span style=\"color: #008000;\">Angerm\u00fcnde.<\/span> <\/span><\/p>\n<p style=\"padding-left: 150px;\"><span style=\"color: #0000ff;\"><a href=\"https:\/\/radsport.blauweiss65-schwedt.de\/wp-content\/uploads\/2017\/05\/IMG-20170606-WA0004.jpg\"><img loading=\"lazy\" decoding=\"async\" class=\"alignnone size-medium wp-image-3024\" src=\"https:\/\/radsport.blauweiss65-schwedt.de\/wp-content\/uploads\/2017\/05\/IMG-20170606-WA0004-300x225.jpg\" alt=\"\" width=\"300\" height=\"225\" srcset=\"https:\/\/radsport.blauweiss65-schwedt.de\/wp-content\/uploads\/2017\/05\/IMG-20170606-WA0004-300x225.jpg 300w, https:\/\/radsport.blauweiss65-schwedt.de\/wp-content\/uploads\/2017\/05\/IMG-20170606-WA0004-768x576.jpg 768w, https:\/\/radsport.blauweiss65-schwedt.de\/wp-content\/uploads\/2017\/05\/IMG-20170606-WA0004-1024x768.jpg 1024w, https:\/\/radsport.blauweiss65-schwedt.de\/wp-content\/uploads\/2017\/05\/IMG-20170606-WA0004.jpg 1280w\" sizes=\"auto, (max-width: 300px) 100vw, 300px\" \/><\/a><\/span><\/p>\n<p><span style=\"color: #0000ff;\">Die Hinfahrt von <span style=\"color: #008000;\">Angerm\u00fcnde<\/span> nach <span style=\"color: #008000;\">Storkow betrug ca.<\/span><span style=\"color: #ff6600;\"> 110 km<\/span>.\u00a0\u00a0 F\u00fcr den Museumseintritt von\u00a0 <span style=\"color: #ff0000;\"><span style=\"color: #ff6600;\">4 \u20ac<\/span> <span style=\"color: #0000ff;\">kann man dort tausende, interessante Dinge aus seinem langen Leben f\u00fcr den Radsport bestaunen. Auch Didis selbsgebaute, einmalige Rad-Exponate, die es schon bis ins Guinnes-Buch der Rekorde geschafft haben sind dort zu bewundern und durften, wenn mann sich traute, selber mal ausgetestet werden. Eine kleine Filmvorf\u00fchrung machte die tolle Entwicklung von Didi zum weltbekannten Tour-Maskottchen nachvollziehbar. <\/span><\/span>Wir wollten etwa eine Stunde in <span style=\"color: #008000;\">Storkow<\/span> bleiben, \u00fcberzogen jedoch deutlich. Ein gutgelaunter Diddi Senft lie\u00df es sich nicht nehmen uns zu unterhalten, sich f\u00fcr Erinnerungsfotos zur Verf\u00fcgung zu stellen und daf\u00fcr auch in sein Tourkost\u00fcm zu schl\u00fcpfen.<br \/>\n<\/span><\/p>\n<p style=\"padding-left: 30px;\"><a href=\"https:\/\/radsport.blauweiss65-schwedt.de\/wp-content\/uploads\/2017\/05\/2017-06-05-13.14.28.jpg\"><img loading=\"lazy\" decoding=\"async\" class=\"alignnone size-medium wp-image-3008\" src=\"https:\/\/radsport.blauweiss65-schwedt.de\/wp-content\/uploads\/2017\/05\/2017-06-05-13.14.28-225x300.jpg\" alt=\"\" width=\"225\" height=\"300\" srcset=\"https:\/\/radsport.blauweiss65-schwedt.de\/wp-content\/uploads\/2017\/05\/2017-06-05-13.14.28-225x300.jpg 225w, https:\/\/radsport.blauweiss65-schwedt.de\/wp-content\/uploads\/2017\/05\/2017-06-05-13.14.28-768x1024.jpg 768w, https:\/\/radsport.blauweiss65-schwedt.de\/wp-content\/uploads\/2017\/05\/2017-06-05-13.14.28.jpg 1536w\" sizes=\"auto, (max-width: 225px) 100vw, 225px\" \/>\u00a0<\/a><a href=\"https:\/\/radsport.blauweiss65-schwedt.de\/wp-content\/uploads\/2017\/05\/IMG-20170605-WA0005.jpg\"><img loading=\"lazy\" decoding=\"async\" class=\"alignnone size-medium wp-image-3026\" src=\"https:\/\/radsport.blauweiss65-schwedt.de\/wp-content\/uploads\/2017\/05\/IMG-20170605-WA0005-300x225.jpg\" alt=\"\" width=\"300\" height=\"225\" srcset=\"https:\/\/radsport.blauweiss65-schwedt.de\/wp-content\/uploads\/2017\/05\/IMG-20170605-WA0005-300x225.jpg 300w, https:\/\/radsport.blauweiss65-schwedt.de\/wp-content\/uploads\/2017\/05\/IMG-20170605-WA0005-768x576.jpg 768w, https:\/\/radsport.blauweiss65-schwedt.de\/wp-content\/uploads\/2017\/05\/IMG-20170605-WA0005-1024x768.jpg 1024w, https:\/\/radsport.blauweiss65-schwedt.de\/wp-content\/uploads\/2017\/05\/IMG-20170605-WA0005.jpg 1280w\" sizes=\"auto, (max-width: 300px) 100vw, 300px\" \/><\/a><\/p>\n<p style=\"padding-left: 30px;\"><span style=\"color: #0000ff;\"><span style=\"color: #ff0000;\"><span style=\"color: #0000ff;\">Die tolle Idee zu diesem Ausflug hatte unser Vereinsmitglied<\/span> <span style=\"color: #000000;\"><strong>Monika Baum\u00fcller<\/strong><\/span><span style=\"color: #0000ff;\">.\u00a0Monika hatte auch ein kleines Geschenk vorbereitet welches sie dem hocherfreuten Didi als Dankesch\u00f6n \u00fcberreichte.<\/span><\/span><\/span><\/p>\n<p style=\"padding-left: 90px;\"><a href=\"https:\/\/radsport.blauweiss65-schwedt.de\/wp-content\/uploads\/2017\/05\/IMG-20170604-WA0015.jpg\"><img loading=\"lazy\" decoding=\"async\" class=\"alignnone wp-image-3027\" src=\"https:\/\/radsport.blauweiss65-schwedt.de\/wp-content\/uploads\/2017\/05\/IMG-20170604-WA0015-225x300.jpg\" alt=\"\" width=\"187\" height=\"250\" srcset=\"https:\/\/radsport.blauweiss65-schwedt.de\/wp-content\/uploads\/2017\/05\/IMG-20170604-WA0015-225x300.jpg 225w, https:\/\/radsport.blauweiss65-schwedt.de\/wp-content\/uploads\/2017\/05\/IMG-20170604-WA0015-768x1025.jpg 768w, https:\/\/radsport.blauweiss65-schwedt.de\/wp-content\/uploads\/2017\/05\/IMG-20170604-WA0015-767x1024.jpg 767w, https:\/\/radsport.blauweiss65-schwedt.de\/wp-content\/uploads\/2017\/05\/IMG-20170604-WA0015.jpg 959w\" sizes=\"auto, (max-width: 187px) 100vw, 187px\" \/><\/a> <a href=\"https:\/\/radsport.blauweiss65-schwedt.de\/wp-content\/uploads\/2017\/05\/IMG-20170604-WA0016.jpg\"><img loading=\"lazy\" decoding=\"async\" class=\"alignnone size-medium wp-image-3028\" src=\"https:\/\/radsport.blauweiss65-schwedt.de\/wp-content\/uploads\/2017\/05\/IMG-20170604-WA0016-225x300.jpg\" alt=\"\" width=\"225\" height=\"300\" srcset=\"https:\/\/radsport.blauweiss65-schwedt.de\/wp-content\/uploads\/2017\/05\/IMG-20170604-WA0016-225x300.jpg 225w, https:\/\/radsport.blauweiss65-schwedt.de\/wp-content\/uploads\/2017\/05\/IMG-20170604-WA0016-768x1025.jpg 768w, https:\/\/radsport.blauweiss65-schwedt.de\/wp-content\/uploads\/2017\/05\/IMG-20170604-WA0016-767x1024.jpg 767w, https:\/\/radsport.blauweiss65-schwedt.de\/wp-content\/uploads\/2017\/05\/IMG-20170604-WA0016.jpg 959w\" sizes=\"auto, (max-width: 225px) 100vw, 225px\" \/><\/a><\/p>\n<p><span style=\"color: #0000ff;\"><span style=\"color: #ff0000;\"><span style=\"color: #0000ff;\">Tatkr\u00e4ftig wurde sie bei der Organisation von &#8222;Eddy&#8220;<\/span> <span style=\"color: #000000;\"><strong>Wolfgang Baum\u00fcller <\/strong><\/span><span style=\"color: #0000ff;\">unterst\u00fctzt. Weitere flei\u00dfige Unterst\u00fctzer u. Mitfahrer machten die gemeinsame Fahrt und vor allem die Essenpausen zum Genuss. <\/span><span style=\"color: #ff6600;\">F\u00fcr die Verpflegung unterwegs war jedenfall bestens vorgesorgt worden.<\/span>\u00a0 <span style=\"color: #0000ff;\">Frisch gekochte Eier, selbstgebackenes Brot, Kaffee, Kuchen,Cola, Wasser und Bananen, alles war dabei.\u00a0<\/span> <\/span> <\/span><\/p>\n<p style=\"padding-left: 150px;\"><span style=\"color: #0000ff;\"><a href=\"https:\/\/radsport.blauweiss65-schwedt.de\/wp-content\/uploads\/2017\/05\/2017-06-05-10.30.08.jpg\"><img loading=\"lazy\" decoding=\"async\" class=\"alignnone size-medium wp-image-3025\" src=\"https:\/\/radsport.blauweiss65-schwedt.de\/wp-content\/uploads\/2017\/05\/2017-06-05-10.30.08-300x225.jpg\" alt=\"\" width=\"300\" height=\"225\" srcset=\"https:\/\/radsport.blauweiss65-schwedt.de\/wp-content\/uploads\/2017\/05\/2017-06-05-10.30.08-300x225.jpg 300w, https:\/\/radsport.blauweiss65-schwedt.de\/wp-content\/uploads\/2017\/05\/2017-06-05-10.30.08-768x576.jpg 768w, https:\/\/radsport.blauweiss65-schwedt.de\/wp-content\/uploads\/2017\/05\/2017-06-05-10.30.08-1024x768.jpg 1024w, https:\/\/radsport.blauweiss65-schwedt.de\/wp-content\/uploads\/2017\/05\/2017-06-05-10.30.08.jpg 2048w\" sizes=\"auto, (max-width: 300px) 100vw, 300px\" \/><\/a><\/span><\/p>\n<p><span style=\"color: #0000ff;\">Die Fahrt nach <span style=\"color: #008000;\">Storkow<\/span> wurde durch <strong><span style=\"color: #000000;\">Brigitte Polte<\/span><\/strong> geduldig mit dem Auto begleitet. Sie machte einen tollen Job, fuhr unser Essen und das Material und bet\u00e4tigte sich nebenbei noch eifrig als Fotograf. Auf der Hinfahrt wurde eine gro\u00dfe Pause auf etwa der H\u00e4lfte der Strecke, beim Schlo\u00dfhotel in Wulkow eingelegt. Retour fuhren wir dann auf der Strecke der Ostbrandenburgtour ebenfall ca.<span style=\"color: #ff6600;\"> 110 km.<\/span> Dabei legten wir noch eine sch\u00f6ne Pause zum Eis essen am Schiffshebewerk in Niederfinow ein. Ein Durchschnitt von <span style=\"color: #ff6600;\">29,4 km\/h<\/span>\u00a0 erlaubte uns die Ankunft in<span style=\"color: #008000;\"> Angerm\u00fcnde<\/span> gegen <span style=\"color: #ff0000;\"><span style=\"color: #ff6600;\">18:15 Uhr.<\/span><span style=\"color: #0000ff;\">\u00a0Insbesondere die drei mitfahrenden Frauen haben dabei auf den insgesamt<\/span> <strong>220 Kilometern<\/strong> <span style=\"color: #0000ff;\">eine lobenswert starke Leistung gezeigt.\u00a0\u00a0\u00a0\u00a0\u00a0\u00a0\u00a0\u00a0\u00a0\u00a0\u00a0\u00a0\u00a0\u00a0\u00a0\u00a0\u00a0\u00a0\u00a0\u00a0\u00a0\u00a0\u00a0\u00a0\u00a0\u00a0\u00a0\u00a0\u00a0\u00a0\u00a0\u00a0\u00a0\u00a0\u00a0\u00a0\u00a0\u00a0\u00a0\u00a0\u00a0\u00a0\u00a0\u00a0\u00a0\u00a0\u00a0\u00a0\u00a0\u00a0\u00a0\u00a0\u00a0\u00a0\u00a0\u00a0\u00a0\u00a0\u00a0\u00a0\u00a0\u00a0\u00a0\u00a0\u00a0\u00a0\u00a0\u00a0\u00a0\u00a0\u00a0\u00a0\u00a0\u00a0\u00a0\u00a0\u00a0\u00a0\u00a0\u00a0\u00a0\u00a0\u00a0\u00a0\u00a0\u00a0\u00a0\u00a0\u00a0\u00a0\u00a0\u00a0\u00a0\u00a0\u00a0\u00a0\u00a0\u00a0\u00a0\u00a0\u00a0\u00a0\u00a0\u00a0\u00a0\u00a0\u00a0\u00a0\u00a0\u00a0\u00a0\u00a0\u00a0\u00a0\u00a0 <\/span><\/span><\/span><span style=\"color: #0000ff;\"><span style=\"color: #ff6600;\">WIR HATTEN EINEN WUNDERSCH\u00d6NEN TAG ERLEBT UND WURDEN ZUDEM MIT SEHR GUTEM WETTER UND G\u00dcNSTIGEN WINDVERH\u00c4LTNISSEN VERW\u00d6HNT.<\/span> <\/span><\/p>\n<p><span style=\"color: #0000ff;\"><span style=\"color: #000000;\"><strong>weitere Bilder findet Ihr in der GALERIE\u00a0\u00a0\u00a0\u00a0\u00a0\u00a0<\/strong>\u00a0\u00a0\u00a0\u00a0\u00a0\u00a0\u00a0\u00a0\u00a0\u00a0\u00a0\u00a0\u00a0\u00a0\u00a0\u00a0\u00a0\u00a0\u00a0\u00a0\u00a0\u00a0\u00a0\u00a0\u00a0\u00a0\u00a0\u00a0\u00a0\u00a0\u00a0\u00a0\u00a0\u00a0\u00a0\u00a0\u00a0\u00a0\u00a0\u00a0\u00a0\u00a0\u00a0 <span style=\"color: #999999;\">Autor: H. Felix<\/span><\/span><br \/>\n<\/span><\/p>\n<p><span style=\"color: #0000ff;\"><span style=\"color: #ff0000;\"><span style=\"color: #ff6600;\"><a style=\"color: #ff6600;\" href=\"https:\/\/radsport.blauweiss65-schwedt.de\/wp-content\/uploads\/2017\/05\/Streckenplan-Tour-Storkow.pdf\">Streckenplan Tour Storkow<\/a><\/span><\/span><\/span><\/p>\n","protected":false},"excerpt":{"rendered":"<p>Hallo Radsportfreunde. Am Pfingsmontag dem 05.06.2017\u00a0 wurde das RADMUSEUM\u00a0von TOURTEUFEL DIDI SENFT am Rande von Storkow besucht. Start\/Abfahrt der 14 Teilnehmer war gegen\u00a0 08:00 Uhr vom Parkplatz Lidl in Angerm\u00fcnde. Die Hinfahrt von Angerm\u00fcnde nach Storkow betrug ca. 110 km.\u00a0\u00a0 &hellip; <a href=\"https:\/\/radsport.blauweiss65-schwedt.de\/?page_id=3673\">Weiterlesen <span class=\"meta-nav\">&rarr;<\/span><\/a><\/p>\n","protected":false},"author":3,"featured_media":0,"parent":2851,"menu_order":2,"comment_status":"closed","ping_status":"closed","template":"","meta":{"footnotes":""},"class_list":["post-3673","page","type-page","status-publish","hentry"],"_links":{"self":[{"href":"https:\/\/radsport.blauweiss65-schwedt.de\/index.php?rest_route=\/wp\/v2\/pages\/3673","targetHints":{"allow":["GET"]}}],"collection":[{"href":"https:\/\/radsport.blauweiss65-schwedt.de\/index.php?rest_route=\/wp\/v2\/pages"}],"about":[{"href":"https:\/\/radsport.blauweiss65-schwedt.de\/index.php?rest_route=\/wp\/v2\/types\/page"}],"author":[{"embeddable":true,"href":"https:\/\/radsport.blauweiss65-schwedt.de\/index.php?rest_route=\/wp\/v2\/users\/3"}],"replies":[{"embeddable":true,"href":"https:\/\/radsport.blauweiss65-schwedt.de\/index.php?rest_route=%2Fwp%2Fv2%2Fcomments&post=3673"}],"version-history":[{"count":0,"href":"https:\/\/radsport.blauweiss65-schwedt.de\/index.php?rest_route=\/wp\/v2\/pages\/3673\/revisions"}],"up":[{"embeddable":true,"href":"https:\/\/radsport.blauweiss65-schwedt.de\/index.php?rest_route=\/wp\/v2\/pages\/2851"}],"wp:attachment":[{"href":"https:\/\/radsport.blauweiss65-schwedt.de\/index.php?rest_route=%2Fwp%2Fv2%2Fmedia&parent=3673"}],"curies":[{"name":"wp","href":"https:\/\/api.w.org\/{rel}","templated":true}]}}