{"id":3888,"date":"2018-09-03T09:41:27","date_gmt":"2018-09-03T09:41:27","guid":{"rendered":"http:\/\/radsport.blauweiss65-schwedt.de\/?page_id=3888"},"modified":"2018-09-14T17:57:55","modified_gmt":"2018-09-14T17:57:55","slug":"mecklenburger-seenrunde-2526-05-2018","status":"publish","type":"page","link":"https:\/\/radsport.blauweiss65-schwedt.de\/?page_id=3888","title":{"rendered":"MSE 25\/26.05.2018"},"content":{"rendered":"<p><span style=\"color: #0000ff;\">Am <strong><span style=\"color: #ff6600;\">25.05.\/26.05.2018<\/span> <\/strong>trafen sich Radsportler aus Deutschland und den Nachbarl\u00e4ndern zur <strong>5. Mecklenburger Seen Runde<\/strong>. <strong><span style=\"color: #ff0000;\">3.600 Sportler<\/span><\/strong> umrundeten die Mecklenburger Seen auf einem<strong><span style=\"color: #ff0000;\"> 300 km<\/span><\/strong> langen Rundkurs. Etwa <strong><span style=\"color: #ff0000;\">700 Frauen<\/span> <\/strong>strampelten die eigens als Frauenrunde ausgewiesene <strong><span style=\"color: #ff0000;\">90 km<\/span><\/strong> Strecke.<\/span><\/p>\n<p style=\"padding-left: 150px;\"><a href=\"https:\/\/radsport.blauweiss65-schwedt.de\/wp-content\/uploads\/2018\/06\/IMG-20180531-WA0003-1.jpg\"><img loading=\"lazy\" decoding=\"async\" class=\"alignnone size-medium wp-image-3798\" src=\"https:\/\/radsport.blauweiss65-schwedt.de\/wp-content\/uploads\/2018\/06\/IMG-20180531-WA0003-1-300x206.jpg\" alt=\"\" width=\"300\" height=\"206\" srcset=\"https:\/\/radsport.blauweiss65-schwedt.de\/wp-content\/uploads\/2018\/06\/IMG-20180531-WA0003-1-300x206.jpg 300w, https:\/\/radsport.blauweiss65-schwedt.de\/wp-content\/uploads\/2018\/06\/IMG-20180531-WA0003-1-768x528.jpg 768w, https:\/\/radsport.blauweiss65-schwedt.de\/wp-content\/uploads\/2018\/06\/IMG-20180531-WA0003-1.jpg 825w\" sizes=\"auto, (max-width: 300px) 100vw, 300px\" \/><\/a><\/p>\n<p><span style=\"color: #0000ff;\"><strong>F\u00fcnf<\/strong> Radsportler der <strong>TSV Blau-Wei\u00df<\/strong> nahmen auch teil. Alle kamen ohne Probleme nach <strong><span style=\"color: #ff6600;\">12 h <\/span><\/strong>im Ziel an. Die Strecke wurde mit viel Bedacht ausgew\u00e4hlt. Wo es ging, wurde den Hauptverkehrsstrassen ausgewichen. Das Profiel war anspruchsvoll h\u00fcgelig. Die Fahrer kamen auf ungef\u00e4hre <strong><span style=\"color: #ff6600;\">2.000 H\u00f6henmeter<\/span><\/strong>.<\/span><\/p>\n<p><span style=\"color: #0000ff;\">Start- und Zielbereich, sowie die gesamte Strecke war musterg\u00fcltig vorbereitet. Die ersten Kilometer wurden unter Sperrung und Begleitung durch die Polizei gefahren. Die Strecke selbst war best\u00fcckt durch unz\u00e4hlige Helfer. Unter anderem gab es zahlreiche Feuerwehrleute, die mit Fahrzeugen die wichtigsten Punkte der 300 km langen Strecke sicherten. Es gab acht Depots, die \u00fcber den gesamten Zeitraum die Sportler mit ausreichend Proviant und was enorm wichtig war, mit Getr\u00e4nken versorgten. Auf den letzten ca 20 km herrschte in den Ortsdurchfahrten beinahe Volksfeststimmung. Anfeuerungsrufe durch durch Freunde des Radsports gab es nat\u00fcrlich auch \u00fcberall entlang der Strecke. Manch angeschlagener Pedalritter hat hier noch mal den n\u00f6tigen Motivationsschub erhalten. Nach der Tour haben wir bei einer Bratwurst und Gerstensaft das gerade hinter uns gebrachte Erlebnis ausgewertet.<\/span><\/p>\n<p><a href=\"https:\/\/radsport.blauweiss65-schwedt.de\/wp-content\/uploads\/2018\/06\/IMG-20180526-WA0020.jpg\"><img loading=\"lazy\" decoding=\"async\" class=\"alignnone size-medium wp-image-3794\" src=\"https:\/\/radsport.blauweiss65-schwedt.de\/wp-content\/uploads\/2018\/06\/IMG-20180526-WA0020-300x169.jpg\" alt=\"\" width=\"300\" height=\"169\" srcset=\"https:\/\/radsport.blauweiss65-schwedt.de\/wp-content\/uploads\/2018\/06\/IMG-20180526-WA0020-300x169.jpg 300w, https:\/\/radsport.blauweiss65-schwedt.de\/wp-content\/uploads\/2018\/06\/IMG-20180526-WA0020-768x432.jpg 768w, https:\/\/radsport.blauweiss65-schwedt.de\/wp-content\/uploads\/2018\/06\/IMG-20180526-WA0020-1024x576.jpg 1024w, https:\/\/radsport.blauweiss65-schwedt.de\/wp-content\/uploads\/2018\/06\/IMG-20180526-WA0020.jpg 1280w\" sizes=\"auto, (max-width: 300px) 100vw, 300px\" \/><\/a><a href=\"https:\/\/radsport.blauweiss65-schwedt.de\/wp-content\/uploads\/2018\/06\/IMG-20180526-WA0014.jpg\"><img loading=\"lazy\" decoding=\"async\" class=\"alignnone wp-image-3796\" src=\"https:\/\/radsport.blauweiss65-schwedt.de\/wp-content\/uploads\/2018\/06\/IMG-20180526-WA0014-300x169.jpg\" alt=\"\" width=\"300\" height=\"169\" srcset=\"https:\/\/radsport.blauweiss65-schwedt.de\/wp-content\/uploads\/2018\/06\/IMG-20180526-WA0014-300x169.jpg 300w, https:\/\/radsport.blauweiss65-schwedt.de\/wp-content\/uploads\/2018\/06\/IMG-20180526-WA0014-768x432.jpg 768w, https:\/\/radsport.blauweiss65-schwedt.de\/wp-content\/uploads\/2018\/06\/IMG-20180526-WA0014-1024x576.jpg 1024w, https:\/\/radsport.blauweiss65-schwedt.de\/wp-content\/uploads\/2018\/06\/IMG-20180526-WA0014.jpg 1280w\" sizes=\"auto, (max-width: 300px) 100vw, 300px\" \/><\/a><a href=\"https:\/\/radsport.blauweiss65-schwedt.de\/wp-content\/uploads\/2018\/06\/IMG-20180526-WA0003.jpg\"><img loading=\"lazy\" decoding=\"async\" class=\"alignnone size-medium wp-image-3797\" src=\"https:\/\/radsport.blauweiss65-schwedt.de\/wp-content\/uploads\/2018\/06\/IMG-20180526-WA0003-300x169.jpg\" alt=\"\" width=\"300\" height=\"169\" srcset=\"https:\/\/radsport.blauweiss65-schwedt.de\/wp-content\/uploads\/2018\/06\/IMG-20180526-WA0003-300x169.jpg 300w, https:\/\/radsport.blauweiss65-schwedt.de\/wp-content\/uploads\/2018\/06\/IMG-20180526-WA0003-768x432.jpg 768w, https:\/\/radsport.blauweiss65-schwedt.de\/wp-content\/uploads\/2018\/06\/IMG-20180526-WA0003-1024x576.jpg 1024w, https:\/\/radsport.blauweiss65-schwedt.de\/wp-content\/uploads\/2018\/06\/IMG-20180526-WA0003.jpg 1280w\" sizes=\"auto, (max-width: 300px) 100vw, 300px\" \/><\/a><a href=\"https:\/\/radsport.blauweiss65-schwedt.de\/wp-content\/uploads\/2018\/06\/IMG-20180526-WA0004.jpg\"><img loading=\"lazy\" decoding=\"async\" class=\"alignnone size-medium wp-image-3795\" src=\"https:\/\/radsport.blauweiss65-schwedt.de\/wp-content\/uploads\/2018\/06\/IMG-20180526-WA0004-300x169.jpg\" alt=\"\" width=\"300\" height=\"169\" srcset=\"https:\/\/radsport.blauweiss65-schwedt.de\/wp-content\/uploads\/2018\/06\/IMG-20180526-WA0004-300x169.jpg 300w, https:\/\/radsport.blauweiss65-schwedt.de\/wp-content\/uploads\/2018\/06\/IMG-20180526-WA0004-768x432.jpg 768w, https:\/\/radsport.blauweiss65-schwedt.de\/wp-content\/uploads\/2018\/06\/IMG-20180526-WA0004-1024x576.jpg 1024w, https:\/\/radsport.blauweiss65-schwedt.de\/wp-content\/uploads\/2018\/06\/IMG-20180526-WA0004.jpg 1280w\" sizes=\"auto, (max-width: 300px) 100vw, 300px\" \/><\/a><\/p>\n<p><span style=\"color: #ff6600;\"><strong>Fazit<\/strong>: Im kommenden Jahr, zur 6. Auflage sind wir auch wieder dabei. Vielleicht w\u00e4chst die Gruppe der Blau-Wei\u00dfen bis Mai 2019 in Neubrandenburg noch kr\u00e4ftig an. Erste Interessenten gibt es wohl schon.<\/span><\/p>\n<p><span style=\"color: #0000ff;\"><a style=\"color: #0000ff;\" name=\"_GoBack\"><\/a><strong><span style=\"color: #ff6600;\">EDDY<\/span><\/strong><\/span><\/p>\n","protected":false},"excerpt":{"rendered":"<p>Am 25.05.\/26.05.2018 trafen sich Radsportler aus Deutschland und den Nachbarl\u00e4ndern zur 5. Mecklenburger Seen Runde. 3.600 Sportler umrundeten die Mecklenburger Seen auf einem 300 km langen Rundkurs. Etwa 700 Frauen strampelten die eigens als Frauenrunde ausgewiesene 90 km Strecke. F\u00fcnf &hellip; <a href=\"https:\/\/radsport.blauweiss65-schwedt.de\/?page_id=3888\">Weiterlesen <span class=\"meta-nav\">&rarr;<\/span><\/a><\/p>\n","protected":false},"author":3,"featured_media":0,"parent":3893,"menu_order":4,"comment_status":"closed","ping_status":"closed","template":"","meta":{"footnotes":""},"class_list":["post-3888","page","type-page","status-publish","hentry"],"_links":{"self":[{"href":"https:\/\/radsport.blauweiss65-schwedt.de\/index.php?rest_route=\/wp\/v2\/pages\/3888","targetHints":{"allow":["GET"]}}],"collection":[{"href":"https:\/\/radsport.blauweiss65-schwedt.de\/index.php?rest_route=\/wp\/v2\/pages"}],"about":[{"href":"https:\/\/radsport.blauweiss65-schwedt.de\/index.php?rest_route=\/wp\/v2\/types\/page"}],"author":[{"embeddable":true,"href":"https:\/\/radsport.blauweiss65-schwedt.de\/index.php?rest_route=\/wp\/v2\/users\/3"}],"replies":[{"embeddable":true,"href":"https:\/\/radsport.blauweiss65-schwedt.de\/index.php?rest_route=%2Fwp%2Fv2%2Fcomments&post=3888"}],"version-history":[{"count":0,"href":"https:\/\/radsport.blauweiss65-schwedt.de\/index.php?rest_route=\/wp\/v2\/pages\/3888\/revisions"}],"up":[{"embeddable":true,"href":"https:\/\/radsport.blauweiss65-schwedt.de\/index.php?rest_route=\/wp\/v2\/pages\/3893"}],"wp:attachment":[{"href":"https:\/\/radsport.blauweiss65-schwedt.de\/index.php?rest_route=%2Fwp%2Fv2%2Fmedia&parent=3888"}],"curies":[{"name":"wp","href":"https:\/\/api.w.org\/{rel}","templated":true}]}}