{"id":3896,"date":"2018-09-03T08:44:37","date_gmt":"2018-09-03T08:44:37","guid":{"rendered":"http:\/\/radsport.blauweiss65-schwedt.de\/?page_id=3896"},"modified":"2018-12-22T18:50:19","modified_gmt":"2018-12-22T18:50:19","slug":"uwes-oder-tour-08-04-2018","status":"publish","type":"page","link":"https:\/\/radsport.blauweiss65-schwedt.de\/?page_id=3896","title":{"rendered":"UWE`S ODER TOUR 08.04.2018"},"content":{"rendered":"<p><strong><span style=\"color: #0000ff; font-size: large;\">Hallo Mitglieder und Freunde des Radsports!<\/span><\/strong><\/p>\n<p><span style=\"font-size: small;\"><span style=\"color: #0000ff;\">Am Sonntag den <span style=\"color: #ff6600;\"><strong>08<\/strong><\/span><\/span><span style=\"color: #ff6600;\"><strong>.04.2018<\/strong><\/span><span style=\"color: #0000ff;\"> hatte\u00a0<span style=\"color: #000000;\"><strong>Uwe Strassburg<\/strong><\/span> zu einer Tour entlang der Oder eingelad<\/span><span style=\"color: #0000ff;\">en. <span style=\"color: #ff0000;\"><strong>Acht<\/strong><\/span> Mitglieder (der Abteilung Radsport) des <strong>TSV BW 65 Schwedt<\/strong> und <span style=\"color: #ff0000;\"><strong>ein<\/strong> <\/span>befreundeter <strong>Gastfahrer<\/strong> haben daran teilgenommen. <\/span><\/span><\/p>\n<p style=\"padding-left: 30px;\"><a href=\"https:\/\/radsport.blauweiss65-schwedt.de\/wp-content\/uploads\/2017\/05\/IMG-20180408-WA0006.jpg\"><img loading=\"lazy\" decoding=\"async\" class=\"alignnone size-medium wp-image-3538\" src=\"https:\/\/radsport.blauweiss65-schwedt.de\/wp-content\/uploads\/2017\/05\/IMG-20180408-WA0006-300x175.jpg\" alt=\"\" width=\"300\" height=\"175\" srcset=\"https:\/\/radsport.blauweiss65-schwedt.de\/wp-content\/uploads\/2017\/05\/IMG-20180408-WA0006-300x175.jpg 300w, https:\/\/radsport.blauweiss65-schwedt.de\/wp-content\/uploads\/2017\/05\/IMG-20180408-WA0006-768x448.jpg 768w, https:\/\/radsport.blauweiss65-schwedt.de\/wp-content\/uploads\/2017\/05\/IMG-20180408-WA0006.jpg 1024w\" sizes=\"auto, (max-width: 300px) 100vw, 300px\" \/><\/a><\/p>\n<p><span style=\"font-size: small;\"><span style=\"color: #0000ff;\"><span style=\"color: #ff0000;\"><span style=\"color: #0000ff;\">Wir hatten uns gegen<\/span><span style=\"color: #ff6600;\"> <strong>10:00 Uhr<\/strong><\/span><span style=\"color: #0000ff;\"> am Wasserturm in<\/span> <strong><span style=\"color: #008000;\">Schwedt<\/span><\/strong> <span style=\"color: #0000ff;\">getroffen und sind bei sonnig-trockenem Wetter insgesamt ca. <\/span><strong>80 km<\/strong><span style=\"color: #0000ff;\"> gefahren. Die Fahrt startete p\u00fcnktlich von<\/span> <span style=\"color: #008000;\"><strong><span style=\"color: #008000;\">Schwedt.<\/span>\u00a0<\/strong><\/span> <span style=\"color: #0000ff;\">Wir fuhren dann \u00fcber den Grenz\u00fcbergang an der B166 nach<\/span> <strong><span style=\"color: #008000;\">Krajnik<\/span><\/strong> <span style=\"color: #008000;\"><strong>Dolny,<\/strong><\/span> <span style=\"color: #0000ff;\">dann weiter auf polnischer Seite mit angenehmen R\u00fcckenwindverh\u00e4ltnissen bis nach<\/span> <strong><span style=\"color: #008000;\">Gryfino<\/span><span style=\"color: #008000;\">.<\/span><\/strong> <span style=\"color: #0000ff;\">Dort fuhren wir \u00fcber die Grenze zur\u00fcck nach<\/span> <strong><span style=\"color: #008000;\">Mescherin<\/span><\/strong> <span style=\"color: #0000ff;\">und dann noch weiter bis<\/span> <strong><span style=\"color: #008000;\">Gartz<\/span><\/strong><span style=\"color: #0000ff;\">. Wir alle genossen diese tollen leicht welligen Kurs &#8211;\u00a0 jeder auf seine Art! Am Eiscafe in<\/span> <strong><span style=\"color: #008000;\">Gartz<\/span><\/strong> <span style=\"color: #0000ff;\">legten wir eine Mittagspause ein und st\u00e4rkten uns, auf<\/span> <strong><span style=\"color: #000000;\">Uwes<\/span> <\/strong><span style=\"color: #0000ff;\">Einladung hin, mit leckeren Speisen und Getr\u00e4nken.<\/span> <\/span><\/span><\/span><\/p>\n<p style=\"padding-left: 180px;\"><a href=\"https:\/\/radsport.blauweiss65-schwedt.de\/wp-content\/uploads\/2017\/05\/IMG-20180408-WA0005.jpg\"><img loading=\"lazy\" decoding=\"async\" class=\"alignnone size-medium wp-image-3537\" src=\"https:\/\/radsport.blauweiss65-schwedt.de\/wp-content\/uploads\/2017\/05\/IMG-20180408-WA0005-300x225.jpg\" alt=\"\" width=\"300\" height=\"225\" srcset=\"https:\/\/radsport.blauweiss65-schwedt.de\/wp-content\/uploads\/2017\/05\/IMG-20180408-WA0005-300x225.jpg 300w, https:\/\/radsport.blauweiss65-schwedt.de\/wp-content\/uploads\/2017\/05\/IMG-20180408-WA0005-768x576.jpg 768w, https:\/\/radsport.blauweiss65-schwedt.de\/wp-content\/uploads\/2017\/05\/IMG-20180408-WA0005.jpg 1024w\" sizes=\"auto, (max-width: 300px) 100vw, 300px\" \/><\/a><\/p>\n<p><span style=\"font-size: small;\"><span style=\"color: #0000ff;\"><span style=\"color: #ff0000;\"><span style=\"color: #0000ff;\">Die R\u00fcckfahrt, nun mit reichlich Gegenwind, ging durch die <\/span><strong><span style=\"color: #008000;\">Gartzer Wiesen,<\/span><\/strong> <span style=\"color: #0000ff;\">dann auf die<\/span> <strong><span style=\"color: #008000;\">B2<\/span><\/strong> <span style=\"color: #0000ff;\">zur\u00fcck \u00fcber<\/span> <span style=\"color: #008000;\"><strong>Vierraden<\/strong><\/span> <span style=\"color: #0000ff;\">nach<\/span> <strong><span style=\"color: #008000;\">Schwedt<\/span><\/strong><span style=\"color: #0000ff;\">. (Ankunft ca: 14:20 Uhr)<\/span><br \/>\n<\/span><\/span><\/span><\/p>\n<p><span style=\"font-size: small;\"><span style=\"color: #0000ff;\">Von der Radsport-Abteilung des TSV BW65 waren dabei:<br \/>\n<\/span><\/span><\/p>\n<p><span style=\"font-size: small;\"><span style=\"color: #0000ff;\"><span style=\"color: #000000;\"><strong>Uwe Strassburg,<\/strong> <strong>Wolfgang Baum\u00fcller<\/strong>, <strong>Werner Ehrlich<\/strong>, <strong>Gabriele St\u00e4udten, <\/strong><strong>Axel Dittmer, <\/strong><\/span><strong><span style=\"color: #000000;\">Raik Mickein, Henry Felix, Sascha Gombert<\/span> <\/strong> <\/span><\/span><\/p>\n<p><span style=\"font-size: small;\"><span style=\"color: #0000ff;\">sowie unser Sportfreund <span style=\"color: #000000;\"><strong>Maik Hempel<\/strong><\/span> aus <strong><span style=\"color: #008000;\">Berkholz <\/span><\/strong><span style=\"color: #999999;\">(bei Meyenburg \ud83d\ude42 )<br \/>\n<\/span><\/span><\/span><\/p>\n<p>Sch\u00f6ne Gr\u00fc\u00dfe an alle<\/p>\n<div id=\"attachment_1995\" style=\"width: 173px\" class=\"wp-caption alignnone\"><a href=\"https:\/\/radsport.blauweiss65-schwedt.de\/wp-content\/uploads\/2015\/06\/2014-05-18-09.16.13-Kopie.jpg\" rel=\"attachment wp-att-1995\"><img loading=\"lazy\" decoding=\"async\" aria-describedby=\"caption-attachment-1995\" class=\"wp-image-1995\" src=\"https:\/\/radsport.blauweiss65-schwedt.de\/wp-content\/uploads\/2015\/06\/2014-05-18-09.16.13-Kopie-233x300.jpg\" alt=\"2014-05-18 09.16.13 - Kopie\" width=\"163\" height=\"210\" srcset=\"https:\/\/radsport.blauweiss65-schwedt.de\/wp-content\/uploads\/2015\/06\/2014-05-18-09.16.13-Kopie-233x300.jpg 233w, https:\/\/radsport.blauweiss65-schwedt.de\/wp-content\/uploads\/2015\/06\/2014-05-18-09.16.13-Kopie.jpg 480w\" sizes=\"auto, (max-width: 163px) 100vw, 163px\" \/><\/a><p id=\"caption-attachment-1995\" class=\"wp-caption-text\">Autor: Henry Felix<\/p><\/div>\n<p><span style=\"color: #0000ff; font-size: medium;\"><span style=\"color: #000000;\">\u00a0<\/span><\/span><\/p>\n","protected":false},"excerpt":{"rendered":"<p>Hallo Mitglieder und Freunde des Radsports! Am Sonntag den 08.04.2018 hatte\u00a0Uwe Strassburg zu einer Tour entlang der Oder eingeladen. Acht Mitglieder (der Abteilung Radsport) des TSV BW 65 Schwedt und ein befreundeter Gastfahrer haben daran teilgenommen. Wir hatten uns gegen &hellip; <a href=\"https:\/\/radsport.blauweiss65-schwedt.de\/?page_id=3896\">Weiterlesen <span class=\"meta-nav\">&rarr;<\/span><\/a><\/p>\n","protected":false},"author":3,"featured_media":0,"parent":3893,"menu_order":10,"comment_status":"closed","ping_status":"closed","template":"","meta":{"footnotes":""},"class_list":["post-3896","page","type-page","status-publish","hentry"],"_links":{"self":[{"href":"https:\/\/radsport.blauweiss65-schwedt.de\/index.php?rest_route=\/wp\/v2\/pages\/3896","targetHints":{"allow":["GET"]}}],"collection":[{"href":"https:\/\/radsport.blauweiss65-schwedt.de\/index.php?rest_route=\/wp\/v2\/pages"}],"about":[{"href":"https:\/\/radsport.blauweiss65-schwedt.de\/index.php?rest_route=\/wp\/v2\/types\/page"}],"author":[{"embeddable":true,"href":"https:\/\/radsport.blauweiss65-schwedt.de\/index.php?rest_route=\/wp\/v2\/users\/3"}],"replies":[{"embeddable":true,"href":"https:\/\/radsport.blauweiss65-schwedt.de\/index.php?rest_route=%2Fwp%2Fv2%2Fcomments&post=3896"}],"version-history":[{"count":0,"href":"https:\/\/radsport.blauweiss65-schwedt.de\/index.php?rest_route=\/wp\/v2\/pages\/3896\/revisions"}],"up":[{"embeddable":true,"href":"https:\/\/radsport.blauweiss65-schwedt.de\/index.php?rest_route=\/wp\/v2\/pages\/3893"}],"wp:attachment":[{"href":"https:\/\/radsport.blauweiss65-schwedt.de\/index.php?rest_route=%2Fwp%2Fv2%2Fmedia&parent=3896"}],"curies":[{"name":"wp","href":"https:\/\/api.w.org\/{rel}","templated":true}]}}