{"id":3900,"date":"2018-09-03T08:47:06","date_gmt":"2018-09-03T08:47:06","guid":{"rendered":"http:\/\/radsport.blauweiss65-schwedt.de\/?page_id=3900"},"modified":"2018-09-03T08:47:06","modified_gmt":"2018-09-03T08:47:06","slug":"saisoneroeffnungsfahrt-15-04-2018","status":"publish","type":"page","link":"https:\/\/radsport.blauweiss65-schwedt.de\/?page_id=3900","title":{"rendered":"SAISONER\u00d6FFNUNGSFAHRT 15.04.2018"},"content":{"rendered":"<p><span style=\"font-family: Arial, serif; color: #0000ff; font-size: medium;\">Hallo Sportfreunde!<\/span><\/p>\n<p><span style=\"font-family: Arial, serif; color: #0000ff; font-size: medium;\">Nachdem der urspr\u00fcngliche Termin der <strong>Saisoner\u00f6ffnungsfahrt<\/strong>, auf Grund der schlechten Wetteraussichten, kurzfristig von Samstag auf den Sonntag (<span style=\"color: #ff6600;\">15.04.2018<\/span>) verschoben wurde, war es dann doch sehr erfreulich, dass an dieser Fahrt insgesamt <strong>2 Fahrerinnen<\/strong> und <strong>12 Fahrer<\/strong> teilnahmen. Wir starteten wie geplant um <span style=\"color: #ff6600;\">10.00 Uhr<\/span> in <strong><span style=\"color: #008000;\">Schwedt\/O<\/span><\/strong>. Einen kleinen Zwischenstopp, zwecks Fototermin, gab es noch an der Sch\u00f6pfwerksbr\u00fccke und dann ging die Fahrt weiter auf dem Oder-Nei\u00dfe-Radweg in Richtung <strong><span style=\"color: #008000;\">Zollbr\u00fccke<\/span><\/strong>. <\/span><\/p>\n<p style=\"padding-left: 120px;\"><a href=\"https:\/\/radsport.blauweiss65-schwedt.de\/wp-content\/uploads\/2017\/04\/IMG_6817.jpg\"><img loading=\"lazy\" decoding=\"async\" class=\"alignnone size-medium wp-image-3573\" src=\"https:\/\/radsport.blauweiss65-schwedt.de\/wp-content\/uploads\/2017\/04\/IMG_6817-300x200.jpg\" alt=\"\" width=\"300\" height=\"200\" srcset=\"https:\/\/radsport.blauweiss65-schwedt.de\/wp-content\/uploads\/2017\/04\/IMG_6817-300x200.jpg 300w, https:\/\/radsport.blauweiss65-schwedt.de\/wp-content\/uploads\/2017\/04\/IMG_6817-768x512.jpg 768w, https:\/\/radsport.blauweiss65-schwedt.de\/wp-content\/uploads\/2017\/04\/IMG_6817-1024x683.jpg 1024w\" sizes=\"auto, (max-width: 300px) 100vw, 300px\" \/><\/a><\/p>\n<p><span style=\"font-family: Arial, serif; color: #0000ff; font-size: medium;\">Hier gab es eine kurze Pause mit Eis-Essen. Mit leichtem R\u00fcckenwind fuhren wir durch das Oderbruch Richtung <strong><span style=\"color: #008000;\">Schiffm\u00fchle<\/span><\/strong>. Im Ort galt es dann den ersten gr\u00f6\u00dferen Anstieg\/H\u00fcgel (52m \u00fc. NN) zu bezwingen. <\/span><\/p>\n<p><a href=\"https:\/\/radsport.blauweiss65-schwedt.de\/wp-content\/uploads\/2017\/04\/IMG-20180417-WA0022.jpg\"><img loading=\"lazy\" decoding=\"async\" class=\"alignnone size-medium wp-image-3578\" src=\"https:\/\/radsport.blauweiss65-schwedt.de\/wp-content\/uploads\/2017\/04\/IMG-20180417-WA0022-169x300.jpg\" alt=\"\" width=\"169\" height=\"300\" srcset=\"https:\/\/radsport.blauweiss65-schwedt.de\/wp-content\/uploads\/2017\/04\/IMG-20180417-WA0022-169x300.jpg 169w, https:\/\/radsport.blauweiss65-schwedt.de\/wp-content\/uploads\/2017\/04\/IMG-20180417-WA0022-576x1024.jpg 576w, https:\/\/radsport.blauweiss65-schwedt.de\/wp-content\/uploads\/2017\/04\/IMG-20180417-WA0022.jpg 720w\" sizes=\"auto, (max-width: 169px) 100vw, 169px\" \/><\/a> <a href=\"https:\/\/radsport.blauweiss65-schwedt.de\/wp-content\/uploads\/2017\/04\/IMG-20180417-WA0009.jpg\"><img loading=\"lazy\" decoding=\"async\" class=\"alignnone size-medium wp-image-3579\" src=\"https:\/\/radsport.blauweiss65-schwedt.de\/wp-content\/uploads\/2017\/04\/IMG-20180417-WA0009-169x300.jpg\" alt=\"\" width=\"169\" height=\"300\" srcset=\"https:\/\/radsport.blauweiss65-schwedt.de\/wp-content\/uploads\/2017\/04\/IMG-20180417-WA0009-169x300.jpg 169w, https:\/\/radsport.blauweiss65-schwedt.de\/wp-content\/uploads\/2017\/04\/IMG-20180417-WA0009-576x1024.jpg 576w, https:\/\/radsport.blauweiss65-schwedt.de\/wp-content\/uploads\/2017\/04\/IMG-20180417-WA0009.jpg 720w\" sizes=\"auto, (max-width: 169px) 100vw, 169px\" \/><\/a><a href=\"https:\/\/radsport.blauweiss65-schwedt.de\/wp-content\/uploads\/2017\/04\/IMG-20180417-WA0020.jpg\"> <img loading=\"lazy\" decoding=\"async\" class=\"alignnone size-medium wp-image-3580\" src=\"https:\/\/radsport.blauweiss65-schwedt.de\/wp-content\/uploads\/2017\/04\/IMG-20180417-WA0020-169x300.jpg\" alt=\"\" width=\"169\" height=\"300\" srcset=\"https:\/\/radsport.blauweiss65-schwedt.de\/wp-content\/uploads\/2017\/04\/IMG-20180417-WA0020-169x300.jpg 169w, https:\/\/radsport.blauweiss65-schwedt.de\/wp-content\/uploads\/2017\/04\/IMG-20180417-WA0020-576x1024.jpg 576w, https:\/\/radsport.blauweiss65-schwedt.de\/wp-content\/uploads\/2017\/04\/IMG-20180417-WA0020.jpg 720w\" sizes=\"auto, (max-width: 169px) 100vw, 169px\" \/><\/a><\/p>\n<p><span style=\"font-family: Arial, serif; color: #0000ff; font-size: medium;\">Wir fuhren geschlossen weiter \u00fcber <span style=\"color: #008000;\"><strong>Oderberg<\/strong><\/span> nach <strong><span style=\"color: #008000;\">Neuendorf<\/span><\/strong>. Hier folgte auf dem Weg nach <strong><span style=\"color: #008000;\">Parstein<\/span><\/strong> der \u201eH\u00f6hepunkt\u201c unserer Fahrt mit einem Anstieg auf 93m \u00fc. NN. Von <strong><span style=\"color: #008000;\">Parstein<\/span><\/strong> nach <strong><span style=\"color: #008000;\">Lunow<\/span><\/strong> \u00fcber <strong><span style=\"color: #008000;\">L\u00fcdersdorf<\/span> <\/strong>sp\u00fcrten wir dann einen kr\u00e4ftigen Gegenwind. Am Oderdeich nach Lunow ging es z\u00fcgig zur\u00fcck in Richtung <strong><span style=\"color: #008000;\">Schwedt\/O<\/span><\/strong>. <\/span><\/p>\n<p style=\"padding-left: 120px;\"><a href=\"https:\/\/radsport.blauweiss65-schwedt.de\/wp-content\/uploads\/2017\/04\/IMG-20180417-WA0007.jpg\"><img loading=\"lazy\" decoding=\"async\" class=\"alignnone size-medium wp-image-3577\" src=\"https:\/\/radsport.blauweiss65-schwedt.de\/wp-content\/uploads\/2017\/04\/IMG-20180417-WA0007-300x169.jpg\" alt=\"\" width=\"300\" height=\"169\" srcset=\"https:\/\/radsport.blauweiss65-schwedt.de\/wp-content\/uploads\/2017\/04\/IMG-20180417-WA0007-300x169.jpg 300w, https:\/\/radsport.blauweiss65-schwedt.de\/wp-content\/uploads\/2017\/04\/IMG-20180417-WA0007-768x432.jpg 768w, https:\/\/radsport.blauweiss65-schwedt.de\/wp-content\/uploads\/2017\/04\/IMG-20180417-WA0007-1024x576.jpg 1024w, https:\/\/radsport.blauweiss65-schwedt.de\/wp-content\/uploads\/2017\/04\/IMG-20180417-WA0007.jpg 1280w\" sizes=\"auto, (max-width: 300px) 100vw, 300px\" \/><\/a><\/p>\n<p><span style=\"font-family: Arial, serif; color: #0000ff; font-size: medium;\">Gegen <span style=\"color: #ff6600;\">14.00 Uhr<\/span> kamen wir dann geschlossen dort an. In der Pizzeria \u201eDolce Vita\u201c lie\u00dfen wir bei einem guten Mittagessen die Fahrt gem\u00fctlich ausklingen. <\/span><\/p>\n<p><a href=\"https:\/\/radsport.blauweiss65-schwedt.de\/wp-content\/uploads\/2017\/04\/IMG-20180417-WA0011.jpg\"><img loading=\"lazy\" decoding=\"async\" class=\"alignnone size-medium wp-image-3575\" src=\"https:\/\/radsport.blauweiss65-schwedt.de\/wp-content\/uploads\/2017\/04\/IMG-20180417-WA0011-300x169.jpg\" alt=\"\" width=\"300\" height=\"169\" srcset=\"https:\/\/radsport.blauweiss65-schwedt.de\/wp-content\/uploads\/2017\/04\/IMG-20180417-WA0011-300x169.jpg 300w, https:\/\/radsport.blauweiss65-schwedt.de\/wp-content\/uploads\/2017\/04\/IMG-20180417-WA0011-768x432.jpg 768w, https:\/\/radsport.blauweiss65-schwedt.de\/wp-content\/uploads\/2017\/04\/IMG-20180417-WA0011-1024x576.jpg 1024w, https:\/\/radsport.blauweiss65-schwedt.de\/wp-content\/uploads\/2017\/04\/IMG-20180417-WA0011.jpg 1280w\" sizes=\"auto, (max-width: 300px) 100vw, 300px\" \/><\/a><a href=\"https:\/\/radsport.blauweiss65-schwedt.de\/wp-content\/uploads\/2017\/04\/IMG-20180417-WA0004.jpg\"><img loading=\"lazy\" decoding=\"async\" class=\"alignnone size-medium wp-image-3576\" src=\"https:\/\/radsport.blauweiss65-schwedt.de\/wp-content\/uploads\/2017\/04\/IMG-20180417-WA0004-300x169.jpg\" alt=\"\" width=\"300\" height=\"169\" srcset=\"https:\/\/radsport.blauweiss65-schwedt.de\/wp-content\/uploads\/2017\/04\/IMG-20180417-WA0004-300x169.jpg 300w, https:\/\/radsport.blauweiss65-schwedt.de\/wp-content\/uploads\/2017\/04\/IMG-20180417-WA0004-768x432.jpg 768w, https:\/\/radsport.blauweiss65-schwedt.de\/wp-content\/uploads\/2017\/04\/IMG-20180417-WA0004-1024x576.jpg 1024w, https:\/\/radsport.blauweiss65-schwedt.de\/wp-content\/uploads\/2017\/04\/IMG-20180417-WA0004.jpg 1280w\" sizes=\"auto, (max-width: 300px) 100vw, 300px\" \/><\/a><\/p>\n<p><span style=\"font-family: Arial, serif; color: #0000ff; font-size: medium;\">Eine sch\u00f6ne Tour bei bestem Fr\u00fchlingswetter, ohne Unf\u00e4lle oder andere Vorkommnisse fand so einen sch\u00f6nen Abschluss.<\/span><\/p>\n<p><span style=\"font-family: Arial, serif; color: #0000ff; font-size: medium;\">An der Saisoner\u00f6ffnungsfahrt nahmen aus der Abteilung Radsport des TSV teil: <span style=\"color: #000000;\"><strong>Martina, Gabi, Eddy, Werner, Uwe, Sascha, Axel, Sigmar, Holger, Torsten, Thomas, Rene, Eckhard<\/strong><\/span> sowie als Gast <strong><span style=\"color: #000000;\">Rene Fandke<\/span><\/strong>.<\/span><\/p>\n<p><span style=\"font-family: Arial, serif; color: #0000ff; font-size: medium;\">Mit dem <strong>Spreewald-Marathon<\/strong> sowie der <strong>Uckermark-Rundfahrt<\/strong> warten an den kommenden Wochenenden bereits die n\u00e4chsten H\u00f6hepunkte.<\/span><\/p>\n<p><span style=\"font-family: Arial, serif; color: #0000ff; font-size: medium;\">Eckhard Kurth<\/span><\/p>\n<p><span style=\"color: #000000;\"><span style=\"color: #ff0000;\">weiter Bilder<span style=\"color: #0000ff;\"> findet Ihr in der<\/span><\/span> <strong>GALERIE<\/strong><\/span><strong>\u00a0\u00a0\u00a0\u00a0\u00a0\u00a0\u00a0\u00a0\u00a0\u00a0\u00a0\u00a0\u00a0\u00a0\u00a0\u00a0\u00a0\u00a0\u00a0\u00a0\u00a0\u00a0\u00a0 <\/strong>Autor\/Homepage: Henry Felix<\/p>\n<p><span style=\"color: #0000ff;\">\u00a0<\/span><\/p>\n","protected":false},"excerpt":{"rendered":"<p>Hallo Sportfreunde! Nachdem der urspr\u00fcngliche Termin der Saisoner\u00f6ffnungsfahrt, auf Grund der schlechten Wetteraussichten, kurzfristig von Samstag auf den Sonntag (15.04.2018) verschoben wurde, war es dann doch sehr erfreulich, dass an dieser Fahrt insgesamt 2 Fahrerinnen und 12 Fahrer teilnahmen. Wir &hellip; <a href=\"https:\/\/radsport.blauweiss65-schwedt.de\/?page_id=3900\">Weiterlesen <span class=\"meta-nav\">&rarr;<\/span><\/a><\/p>\n","protected":false},"author":3,"featured_media":0,"parent":3893,"menu_order":9,"comment_status":"closed","ping_status":"closed","template":"","meta":{"footnotes":""},"class_list":["post-3900","page","type-page","status-publish","hentry"],"_links":{"self":[{"href":"https:\/\/radsport.blauweiss65-schwedt.de\/index.php?rest_route=\/wp\/v2\/pages\/3900","targetHints":{"allow":["GET"]}}],"collection":[{"href":"https:\/\/radsport.blauweiss65-schwedt.de\/index.php?rest_route=\/wp\/v2\/pages"}],"about":[{"href":"https:\/\/radsport.blauweiss65-schwedt.de\/index.php?rest_route=\/wp\/v2\/types\/page"}],"author":[{"embeddable":true,"href":"https:\/\/radsport.blauweiss65-schwedt.de\/index.php?rest_route=\/wp\/v2\/users\/3"}],"replies":[{"embeddable":true,"href":"https:\/\/radsport.blauweiss65-schwedt.de\/index.php?rest_route=%2Fwp%2Fv2%2Fcomments&post=3900"}],"version-history":[{"count":0,"href":"https:\/\/radsport.blauweiss65-schwedt.de\/index.php?rest_route=\/wp\/v2\/pages\/3900\/revisions"}],"up":[{"embeddable":true,"href":"https:\/\/radsport.blauweiss65-schwedt.de\/index.php?rest_route=\/wp\/v2\/pages\/3893"}],"wp:attachment":[{"href":"https:\/\/radsport.blauweiss65-schwedt.de\/index.php?rest_route=%2Fwp%2Fv2%2Fmedia&parent=3900"}],"curies":[{"name":"wp","href":"https:\/\/api.w.org\/{rel}","templated":true}]}}