{"id":3909,"date":"2018-09-03T08:52:10","date_gmt":"2018-09-03T08:52:10","guid":{"rendered":"http:\/\/radsport.blauweiss65-schwedt.de\/?page_id=3909"},"modified":"2018-09-03T08:52:10","modified_gmt":"2018-09-03T08:52:10","slug":"herrentagsfahrt-10-05-2018","status":"publish","type":"page","link":"https:\/\/radsport.blauweiss65-schwedt.de\/?page_id=3909","title":{"rendered":"HERRENTAGSFAHRT 10.05.2018"},"content":{"rendered":"<p><span style=\"color: #0000ff;\"><span style=\"font-family: Arial, serif; color: #0000ff; font-size: medium;\">Hallo Radsportfreunde<br \/>\n<\/span><\/span><\/p>\n<p style=\"padding-left: 120px;\"><a href=\"https:\/\/radsport.blauweiss65-schwedt.de\/wp-content\/uploads\/2017\/06\/15.05.18-2064.jpg\"><img loading=\"lazy\" decoding=\"async\" class=\"alignnone size-medium wp-image-3679\" src=\"https:\/\/radsport.blauweiss65-schwedt.de\/wp-content\/uploads\/2017\/06\/15.05.18-2064-300x169.jpg\" alt=\"\" width=\"300\" height=\"169\" srcset=\"https:\/\/radsport.blauweiss65-schwedt.de\/wp-content\/uploads\/2017\/06\/15.05.18-2064-300x169.jpg 300w, https:\/\/radsport.blauweiss65-schwedt.de\/wp-content\/uploads\/2017\/06\/15.05.18-2064-768x433.jpg 768w, https:\/\/radsport.blauweiss65-schwedt.de\/wp-content\/uploads\/2017\/06\/15.05.18-2064-1024x578.jpg 1024w, https:\/\/radsport.blauweiss65-schwedt.de\/wp-content\/uploads\/2017\/06\/15.05.18-2064.jpg 1280w\" sizes=\"auto, (max-width: 300px) 100vw, 300px\" \/> <\/a><\/p>\n<p><span style=\"font-family: Arial, serif;\"><span style=\"font-size: medium;\"><span style=\"color: #0000ff;\">Am <span style=\"color: #ff6600;\">10.05.2018<\/span> startete kurz nach <span style=\"color: #ff6600;\">09:00 Uhr<\/span> die <strong>Herrentagsrunde<\/strong> von <span style=\"color: #339966;\"><strong>Casekow<\/strong><\/span> nach <strong><span style=\"color: #339966;\">Ueckerm\u00fcnde<\/span><\/strong> und zur\u00fcck. <span style=\"color: #000000;\"><strong>Martina<\/strong><\/span> hatte allen Startern noch frischen Kaffee gebr\u00fcht, <span style=\"color: #000000;\"><strong>Sigmar<\/strong><\/span> noch eine\u00a0 &#8222;letzte&#8220; Zigarette geraucht, <span style=\"color: #000000;\"><strong>Torsten<\/strong><\/span> nochmal einen Trikotwechsel vorgenommen und dann ging die Fahrt bei sch\u00f6nstem Herrentagswetter los. Die Wettervorschau zeigte an, dass es zum sp\u00e4ten Nachmittag schwere Gewitter geben k\u00f6nnte. Also versuchten wir z\u00fcgig voranzukommen. Der Wind war g\u00fcnstig und die Temperatur regelte sich bei ca. 20 \u00b0C ein. Wir entschieden dann unterwegs noch, den sonst \u00fcblichen Tankstellenstopp in Pasewalk auszulassen. Die Stimmung war sehr gut. Wir haben jedoch das Tempo ab und zu etwas \u00fcberzogen. Da gab es schnell eine entsprechende &#8222;Kommunikation&#8220; und alles lief wieder geordnet weiter. Gegen <\/span><\/span><\/span><span style=\"font-family: Arial, serif;\"><span style=\"font-size: medium;\"><span style=\"color: #0000ff;\"><span style=\"color: #ff6600;\">11:30 Uhr<\/span><\/span><\/span><\/span><span style=\"font-family: Arial, serif;\"><span style=\"font-size: medium;\"><span style=\"color: #0000ff;\"> erreichten wir <strong><span style=\"color: #339966;\">Ueckerm\u00fcnde<\/span> <\/strong>und &#8222;Rosi`s Fischimbiss&#8220;. Wir staunten nicht schlecht was sich innerhalb eines Jahres dort ver\u00e4ndert hatte. Das alte luftige Zelt war weg. Dort steht nun ein Leichtmetallbau in Zeltform. <\/span><\/span><\/span><\/p>\n<p style=\"padding-left: 120px;\"><a href=\"https:\/\/radsport.blauweiss65-schwedt.de\/wp-content\/uploads\/2017\/06\/IMG_20180510_123110882.jpg\"><img loading=\"lazy\" decoding=\"async\" class=\"alignnone size-medium wp-image-3697\" src=\"https:\/\/radsport.blauweiss65-schwedt.de\/wp-content\/uploads\/2017\/06\/IMG_20180510_123110882-300x169.jpg\" alt=\"\" width=\"300\" height=\"169\" srcset=\"https:\/\/radsport.blauweiss65-schwedt.de\/wp-content\/uploads\/2017\/06\/IMG_20180510_123110882-300x169.jpg 300w, https:\/\/radsport.blauweiss65-schwedt.de\/wp-content\/uploads\/2017\/06\/IMG_20180510_123110882-768x432.jpg 768w, https:\/\/radsport.blauweiss65-schwedt.de\/wp-content\/uploads\/2017\/06\/IMG_20180510_123110882-1024x576.jpg 1024w\" sizes=\"auto, (max-width: 300px) 100vw, 300px\" \/><\/a><\/p>\n<p><span style=\"font-family: Arial, serif;\"><span style=\"font-size: medium;\"><span style=\"color: #0000ff;\">Sehr gem\u00fctlich und sauber. Die Fischgerichte schmeckten uns wie in den Vorjahren wieder sehr gut. Nach etwas mehr als einer Stunde traten wir ges\u00e4ttigt und gest\u00e4rkt die Heimfahrt an. Obwohl viele von uns diese Strecke zum wiederholten Male fuhren, verfehlten wir unterwegs eine leicht versteckte Abfahrt. Nach kurzem Umweg ging die Fahrt dann weiter nach <strong><span style=\"color: #339966;\">L\u00f6cknitz<\/span><\/strong>. Da es inzwischen nochmal w\u00e4rmer geworden war, brauchten einige noch einen \u201eFeuchtigkeits\u201c-Nachschub. Wir fanden dann auch eine passende kleine Gastst\u00e4tte. Hinter L\u00f6cknitz gab <span style=\"color: #000000;\"><strong>Uwe<\/strong><\/span> den Tipp f\u00fcr eine andere, etwas k\u00fcrzere Strecke nach <strong><span style=\"color: #339966;\">Krakow<\/span><\/strong>. Hier gab es den letzten obligatorischen Halt am Eiscaf\u00e9 im Ort. Von dort ging es weiter in Richtung <strong><span style=\"color: #339966;\">Penkun<\/span><\/strong>. In <strong><span style=\"color: #339966;\">Petershagen<\/span> <\/strong>trennte sich die Gruppe. Ein Teil fuhr flach durch die Wiesen nach <span style=\"color: #339966;\"><strong>Casekow<\/strong><\/span>, der andere Teil w\u00e4hlte den etwas weiteren und welligen Kurs \u00fcber <span style=\"color: #339966;\"><strong>Luckow<\/strong><\/span>. Diese Gruppe erreichte als erste das Ziel in <strong><span style=\"color: #339966;\">Casekow<\/span><\/strong>. <span style=\"color: #000000;\"><strong>Martina<\/strong><\/span> und<span style=\"color: #000000;\"><strong> Thomas<\/strong><\/span> hatten bereits alles f\u00fcr unsere Ankunft vorbereitet. Es gab Kaffee, Kuchen, Getr\u00e4nke und Gegrilltes. Ein wundersch\u00f6ner Abschluss einer gelungenen Herrentagsfahrt. Das erwartete Gewitter kam dann sp\u00e4ter auch noch. Es zog jedoch an <span style=\"color: #339966;\"><strong>Casekow<\/strong> <\/span>im Osten vorbei<\/span>. <\/span><\/span><\/p>\n<p><a href=\"https:\/\/radsport.blauweiss65-schwedt.de\/wp-content\/uploads\/2017\/06\/IMG_20180510_162337795_HDR.jpg\"><img loading=\"lazy\" decoding=\"async\" class=\"alignnone size-medium wp-image-3702\" src=\"https:\/\/radsport.blauweiss65-schwedt.de\/wp-content\/uploads\/2017\/06\/IMG_20180510_162337795_HDR-300x169.jpg\" alt=\"\" width=\"300\" height=\"169\" srcset=\"https:\/\/radsport.blauweiss65-schwedt.de\/wp-content\/uploads\/2017\/06\/IMG_20180510_162337795_HDR-300x169.jpg 300w, https:\/\/radsport.blauweiss65-schwedt.de\/wp-content\/uploads\/2017\/06\/IMG_20180510_162337795_HDR-768x432.jpg 768w, https:\/\/radsport.blauweiss65-schwedt.de\/wp-content\/uploads\/2017\/06\/IMG_20180510_162337795_HDR-1024x576.jpg 1024w\" sizes=\"auto, (max-width: 300px) 100vw, 300px\" \/><\/a><a href=\"https:\/\/radsport.blauweiss65-schwedt.de\/wp-content\/uploads\/2017\/06\/IMG_20180510_085950561_HDR.jpg\"><img loading=\"lazy\" decoding=\"async\" class=\"alignnone size-medium wp-image-3701\" src=\"https:\/\/radsport.blauweiss65-schwedt.de\/wp-content\/uploads\/2017\/06\/IMG_20180510_085950561_HDR-300x169.jpg\" alt=\"\" width=\"300\" height=\"169\" srcset=\"https:\/\/radsport.blauweiss65-schwedt.de\/wp-content\/uploads\/2017\/06\/IMG_20180510_085950561_HDR-300x169.jpg 300w, https:\/\/radsport.blauweiss65-schwedt.de\/wp-content\/uploads\/2017\/06\/IMG_20180510_085950561_HDR-768x432.jpg 768w, https:\/\/radsport.blauweiss65-schwedt.de\/wp-content\/uploads\/2017\/06\/IMG_20180510_085950561_HDR-1024x576.jpg 1024w\" sizes=\"auto, (max-width: 300px) 100vw, 300px\" \/><\/a><\/p>\n<p><span style=\"font-family: Arial, serif; color: #ff6600; font-size: medium;\"><strong>Danke<\/strong> an dieser Stelle an <strong>Martina<\/strong> und <strong>Thomas<\/strong>. Insbesondere da Martina es erm\u00f6glichte, die inzwischen zur Tradition gewordene Fahrt auch 2018 durchzuf\u00fchren. Die technischen Werte der Fahrt lauten: <\/span><\/p>\n<p><span style=\"font-family: Arial, serif; color: #ff6600; font-size: medium;\">Strecke: <span style=\"color: #ff0000;\">167 km\u00a0 <\/span>Durchschnittstempo: <span style=\"color: #ff0000;\">31,4 km\/h<\/span> Teilnehmer: <span style=\"color: #ff0000;\">13<\/span><\/span><\/p>\n<p><span style=\"font-size: medium;\"><strong><span style=\"font-family: Arial, serif;\"><span style=\"color: #000000;\">Eddy, Axel, Martin, Christian, Sigmar, Henry, Raik, Uwe, Torsten, Sascha, Wilfried Eichler, Eckhard und ein weiterer Sportfreund<\/span><\/span><\/strong> <span style=\"font-family: Arial, serif; color: #339966;\">(aus Casekow) <\/span><\/span><\/p>\n<p><span style=\"color: #0000ff;\"><span style=\"color: #000000;\"><strong>weitere<\/strong> <strong>Bilder findet Ihr in der GALERIE \u00a0\u00a0\u00a0\u00a0<\/strong>\u00a0\u00a0\u00a0\u00a0\u00a0\u00a0\u00a0\u00a0\u00a0\u00a0\u00a0\u00a0\u00a0\u00a0\u00a0\u00a0\u00a0\u00a0\u00a0\u00a0\u00a0\u00a0\u00a0\u00a0\u00a0\u00a0\u00a0\u00a0\u00a0\u00a0\u00a0\u00a0\u00a0\u00a0 <span style=\"color: #999999;\">Autor: E. Kurth, H. Felix<\/span><\/span><br \/>\n<\/span><\/p>\n","protected":false},"excerpt":{"rendered":"<p>Hallo Radsportfreunde Am 10.05.2018 startete kurz nach 09:00 Uhr die Herrentagsrunde von Casekow nach Ueckerm\u00fcnde und zur\u00fcck. Martina hatte allen Startern noch frischen Kaffee gebr\u00fcht, Sigmar noch eine\u00a0 &#8222;letzte&#8220; Zigarette geraucht, Torsten nochmal einen Trikotwechsel vorgenommen und dann ging die &hellip; <a href=\"https:\/\/radsport.blauweiss65-schwedt.de\/?page_id=3909\">Weiterlesen <span class=\"meta-nav\">&rarr;<\/span><\/a><\/p>\n","protected":false},"author":3,"featured_media":0,"parent":3893,"menu_order":5,"comment_status":"closed","ping_status":"closed","template":"","meta":{"footnotes":""},"class_list":["post-3909","page","type-page","status-publish","hentry"],"_links":{"self":[{"href":"https:\/\/radsport.blauweiss65-schwedt.de\/index.php?rest_route=\/wp\/v2\/pages\/3909","targetHints":{"allow":["GET"]}}],"collection":[{"href":"https:\/\/radsport.blauweiss65-schwedt.de\/index.php?rest_route=\/wp\/v2\/pages"}],"about":[{"href":"https:\/\/radsport.blauweiss65-schwedt.de\/index.php?rest_route=\/wp\/v2\/types\/page"}],"author":[{"embeddable":true,"href":"https:\/\/radsport.blauweiss65-schwedt.de\/index.php?rest_route=\/wp\/v2\/users\/3"}],"replies":[{"embeddable":true,"href":"https:\/\/radsport.blauweiss65-schwedt.de\/index.php?rest_route=%2Fwp%2Fv2%2Fcomments&post=3909"}],"version-history":[{"count":0,"href":"https:\/\/radsport.blauweiss65-schwedt.de\/index.php?rest_route=\/wp\/v2\/pages\/3909\/revisions"}],"up":[{"embeddable":true,"href":"https:\/\/radsport.blauweiss65-schwedt.de\/index.php?rest_route=\/wp\/v2\/pages\/3893"}],"wp:attachment":[{"href":"https:\/\/radsport.blauweiss65-schwedt.de\/index.php?rest_route=%2Fwp%2Fv2%2Fmedia&parent=3909"}],"curies":[{"name":"wp","href":"https:\/\/api.w.org\/{rel}","templated":true}]}}