{"id":3915,"date":"2018-09-03T08:56:30","date_gmt":"2018-09-03T08:56:30","guid":{"rendered":"http:\/\/radsport.blauweiss65-schwedt.de\/?page_id=3915"},"modified":"2018-09-14T17:55:46","modified_gmt":"2018-09-14T17:55:46","slug":"radmarathon-bansin-16-06-2018","status":"publish","type":"page","link":"https:\/\/radsport.blauweiss65-schwedt.de\/?page_id=3915","title":{"rendered":"RADMARATHON &#8222;BANSIN&#8220; 16.06.2018"},"content":{"rendered":"<p style=\"padding-left: 150px;\"><a href=\"https:\/\/radsport.blauweiss65-schwedt.de\/wp-content\/uploads\/2018\/06\/P1080384.jpg\"><img loading=\"lazy\" decoding=\"async\" class=\"alignnone size-medium wp-image-3819\" src=\"https:\/\/radsport.blauweiss65-schwedt.de\/wp-content\/uploads\/2018\/06\/P1080384-300x225.jpg\" alt=\"\" width=\"300\" height=\"225\" srcset=\"https:\/\/radsport.blauweiss65-schwedt.de\/wp-content\/uploads\/2018\/06\/P1080384-300x225.jpg 300w, https:\/\/radsport.blauweiss65-schwedt.de\/wp-content\/uploads\/2018\/06\/P1080384-768x576.jpg 768w, https:\/\/radsport.blauweiss65-schwedt.de\/wp-content\/uploads\/2018\/06\/P1080384-1024x768.jpg 1024w\" sizes=\"auto, (max-width: 300px) 100vw, 300px\" \/><\/a><\/p>\n<p><span style=\"font-family: Arial, serif; color: #0000ff; font-size: medium;\">Am <span style=\"color: #ff6600;\">16. Juni<\/span> um <span style=\"color: #ff6600;\">03:30 Uhr<\/span> trafen sich <strong><span style=\"color: #ff0000;\">9<\/span><\/strong> unentwegte Radsportler mit ihren Rennr\u00e4dern, guter Laune und Badehose im Gep\u00e4ck, um den <strong>19. Bansin-Marathon <\/strong>zu bestreiten. Der Tag versprach hervorragendes Sommerwetter. Um <span style=\"color: #ff0000;\">4.00 Uhr<\/span> wurde am Wassersportzentrum <strong><span style=\"color: #008000;\">Schwedt<\/span><\/strong> gestartet. Wir hatten auf der Strecke bis <strong><span style=\"color: #008000;\">Woldegk<\/span><\/strong> guten R\u00fccken-, bis <strong><span style=\"color: #008000;\">Anklam<\/span><\/strong> Seiten- und hinter Anklam bis nach <strong><span style=\"color: #008000;\">Bansin<\/span><\/strong> Gegenwind. <strong><span style=\"color: #008000;\">Prenzlau<\/span><\/strong> wurde in den fr\u00fchen Morgenstunden passiert, weiter auf der klassischen Route \u00fcber <strong><span style=\"color: #008000;\">Woldegk<\/span><\/strong> zum \u201ehistorischen\u201c Verpflegungspunkt in<strong><span style=\"color: #008000;\"> Friedland<\/span><\/strong>. Frisch gest\u00e4rkt dann in Richtung<strong><span style=\"color: #008000;\"> Anklam<\/span><\/strong>. Von dort fuhren wir bis <strong><span style=\"color: #008000;\">Pinnow<\/span><\/strong> in drei Gruppen mit gr\u00f6\u00dferen Abst\u00e4nden (wegen\u00a0eines fehlenden Radweges und dem dort sehr hohen Fahrzeugaufkommen). Ohne Probleme konnten wir die <strong><span style=\"color: #008000;\">Zecheriner Br\u00fccke<\/span><\/strong> passieren und waren damit auf der Insel <strong><span style=\"color: #008000;\">Usedom<\/span><\/strong>. Hier ging es auf dem gut ausgebauten Radweg weiter zur Stadt <strong><span style=\"color: #008000;\">Usedom<\/span><\/strong>. Am Ortsausgang in Richtung <strong><span style=\"color: #008000;\">Mellenthin-Ahlbeck<\/span><\/strong> durch den Wald. Hier befindet sich der Radweg jedoch in keinem guten Zustand. So kam es zu zwei St\u00fcrzen mit leichten Absch\u00fcrfungen und Prellungen. Kurz vor<strong><span style=\"color: #008000;\"> Bansin<\/span><\/strong> waren dann die zwei Anstiege hinter <strong><span style=\"color: #008000;\">Benz<\/span> <\/strong>zu bew\u00e4ltigen. Wir erreichten gegen <span style=\"color: #ff0000;\">10:22 Uhr<\/span> gemeinsam die Strandpromenade <strong><span style=\"color: #008000;\">Bansin<\/span><\/strong>. <\/span><\/p>\n<p style=\"padding-left: 150px;\"><a href=\"https:\/\/radsport.blauweiss65-schwedt.de\/wp-content\/uploads\/2018\/06\/P1080451-Kopie.jpg\"><img loading=\"lazy\" decoding=\"async\" class=\"alignnone size-medium wp-image-3831\" src=\"https:\/\/radsport.blauweiss65-schwedt.de\/wp-content\/uploads\/2018\/06\/P1080451-Kopie-289x300.jpg\" alt=\"\" width=\"289\" height=\"300\" srcset=\"https:\/\/radsport.blauweiss65-schwedt.de\/wp-content\/uploads\/2018\/06\/P1080451-Kopie-289x300.jpg 289w, https:\/\/radsport.blauweiss65-schwedt.de\/wp-content\/uploads\/2018\/06\/P1080451-Kopie.jpg 737w\" sizes=\"auto, (max-width: 289px) 100vw, 289px\" \/><\/a><\/p>\n<p><span style=\"font-family: Arial, serif; color: #0000ff; font-size: medium;\">Das \u00fcbliche Prozedere folgte mit dem gemeinsamen Bild unter der Promenaden-Uhr. Dann weiter zur Einkehr in \u201eWalters Fischimbiss\u201c. Doch diesmal standen wir dort, zur besten Saisonzeit, vor geschlossenen T\u00fcren! Wir trafen zuf\u00e4llig den ehemaligen Inhaber, der uns erkl\u00e4rte, dass er den Imbiss aus Gesundheits- und Altersgr\u00fcnden leider aufgeben musste. Also hie\u00df es, sich nach einer Alternative umzusehen. Diese fanden wir auch gleich nebenan. Da das Wetter sehr gut und die Wassertemperatur bei ca. 19\u00b0C lag, g\u00f6nnten sich <strong>5<\/strong> Teilnehmer ein Bad in der <strong><span style=\"color: #008000;\">Ostsee<\/span><\/strong>. Dann wurde das ein und andere Fischbr\u00f6tchen gegessen (der eigentlichen Anlas unserer Tour) ein Bier (auch alkoholfrei), Cola oder Wasser getrunken. Nach ca. <span style=\"color: #ff0000;\">1,5 h Pause<\/span> beendeten wir unsere Stippvisite in <strong><span style=\"color: #008000;\">Bansin<\/span>.<\/strong> Zur\u00fcck nach <span style=\"color: #008000;\"><strong>Anklam<\/strong><\/span> nochmal mit R\u00fcckenwind. Bis zum \u00fcblichen Rastplatz in <span style=\"color: #008000;\"><strong>Friedland<\/strong><\/span> \u00e4nderten sich die Windverh\u00e4ltnisse nun schrittweise. Ab <strong><span style=\"color: #008000;\">Woldegk<\/span><\/strong> bis zum Schluss der Fahrt in <strong><span style=\"color: #008000;\">Schwedt<\/span><\/strong> fuhren wir dann gegen den Wind. In <strong><span style=\"color: #008000;\">Dedelow<\/span><\/strong> empfingen uns <span style=\"color: #000000;\"><strong>Gabi St\u00e4udten, Martina L\u00f6hrs, Wolfgang Baum\u00fcller und Thomas Sa\u00df<\/strong><\/span>, alles <strong>Mitglieder der Abteilung Radsport des TSV Blau-Wei\u00df 65 Schwedt\/O<\/strong>. Sie begleiteten die Bansin-Fahrer zur\u00fcck bis nach <strong><span style=\"color: #008000;\">Schwedt\/Oder<\/span><\/strong>, das alle gemeinsam wohlbehalten um <span style=\"color: #ff0000;\">18:00 Uhr<\/span> erreichten. <\/span><\/p>\n<p style=\"padding-left: 120px;\"><a href=\"https:\/\/radsport.blauweiss65-schwedt.de\/wp-content\/uploads\/2018\/06\/P1080531-Kopie.jpg\"><img loading=\"lazy\" decoding=\"async\" class=\"alignnone wp-image-3833\" src=\"https:\/\/radsport.blauweiss65-schwedt.de\/wp-content\/uploads\/2018\/06\/P1080531-Kopie-300x195.jpg\" alt=\"\" width=\"346\" height=\"225\" srcset=\"https:\/\/radsport.blauweiss65-schwedt.de\/wp-content\/uploads\/2018\/06\/P1080531-Kopie-300x195.jpg 300w, https:\/\/radsport.blauweiss65-schwedt.de\/wp-content\/uploads\/2018\/06\/P1080531-Kopie-768x500.jpg 768w, https:\/\/radsport.blauweiss65-schwedt.de\/wp-content\/uploads\/2018\/06\/P1080531-Kopie.jpg 945w\" sizes=\"auto, (max-width: 346px) 100vw, 346px\" \/><\/a><\/p>\n<p><span style=\"font-family: Arial, serif; color: #0000ff; font-size: medium;\"><strong><span style=\"color: #000000;\">Werner Ehrlich<\/span><\/strong> hatte bereits alles kulinarisch zum gelungenen Abschluss der Tour vorbereitet. Noch lange sa\u00dfen die Teilnehmer bei Steak, Bratwurst und Getr\u00e4nken beisammen. Alle waren froh, diese anspruchsvolle Strecke bew\u00e4ltigt zu haben. Erstaunlich war in 2018, das es keine einzige technische Panne gab &#8211; das war schon lange nicht mehr passiert. <\/span><\/p>\n<p style=\"padding-left: 60px;\"><a href=\"https:\/\/radsport.blauweiss65-schwedt.de\/wp-content\/uploads\/2018\/06\/P1080538.jpg\"><img loading=\"lazy\" decoding=\"async\" class=\"alignnone size-thumbnail wp-image-3825\" src=\"https:\/\/radsport.blauweiss65-schwedt.de\/wp-content\/uploads\/2018\/06\/P1080538-150x150.jpg\" alt=\"\" width=\"150\" height=\"150\" \/><\/a> <a href=\"https:\/\/radsport.blauweiss65-schwedt.de\/wp-content\/uploads\/2018\/06\/P1080528.jpg\"><img loading=\"lazy\" decoding=\"async\" class=\"alignnone size-thumbnail wp-image-3824\" src=\"https:\/\/radsport.blauweiss65-schwedt.de\/wp-content\/uploads\/2018\/06\/P1080528-150x150.jpg\" alt=\"\" width=\"150\" height=\"150\" \/><\/a> <a href=\"https:\/\/radsport.blauweiss65-schwedt.de\/wp-content\/uploads\/2018\/06\/P1080459-Kopie.jpg\"><img loading=\"lazy\" decoding=\"async\" class=\"alignnone size-thumbnail wp-image-3832\" src=\"https:\/\/radsport.blauweiss65-schwedt.de\/wp-content\/uploads\/2018\/06\/P1080459-Kopie-150x150.jpg\" alt=\"\" width=\"150\" height=\"150\" \/><\/a><\/p>\n<p><span style=\"font-family: Arial, serif; color: #0000ff; font-size: medium;\"><span style=\"color: #ff6600;\">An dieser Stelle gilt der <strong>besondere Dank<\/strong> aller Teilnehmer, <strong>den diesj\u00e4hrigen Tourbegleitern<\/strong><\/span> <span style=\"color: #000000;\"><strong>Uli Dahlke<\/strong><\/span><span style=\"color: #ff6600;\"> und seinem Sohn<\/span><span style=\"color: #000000;\"><strong> Steffen<\/strong><\/span>. <span style=\"color: #ff6600;\">Steffen ist ab Prenzlau auch noch per Rad mit den Teilnehmern zusammen bis nach Schwedt\/O.gefahren.<\/span> <span style=\"color: #ff6600;\">Das Begleitfahrzeug wurde in diesem Jahr kurzfristig durch die<\/span> <strong><span style=\"color: #000000;\">Firma Regelmatic<\/span><\/strong> <span style=\"color: #ff6600;\">gestellt. Auch daf\u00fcr an dieser Stelle <strong>herzlichen Dank.<\/strong> Als \u201e<strong>Man of the Tour<\/strong>\u201c soll<\/span><span style=\"color: #000000;\"><strong> Martin Schr\u00f6der<\/strong> <\/span><span style=\"color: #ff6600;\">erw\u00e4hnt sein. Er fuhr die gesamte R\u00fcckfahrt konstant und souver\u00e4n in der ersten Reihe. Ein gutes Training f\u00fcr ihn, wird er noch am diesj\u00e4hriger <strong>\u00d6tztaler Radmarathon<\/strong> teilnehmen.<\/span><\/span><\/p>\n<p><span style=\"font-family: Arial, serif; color: #0000ff; font-size: medium;\"><span style=\"color: #ff0000;\"><span style=\"color: #0000ff;\">Die technischen Werte der Tour:<\/span> 337,5 km<\/span>, <span style=\"color: #ff0000;\">1.506 H\u00f6henmeter, Tempo: 30,4 km\/h, Fahrzeit: 11h 01 min<\/span> (f\u00fcr Hin- u. R\u00fcckfahrt wurde jeweils etwa die gleiche Zeit ben\u00f6tigt)<\/span><\/p>\n<p><span style=\"font-family: Arial, serif; color: #0000ff; font-size: medium;\">Teilnehmer: <strong><span style=\"color: #000000;\">Axel Dittmar, Martin Schr\u00f6der, Bodo Bittner, Sascha Gombert, Torsten Aurich, Raik Mikein, Mike Hempel, Wilfried Eichler und Eckhard Kurth <\/span><\/strong><\/span><\/p>\n<p><span style=\"font-family: Arial, serif; color: #ff6600; font-size: medium;\">Da bekanntlich diese Leistung der Teilnehmer ohne jegliche Vorbereitung nicht zu bew\u00e4ltigen ist, muss daf\u00fcr im Vorfeld flei\u00dfig trainiert werden. F\u00fcr Interessierte deshalb der Hinweis: trainiert wird Mittwoch und Donnerstag um 17:00 Uhr am Treffpunkt &#8211; Parkplatz Turmhotel.<\/span><\/p>\n<p><span style=\"font-family: Arial, serif; color: #0000ff; font-size: medium;\">In diesem Sinne Kette rechts und auf ein Neues in 2019 zum <strong>20.Jubil\u00e4um<\/strong>. <\/span><\/p>\n<p><span style=\"font-family: Arial, serif; color: #0000ff; font-size: medium;\">Eckhard Kurth\u00a0\u00a0\u00a0\u00a0\u00a0\u00a0\u00a0\u00a0\u00a0\u00a0\u00a0\u00a0\u00a0\u00a0\u00a0\u00a0\u00a0\u00a0\u00a0\u00a0\u00a0\u00a0\u00a0\u00a0\u00a0\u00a0\u00a0\u00a0\u00a0\u00a0 <span style=\"color: #999999;\">\u00a0 \u00a0 \u00a0 \u00a0 \u00a0 \u00a0 \u00a0 \u00a0 \u00a0 \u00a0 \u00a0 \u00a0 \u00a0\u00a0 \u00a0\u00a0\u00a0\u00a0\u00a0\u00a0\u00a0\u00a0\u00a0\u00a0\u00a0 Autor: E.Kurth\/H.Felix<\/span><br \/>\n<\/span><\/p>\n","protected":false},"excerpt":{"rendered":"<p>Am 16. Juni um 03:30 Uhr trafen sich 9 unentwegte Radsportler mit ihren Rennr\u00e4dern, guter Laune und Badehose im Gep\u00e4ck, um den 19. Bansin-Marathon zu bestreiten. Der Tag versprach hervorragendes Sommerwetter. Um 4.00 Uhr wurde am Wassersportzentrum Schwedt gestartet. Wir &hellip; <a href=\"https:\/\/radsport.blauweiss65-schwedt.de\/?page_id=3915\">Weiterlesen <span class=\"meta-nav\">&rarr;<\/span><\/a><\/p>\n","protected":false},"author":3,"featured_media":0,"parent":3893,"menu_order":3,"comment_status":"closed","ping_status":"closed","template":"","meta":{"footnotes":""},"class_list":["post-3915","page","type-page","status-publish","hentry"],"_links":{"self":[{"href":"https:\/\/radsport.blauweiss65-schwedt.de\/index.php?rest_route=\/wp\/v2\/pages\/3915","targetHints":{"allow":["GET"]}}],"collection":[{"href":"https:\/\/radsport.blauweiss65-schwedt.de\/index.php?rest_route=\/wp\/v2\/pages"}],"about":[{"href":"https:\/\/radsport.blauweiss65-schwedt.de\/index.php?rest_route=\/wp\/v2\/types\/page"}],"author":[{"embeddable":true,"href":"https:\/\/radsport.blauweiss65-schwedt.de\/index.php?rest_route=\/wp\/v2\/users\/3"}],"replies":[{"embeddable":true,"href":"https:\/\/radsport.blauweiss65-schwedt.de\/index.php?rest_route=%2Fwp%2Fv2%2Fcomments&post=3915"}],"version-history":[{"count":0,"href":"https:\/\/radsport.blauweiss65-schwedt.de\/index.php?rest_route=\/wp\/v2\/pages\/3915\/revisions"}],"up":[{"embeddable":true,"href":"https:\/\/radsport.blauweiss65-schwedt.de\/index.php?rest_route=\/wp\/v2\/pages\/3893"}],"wp:attachment":[{"href":"https:\/\/radsport.blauweiss65-schwedt.de\/index.php?rest_route=%2Fwp%2Fv2%2Fmedia&parent=3915"}],"curies":[{"name":"wp","href":"https:\/\/api.w.org\/{rel}","templated":true}]}}