{"id":4681,"date":"2021-09-08T14:14:41","date_gmt":"2021-09-08T14:14:41","guid":{"rendered":"https:\/\/radsport.blauweiss65-schwedt.de\/?page_id=4681"},"modified":"2021-09-08T14:14:41","modified_gmt":"2021-09-08T14:14:41","slug":"ost-brandenburg-tour","status":"publish","type":"page","link":"https:\/\/radsport.blauweiss65-schwedt.de\/?page_id=4681","title":{"rendered":"Ost-Brandenburg Tour"},"content":{"rendered":"<p><span style=\"font-family: Arial, serif; color: #000000;\"><span style=\"font-size: medium;\">Bericht: Eckhard Kurth<\/span><\/span><\/p>\n<p><a href=\"https:\/\/radsport.blauweiss65-schwedt.de\/wp-content\/uploads\/2021\/09\/OBB-0.jpeg\"><img loading=\"lazy\" decoding=\"async\" class=\"alignnone size-full wp-image-4685\" src=\"https:\/\/radsport.blauweiss65-schwedt.de\/wp-content\/uploads\/2021\/09\/OBB-0.jpeg\" alt=\"\" width=\"512\" height=\"315\" srcset=\"https:\/\/radsport.blauweiss65-schwedt.de\/wp-content\/uploads\/2021\/09\/OBB-0.jpeg 512w, https:\/\/radsport.blauweiss65-schwedt.de\/wp-content\/uploads\/2021\/09\/OBB-0-300x185.jpeg 300w\" sizes=\"auto, (max-width: 512px) 100vw, 512px\" \/><\/a><\/p>\n<p><span style=\"font-family: Arial, serif;\"><span style=\"font-size: medium;\"><span style=\"color: #0000ff;\">Am<\/span> <span style=\"color: #ff6600;\">31.08.2021<\/span> <span style=\"color: #0000ff;\">starteten die Radsportler des TSV um<\/span> <span style=\"color: #ff6600;\">3.00 Uhr<\/span> <span style=\"color: #0000ff;\">in der Fr\u00fche in Angerm\u00fcnde zur<\/span> <span style=\"color: #ff0000;\">8. Ost-Brandenburg Tour<\/span>. <span style=\"color: #0000ff;\">Wenn schon in diesem Jahr auf Grund von Corona viele Radsporttermine abgesagt wurden, so sollten wenigstens einige vereinsinterne Veranstaltungen durchgef\u00fchrt werden. Dies dann nat\u00fcrlich unter Einhaltung der geltenden Corona-Regeln. <\/span><\/span><\/span><span style=\"font-family: Arial, serif; color: #0000ff;\"><span style=\"font-size: medium;\">An der diesj\u00e4hrigen Tour beteiligten sich eine mutige Fahrerin sowie weitere 10 Fahrer. Darunter befanden sich zus\u00e4tzlich zwei Gastfahrer. Das Wetter -so der Wetterbericht- sollte zwar trocken, jedoch sehr windig werden mit B\u00f6en von bis zu 50 km\/h aus Richtung SW. Daher war allen von vornherein bekannt, ab wann es schwieriger werden k\u00f6nnte. Sie sagten sich jedoch, \u201e\u2026Wind ist immer noch besser als Regen\u201c. Auf Grund einiger Baustellen musste die Streckenf\u00fchrung im Vergleich zu den Vorjahren leicht ver\u00e4ndert werden. Die Fahrt f\u00fchrte in diesem Jahr nicht \u00fcber Seelow sondern ab Neuhardenberg \u00fcber Heinersdorf nach Petershagen und ab dort wieder auf die alte Strecke. Die Fahrt verlief dann ohne Probleme bis zum Verpflegungspunkt in M\u00fcllrose. Hier wurde im Vorfeld ein neuer Haltepunkt ausgesucht, da bereits im letzten Jahr auf dem alten die M\u00fccken sehr aktiv waren und kaum Zeit zum Ausruhen sowie Essen lie\u00dfen. Die Fahrt ab M\u00fcllrose ging dann weiter in Richtung S\u00fcden bis nach Weichensdorf. Dies war dann bereits der s\u00fcdlichste Punkt der Fahrt. Zwischen Weichensdorf und Friedland gab es ein kleines Windvorspiel f\u00fcr eine sp\u00e4ter folgende l\u00e4ngere Windpassage. Nach der Durchfahrt von Beeskow folgte dann der anspruchsvollste Teil der gesamten Fahrt. Es ging \u00fcber 27 km bei sehr starkem Gegenwind bis nach Kehrigk. Ab Kehrigk wurde die Fahrt dann -windtechnisch gesehen- wesentlich leichter. Andererseits stand nur noch etwa die H\u00e4lfte der Gesamtstrecke vor allen Teilnehmern. Die Gruppe harmonierte insgesamt sehr gut und so erreichten alle den neuen zweiten Verpflegungspunkt in Strausberg. Nach einer ausgiebigen St\u00e4rkung wurden die letzten Kilometer in Angriff genommen. Kurz nach 15.00 Uhr erreichte die Gruppe geschlossen und wohlbehalten Angerm\u00fcnde. Es gab unterwegs weder eine Panne noch sonstigen Unannehmlichkeiten. Abgesehen vielleicht von einigen wenigen Autofahrern -und dies ist trotz ver\u00e4nderter rechtlicher Bestimmungen immer noch gegenw\u00e4rtig- die bei ihren \u00dcberholvorg\u00e4ngen den Mindestabstand im grenzwertigen Bereich unterschritten.<\/span><\/span><\/p>\n<p><span style=\"font-family: Arial, serif; color: #0000ff;\"><span style=\"font-size: medium;\">Im \u201eCafe Seeblick\u201c am M\u00fcndesee klang dann der anspruchsvolle Tag in gemeinsamer Runde aus.<\/span><\/span><\/p>\n<p><span style=\"font-family: Arial, serif;\"><span style=\"font-size: medium;\"><span style=\"color: #0000ff;\">Teilnehmer der Fahrt waren:<\/span> <strong><span style=\"color: #000000;\">Gaby St\u00e4udten, Wolfgang Baum\u00fcller, Sven Krummholz, Martin Schr\u00f6der, Maik Hempel, Micha Brodehl, Sven Prehn, Eckhard Kurth sowie die G\u00e4ste Wilfried Eichler und Sven Machmer. <\/span><\/strong><\/span><\/span><\/p>\n<p><span style=\"font-family: Arial, serif; color: #0000ff;\"><span style=\"font-size: medium;\">Hervorzuheben ist die Teilnahme von Gaby St\u00e4udten als einzige Frau bei dieser Fahrt. Sie konnte dem Tempo ihrer m\u00e4nnlichen Begleiter ohne Probleme folgen. Dank an das umsichtige Team im Begleitfahrzeug mit Renate Brodehl und Hans J\u00fcrgen Fiedler sowie an die Fam. Schmidt vom \u201eCafe Seeblick\u201c.<\/span><\/span><\/p>\n<p><span style=\"font-family: Arial, serif; color: #ff0000;\"><span style=\"font-size: medium;\">Die technischen Daten lauten: 300 Km Gesamtstrecke, 10,25 h reine Fahrzeit u. 29 km\/h Durchschnittsgeschwindigkeit.<\/span><\/span><\/p>\n","protected":false},"excerpt":{"rendered":"<p>Bericht: Eckhard Kurth Am 31.08.2021 starteten die Radsportler des TSV um 3.00 Uhr in der Fr\u00fche in Angerm\u00fcnde zur 8. Ost-Brandenburg Tour. Wenn schon in diesem Jahr auf Grund von Corona viele Radsporttermine abgesagt wurden, so sollten wenigstens einige vereinsinterne &hellip; <a href=\"https:\/\/radsport.blauweiss65-schwedt.de\/?page_id=4681\">Weiterlesen <span class=\"meta-nav\">&rarr;<\/span><\/a><\/p>\n","protected":false},"author":3,"featured_media":0,"parent":4667,"menu_order":3,"comment_status":"closed","ping_status":"closed","template":"","meta":{"footnotes":""},"class_list":["post-4681","page","type-page","status-publish","hentry"],"_links":{"self":[{"href":"https:\/\/radsport.blauweiss65-schwedt.de\/index.php?rest_route=\/wp\/v2\/pages\/4681","targetHints":{"allow":["GET"]}}],"collection":[{"href":"https:\/\/radsport.blauweiss65-schwedt.de\/index.php?rest_route=\/wp\/v2\/pages"}],"about":[{"href":"https:\/\/radsport.blauweiss65-schwedt.de\/index.php?rest_route=\/wp\/v2\/types\/page"}],"author":[{"embeddable":true,"href":"https:\/\/radsport.blauweiss65-schwedt.de\/index.php?rest_route=\/wp\/v2\/users\/3"}],"replies":[{"embeddable":true,"href":"https:\/\/radsport.blauweiss65-schwedt.de\/index.php?rest_route=%2Fwp%2Fv2%2Fcomments&post=4681"}],"version-history":[{"count":0,"href":"https:\/\/radsport.blauweiss65-schwedt.de\/index.php?rest_route=\/wp\/v2\/pages\/4681\/revisions"}],"up":[{"embeddable":true,"href":"https:\/\/radsport.blauweiss65-schwedt.de\/index.php?rest_route=\/wp\/v2\/pages\/4667"}],"wp:attachment":[{"href":"https:\/\/radsport.blauweiss65-schwedt.de\/index.php?rest_route=%2Fwp%2Fv2%2Fmedia&parent=4681"}],"curies":[{"name":"wp","href":"https:\/\/api.w.org\/{rel}","templated":true}]}}