{"id":4875,"date":"2023-03-23T20:08:24","date_gmt":"2023-03-23T20:08:24","guid":{"rendered":"https:\/\/radsport.blauweiss65-schwedt.de\/?page_id=4875"},"modified":"2025-06-15T16:29:43","modified_gmt":"2025-06-15T16:29:43","slug":"saison-2023","status":"publish","type":"page","link":"https:\/\/radsport.blauweiss65-schwedt.de\/?page_id=4875","title":{"rendered":"Saison 2023"},"content":{"rendered":"<p><a href=\"https:\/\/radsport.blauweiss65-schwedt.de\/?page_id=4877\"><strong>Berlin-Schwedt\/Oder<\/strong><\/a><\/p>\n<p><a href=\"https:\/\/radsport.blauweiss65-schwedt.de\/?page_id=4950&amp;preview=true\"><strong>Spreewaldmarathon 2023 vom 21. bis 23.04.2023<\/strong><\/a><\/p>\n<p><a href=\"https:\/\/radsport.blauweiss65-schwedt.de\/?p=4954&amp;preview=true\"><strong>Prenzlauer Fr\u00fchlingsklassiker vom 13.05.2023<\/strong><\/a><\/p>\n<p><a href=\"https:\/\/radsport.blauweiss65-schwedt.de\/?p=4958&amp;preview=true\"><strong>Herrentag von Casekow nach Ueckerm\u00fcnde und zur\u00fcck<\/strong><\/a><\/p>\n","protected":false},"excerpt":{"rendered":"<p>Berlin-Schwedt\/Oder Spreewaldmarathon 2023 vom 21. bis 23.04.2023 Prenzlauer Fr\u00fchlingsklassiker vom 13.05.2023 Herrentag von Casekow nach Ueckerm\u00fcnde und zur\u00fcck<\/p>\n","protected":false},"author":4,"featured_media":0,"parent":514,"menu_order":1,"comment_status":"closed","ping_status":"closed","template":"","meta":{"footnotes":""},"class_list":["post-4875","page","type-page","status-publish","hentry"],"_links":{"self":[{"href":"https:\/\/radsport.blauweiss65-schwedt.de\/index.php?rest_route=\/wp\/v2\/pages\/4875","targetHints":{"allow":["GET"]}}],"collection":[{"href":"https:\/\/radsport.blauweiss65-schwedt.de\/index.php?rest_route=\/wp\/v2\/pages"}],"about":[{"href":"https:\/\/radsport.blauweiss65-schwedt.de\/index.php?rest_route=\/wp\/v2\/types\/page"}],"author":[{"embeddable":true,"href":"https:\/\/radsport.blauweiss65-schwedt.de\/index.php?rest_route=\/wp\/v2\/users\/4"}],"replies":[{"embeddable":true,"href":"https:\/\/radsport.blauweiss65-schwedt.de\/index.php?rest_route=%2Fwp%2Fv2%2Fcomments&post=4875"}],"version-history":[{"count":5,"href":"https:\/\/radsport.blauweiss65-schwedt.de\/index.php?rest_route=\/wp\/v2\/pages\/4875\/revisions"}],"predecessor-version":[{"id":4963,"href":"https:\/\/radsport.blauweiss65-schwedt.de\/index.php?rest_route=\/wp\/v2\/pages\/4875\/revisions\/4963"}],"up":[{"embeddable":true,"href":"https:\/\/radsport.blauweiss65-schwedt.de\/index.php?rest_route=\/wp\/v2\/pages\/514"}],"wp:attachment":[{"href":"https:\/\/radsport.blauweiss65-schwedt.de\/index.php?rest_route=%2Fwp%2Fv2%2Fmedia&parent=4875"}],"curies":[{"name":"wp","href":"https:\/\/api.w.org\/{rel}","templated":true}]}}