{"id":4877,"date":"2023-03-23T20:12:45","date_gmt":"2023-03-23T20:12:45","guid":{"rendered":"https:\/\/radsport.blauweiss65-schwedt.de\/?page_id=4877"},"modified":"2023-03-23T20:56:02","modified_gmt":"2023-03-23T20:56:02","slug":"berlin-schwedt","status":"publish","type":"page","link":"https:\/\/radsport.blauweiss65-schwedt.de\/?page_id=4877","title":{"rendered":"Berlin-Schwedt\/Oder"},"content":{"rendered":"<p>Bericht: Eckhard Kurth<\/p>\n<p><strong> <a href=\"https:\/\/radsport.blauweiss65-schwedt.de\/wp-content\/uploads\/2023\/03\/WhatsApp-Image-2023-03-23-at-19.32.04.jpeg\"><img loading=\"lazy\" decoding=\"async\" class=\"alignnone size-medium wp-image-4882\" src=\"https:\/\/radsport.blauweiss65-schwedt.de\/wp-content\/uploads\/2023\/03\/WhatsApp-Image-2023-03-23-at-19.32.04-225x300.jpeg\" alt=\"\" width=\"225\" height=\"300\" srcset=\"https:\/\/radsport.blauweiss65-schwedt.de\/wp-content\/uploads\/2023\/03\/WhatsApp-Image-2023-03-23-at-19.32.04-225x300.jpeg 225w, https:\/\/radsport.blauweiss65-schwedt.de\/wp-content\/uploads\/2023\/03\/WhatsApp-Image-2023-03-23-at-19.32.04-768x1024.jpeg 768w, https:\/\/radsport.blauweiss65-schwedt.de\/wp-content\/uploads\/2023\/03\/WhatsApp-Image-2023-03-23-at-19.32.04-1152x1536.jpeg 1152w, https:\/\/radsport.blauweiss65-schwedt.de\/wp-content\/uploads\/2023\/03\/WhatsApp-Image-2023-03-23-at-19.32.04.jpeg 1200w\" sizes=\"auto, (max-width: 225px) 100vw, 225px\" \/><\/a><\/strong><\/p>\n<p>Wie in den vergangenen Jahren \u00fcblich, sollte die Berlin-Schwedt\/O Tour die inoffizielle Er\u00f6ffnung unserer Rennradsaison 2023 sein. Als Termin war der 26.02.2023 geplant. Auf Grund ung\u00fcnstiger Witterungsbedingungen wie Regen, Schnee und K\u00e4lte konnte dieser dann erst am 18.03.2023 nachgeholt werden. Die Teilnehmerzahl hielt sich in diesem Jahr jedoch in Grenzen. Mit Celine, Micha R., Axel und Eckhard trafen sich lediglich 4 Teilnehmer am Bahnhof Mitte in Schwedt\/O zur 1. Etappe, d.h. der Bahnfahrt nach Berlin. P\u00fcnktlich in Berlin Hauptbahnhof angekommen, startete Fahrt \u00fcber die Stra\u00dfe Unter den Linden zum obligatorischen Fototermin an der Weltzeituhr am Alex. Hier kurz einige Bilder geschossen und schon ging es weiter \u00fcber Malchow, Schwanebeck, Sch\u00f6nfeld nach Freudenberg. Bei der Durchfahrt von Freudenberg gab es ein kurzes Paris-Roubaix Element \u2013 eine Pflasterstra\u00dfe von etwa 400m die es in sich hatte. Auch wenn dies das einzig schwierige Element der Fahrt war, sollte nicht unerw\u00e4hnt bleiben, dass wir unter g\u00fcnstigen Windbedingungen gefahren sind \u2013 wir hatten einen uns st\u00e4ndig begleitenden leichten R\u00fcckenwind. Kurz vor Leuenberg fuhren wir dann auf der stark befahrenen B158 weiter in Richtung Bad Freienwalde. Ein kurzes St\u00fcck hinter Platzfelde ging es z\u00fcgig bergab, die H\u00f6chstgeschwindigkeit betrug auf diesem Abschnitt bis zu 70 km\/h hinein nach Bad Freienwalde. Dort suchten wir vergebens ein ge\u00f6ffnetes Cafe f\u00fcr einen Zwischenstopp. Da das &#8222;Fontana-Caf\u00e9&#8220; in Schiffm\u00fchle ebenfalls noch geschlossen war, w\u00e4hlten wir unseren Halt in Hohenwutzen in der Gastst\u00e4tte &#8222;Fuchsbau&#8220;. Bei sch\u00f6nstem Sonnenschein konnten wir auf der Terrasse eine kleine St\u00e4rkung zu uns nehmen und setzten danach unsere Fahrt auf dem Oderdeich in Richtung Schwedt\/O fort. Nach 106 km, 3,40 Stunden reiner Fahrtzeit, 319 H\u00f6henmetern sowie mit einer Durchschnittsgeschwindigkeit von 29 km\/h erreichten wir gegen 15.15 Uhr den Ziel- und Ausgangspunkt unserer Fahrt Schwedt\/O. Die gesamte Fahrt verlief ohne jegliche Zwischenf\u00e4lle weitestgehend entspannt. Mit der Saisoner\u00f6ffnung am 02.04.2023 steht dann bereits der n\u00e4chste Termin der neuen Rennradsaison an.<\/p>\n","protected":false},"excerpt":{"rendered":"<p>Bericht: Eckhard Kurth Wie in den vergangenen Jahren \u00fcblich, sollte die Berlin-Schwedt\/O Tour die inoffizielle Er\u00f6ffnung unserer Rennradsaison 2023 sein. Als Termin war der 26.02.2023 geplant. Auf Grund ung\u00fcnstiger Witterungsbedingungen wie Regen, Schnee und K\u00e4lte konnte dieser dann erst am &hellip; <a href=\"https:\/\/radsport.blauweiss65-schwedt.de\/?page_id=4877\">Weiterlesen <span class=\"meta-nav\">&rarr;<\/span><\/a><\/p>\n","protected":false},"author":4,"featured_media":0,"parent":4875,"menu_order":3,"comment_status":"closed","ping_status":"closed","template":"","meta":{"footnotes":""},"class_list":["post-4877","page","type-page","status-publish","hentry"],"_links":{"self":[{"href":"https:\/\/radsport.blauweiss65-schwedt.de\/index.php?rest_route=\/wp\/v2\/pages\/4877","targetHints":{"allow":["GET"]}}],"collection":[{"href":"https:\/\/radsport.blauweiss65-schwedt.de\/index.php?rest_route=\/wp\/v2\/pages"}],"about":[{"href":"https:\/\/radsport.blauweiss65-schwedt.de\/index.php?rest_route=\/wp\/v2\/types\/page"}],"author":[{"embeddable":true,"href":"https:\/\/radsport.blauweiss65-schwedt.de\/index.php?rest_route=\/wp\/v2\/users\/4"}],"replies":[{"embeddable":true,"href":"https:\/\/radsport.blauweiss65-schwedt.de\/index.php?rest_route=%2Fwp%2Fv2%2Fcomments&post=4877"}],"version-history":[{"count":6,"href":"https:\/\/radsport.blauweiss65-schwedt.de\/index.php?rest_route=\/wp\/v2\/pages\/4877\/revisions"}],"predecessor-version":[{"id":4887,"href":"https:\/\/radsport.blauweiss65-schwedt.de\/index.php?rest_route=\/wp\/v2\/pages\/4877\/revisions\/4887"}],"up":[{"embeddable":true,"href":"https:\/\/radsport.blauweiss65-schwedt.de\/index.php?rest_route=\/wp\/v2\/pages\/4875"}],"wp:attachment":[{"href":"https:\/\/radsport.blauweiss65-schwedt.de\/index.php?rest_route=%2Fwp%2Fv2%2Fmedia&parent=4877"}],"curies":[{"name":"wp","href":"https:\/\/api.w.org\/{rel}","templated":true}]}}