{"id":4950,"date":"2023-06-03T20:31:25","date_gmt":"2023-06-03T20:31:25","guid":{"rendered":"https:\/\/radsport.blauweiss65-schwedt.de\/?page_id=4950"},"modified":"2023-06-03T20:31:25","modified_gmt":"2023-06-03T20:31:25","slug":"spreewaldmarathon-2023-vom-21-bis-23-04-2023","status":"publish","type":"page","link":"https:\/\/radsport.blauweiss65-schwedt.de\/?page_id=4950","title":{"rendered":"Spreewaldmarathon 2023 vom 21. bis 23.04.2023"},"content":{"rendered":"<p>Wie in jedem Jahr so war der Spreewald-Marathon auch in diesem Jahr wieder ein erster Leistungsmesser in der noch jungen Saison. Da der Streckenverlauf keine nennenswerten Steigungen beinhaltet, ist es in der Regel manchmal der Wind der den Fahrern ansonsten einiges abverlangt. Da jedoch der Wind in diesem keine Rolle spielte und das Wetter ansonsten optimal war, sollte es mal wieder eine gelungene Veranstaltung werden.<\/p>\n<p>Was sagt Eckhard auf der Jahresabschlu\u00dffeier 2022 ? &#8230;..&#8220;Eddy und Konsorten&#8220;&#8230;..<\/p>\n<p>Zwei Gruppen von Blau-Wei\u00df Radsportlern haben beim diesj\u00e4hrigen Spreewaldmarathon am 22.4.23 teilgenommen. Der \u00fcberwiegende Teil der TSV Starter konzentrierte sich auf die 150 km Strecke. Dies waren Moni (-60km), Martina, Martin, Eddy, Raik und Sigmar. Rene und Eckhard nahmen die 200 km in Angriff. Die Konsorten trafen sich am Freitag, 21.04. in Straupitz. Hier wurde bereits im April 2022 Quartier f\u00fcr dieses Jahr gebucht. Wir erlebten ein sportliches, wie auch privates Highlight.<\/p>\n<p>Endlich mal eine Tour mit sch\u00f6nem Wetter. Auch wenn es am Start noch saukalt war. Wir blieben bis km 100 alle zusammen, dann fuhr Monika wie angek\u00fcndigt die letzten 50 km allein. Alle erreichten nach 150 km das Ziel in Burg. Hier war auf dem Markt alles vorbereitet. Gurke empfangen, Urkunde abholen und den Rest des Nachmittags genie\u00dfen. Wir sa\u00dfen dicht an der B\u00fchne mit Livemusik. War super!!! Die vorhandenen St\u00e4nde hielten Getr\u00e4nke und Speisen bereit. Irgendwann ging es zur\u00fcck nach Straupitz.\u00a0 Gemeinsames Abendessen und das wars f\u00fcr Samstag.<\/p>\n<p>W\u00e4hrend die 150 km Strecke in Burg gestartet wurde, begannen Rene und Eckhard ihre Tour in L\u00fcbbenau. Da sie leistungsm\u00e4\u00dfig unterschiedliche Voraussetzungen hatten, fuhren sie die Tour getrennt. Rene fuhr weitestgehend sein eigenes Tempo. Eckhard hatte sich mit Sven M., Thomas R. aus Templin und Sven-Uwe S. aus Hohen-Neuendorf zu dieser Tour verabredet. Da dieses Team bereits 2022 sehr gut funktionierte -hier noch mit Uwe K.- sollte es auch wieder 2023 klappen. Vor dem Start wurden noch kurz die notwendigen Absprachen getroffen und los ging die Fahrt. Das Tempo war wie immer am Anfang recht hoch. Es gelang unterwegs sehr gut, dass die Gruppe immer zusammenblieb. Dies auch bei wechselnden Mitfahrern. Grund daf\u00fcr war, dass viele Rennradfahrer unterwegs die zahlreichen Verpflegungsstellen anfuhren. Selbst wurde nur eine Unterbrechung der Fahrt bei dem neu eingerichteten Verpflegungspunkt in Speichrow nach etwa 115 km in Anspruch genommen. Wieder in L\u00fcbbenau angekommen gab es f\u00fcr alle die Goldene Gurke, die Urkunde der Teilnahmebest\u00e4tigung, ein\/zwei alkoholfreie Biere sowie einen kleinen Imbiss. Dabei fand dann gleich noch die Auswertung der Tourdaten statt. Wichtig hier, dass die erreichte Durchschnittsgeschwindigkeit von 34,8 km\/h eine Verbesserung zum Vorjahr bedeutete. W\u00e4hrend die Templiner noch auf einen Sportfreund warten mussten, traten Eckhard und Sven-Uwe anschlie\u00dfend ihre Heimfahrt an. \u00dcbrigens sind die genannte vier Teilnehmer erst am Tag der Veranstaltung angereist.<\/p>\n<p>Ferner wurde auch beim Bike&amp;Run teilgenommen. Hierbei lief der Micha den Marathon durch in Begleitung seiner Frau Sarah auf dem Rad. Stolz empfingen am Ziel diese die goldene Gurke.<\/p>\n<p>P.S. Die Zimmer f\u00fcr 2024 sind in unserer Pension schon gebucht.<\/p>\n<p><a href=\"https:\/\/radsport.blauweiss65-schwedt.de\/wp-content\/uploads\/2023\/06\/WhatsApp-Image-2023-05-23-at-12.38.27-1.jpeg\"><img loading=\"lazy\" decoding=\"async\" class=\"alignnone wp-image-4945\" src=\"https:\/\/radsport.blauweiss65-schwedt.de\/wp-content\/uploads\/2023\/06\/WhatsApp-Image-2023-05-23-at-12.38.27-1-300x225.jpeg\" alt=\"\" width=\"371\" height=\"278\" srcset=\"https:\/\/radsport.blauweiss65-schwedt.de\/wp-content\/uploads\/2023\/06\/WhatsApp-Image-2023-05-23-at-12.38.27-1-300x225.jpeg 300w, https:\/\/radsport.blauweiss65-schwedt.de\/wp-content\/uploads\/2023\/06\/WhatsApp-Image-2023-05-23-at-12.38.27-1-1024x768.jpeg 1024w, https:\/\/radsport.blauweiss65-schwedt.de\/wp-content\/uploads\/2023\/06\/WhatsApp-Image-2023-05-23-at-12.38.27-1-768x576.jpeg 768w, https:\/\/radsport.blauweiss65-schwedt.de\/wp-content\/uploads\/2023\/06\/WhatsApp-Image-2023-05-23-at-12.38.27-1-1536x1152.jpeg 1536w, https:\/\/radsport.blauweiss65-schwedt.de\/wp-content\/uploads\/2023\/06\/WhatsApp-Image-2023-05-23-at-12.38.27-1.jpeg 1600w\" sizes=\"auto, (max-width: 371px) 100vw, 371px\" \/><\/a><a href=\"https:\/\/radsport.blauweiss65-schwedt.de\/wp-content\/uploads\/2023\/06\/WhatsApp-Image-2023-05-23-at-12.38.27-2.jpeg\"><img loading=\"lazy\" decoding=\"async\" class=\"alignnone wp-image-4946\" src=\"https:\/\/radsport.blauweiss65-schwedt.de\/wp-content\/uploads\/2023\/06\/WhatsApp-Image-2023-05-23-at-12.38.27-2-300x278.jpeg\" alt=\"\" width=\"371\" height=\"344\" srcset=\"https:\/\/radsport.blauweiss65-schwedt.de\/wp-content\/uploads\/2023\/06\/WhatsApp-Image-2023-05-23-at-12.38.27-2-300x278.jpeg 300w, https:\/\/radsport.blauweiss65-schwedt.de\/wp-content\/uploads\/2023\/06\/WhatsApp-Image-2023-05-23-at-12.38.27-2-768x713.jpeg 768w, https:\/\/radsport.blauweiss65-schwedt.de\/wp-content\/uploads\/2023\/06\/WhatsApp-Image-2023-05-23-at-12.38.27-2.jpeg 776w\" sizes=\"auto, (max-width: 371px) 100vw, 371px\" \/><\/a><a href=\"https:\/\/radsport.blauweiss65-schwedt.de\/wp-content\/uploads\/2023\/06\/WhatsApp-Image-2023-05-23-at-12.36.56.jpeg\"><img loading=\"lazy\" decoding=\"async\" class=\"alignnone wp-image-4947\" src=\"https:\/\/radsport.blauweiss65-schwedt.de\/wp-content\/uploads\/2023\/06\/WhatsApp-Image-2023-05-23-at-12.36.56-300x225.jpeg\" alt=\"\" width=\"371\" height=\"278\" srcset=\"https:\/\/radsport.blauweiss65-schwedt.de\/wp-content\/uploads\/2023\/06\/WhatsApp-Image-2023-05-23-at-12.36.56-300x225.jpeg 300w, https:\/\/radsport.blauweiss65-schwedt.de\/wp-content\/uploads\/2023\/06\/WhatsApp-Image-2023-05-23-at-12.36.56-1024x768.jpeg 1024w, https:\/\/radsport.blauweiss65-schwedt.de\/wp-content\/uploads\/2023\/06\/WhatsApp-Image-2023-05-23-at-12.36.56-768x576.jpeg 768w, https:\/\/radsport.blauweiss65-schwedt.de\/wp-content\/uploads\/2023\/06\/WhatsApp-Image-2023-05-23-at-12.36.56.jpeg 1280w\" sizes=\"auto, (max-width: 371px) 100vw, 371px\" \/><\/a><\/p>\n","protected":false},"excerpt":{"rendered":"<p>Wie in jedem Jahr so war der Spreewald-Marathon auch in diesem Jahr wieder ein erster Leistungsmesser in der noch jungen Saison. Da der Streckenverlauf keine nennenswerten Steigungen beinhaltet, ist es in der Regel manchmal der Wind der den Fahrern ansonsten &hellip; <a href=\"https:\/\/radsport.blauweiss65-schwedt.de\/?page_id=4950\">Weiterlesen <span class=\"meta-nav\">&rarr;<\/span><\/a><\/p>\n","protected":false},"author":4,"featured_media":0,"parent":4875,"menu_order":3,"comment_status":"closed","ping_status":"closed","template":"","meta":{"footnotes":""},"class_list":["post-4950","page","type-page","status-publish","hentry"],"_links":{"self":[{"href":"https:\/\/radsport.blauweiss65-schwedt.de\/index.php?rest_route=\/wp\/v2\/pages\/4950","targetHints":{"allow":["GET"]}}],"collection":[{"href":"https:\/\/radsport.blauweiss65-schwedt.de\/index.php?rest_route=\/wp\/v2\/pages"}],"about":[{"href":"https:\/\/radsport.blauweiss65-schwedt.de\/index.php?rest_route=\/wp\/v2\/types\/page"}],"author":[{"embeddable":true,"href":"https:\/\/radsport.blauweiss65-schwedt.de\/index.php?rest_route=\/wp\/v2\/users\/4"}],"replies":[{"embeddable":true,"href":"https:\/\/radsport.blauweiss65-schwedt.de\/index.php?rest_route=%2Fwp%2Fv2%2Fcomments&post=4950"}],"version-history":[{"count":1,"href":"https:\/\/radsport.blauweiss65-schwedt.de\/index.php?rest_route=\/wp\/v2\/pages\/4950\/revisions"}],"predecessor-version":[{"id":4951,"href":"https:\/\/radsport.blauweiss65-schwedt.de\/index.php?rest_route=\/wp\/v2\/pages\/4950\/revisions\/4951"}],"up":[{"embeddable":true,"href":"https:\/\/radsport.blauweiss65-schwedt.de\/index.php?rest_route=\/wp\/v2\/pages\/4875"}],"wp:attachment":[{"href":"https:\/\/radsport.blauweiss65-schwedt.de\/index.php?rest_route=%2Fwp%2Fv2%2Fmedia&parent=4950"}],"curies":[{"name":"wp","href":"https:\/\/api.w.org\/{rel}","templated":true}]}}