{"id":528,"date":"2013-12-17T12:49:59","date_gmt":"2013-12-17T12:49:59","guid":{"rendered":"http:\/\/radsport.blauweiss65-schwedt.de\/?page_id=528"},"modified":"2014-07-10T16:36:30","modified_gmt":"2014-07-10T16:36:30","slug":"13-radmarathon-schwedt-bansin-schwedt-22-06-2013","status":"publish","type":"page","link":"https:\/\/radsport.blauweiss65-schwedt.de\/?page_id=528","title":{"rendered":"14. Radmarathon Schwedt &#8211; Bansin &#8211; Schwedt (22.06.2013)"},"content":{"rendered":"<p>&nbsp;<\/p>\n<p><span style=\"color: #000000;\">Ende Juni war es wieder soweit.<\/span><\/p>\n<p><span style=\"color: #000000;\">Der anspruchsvolle <span style=\"color: #0000ff;\">Radmarathon<\/span><span style=\"color: #0000ff;\"> von Schwedt\/Oder<\/span> (in der brandenburgischen Uckermark) <span style=\"color: #0000ff;\">nach Bansin<\/span> (an die mecklenburgische Ostseek\u00fcste) <span style=\"color: #0000ff;\">und zur\u00fcck<\/span>, stand auf dem Terminkalender unserer Radsportabteilung. <span style=\"color: #0000ff;\"><span style=\"color: #000000;\">Eine Srecke von<\/span> <span style=\"color: #ff0000;\">333 Kilometer<\/span><\/span> an einem Tag!<\/span><\/p>\n<p style=\"padding-left: 120px;\"><a href=\"https:\/\/radsport.blauweiss65-schwedt.de\/wp-content\/uploads\/2013\/12\/Kopie4.jpg\"><img loading=\"lazy\" decoding=\"async\" class=\"alignnone size-medium wp-image-681\" alt=\"OLYMPUS DIGITAL CAMERA\" src=\"https:\/\/radsport.blauweiss65-schwedt.de\/wp-content\/uploads\/2013\/12\/Kopie4-300x208.jpg\" width=\"300\" height=\"208\" srcset=\"https:\/\/radsport.blauweiss65-schwedt.de\/wp-content\/uploads\/2013\/12\/Kopie4-300x208.jpg 300w, https:\/\/radsport.blauweiss65-schwedt.de\/wp-content\/uploads\/2013\/12\/Kopie4.jpg 777w\" sizes=\"auto, (max-width: 300px) 100vw, 300px\" \/><\/a><\/p>\n<p><span style=\"color: #000000;\">Am Morgen des <strong>22.06.2013<\/strong>, um <\/span><span style=\"color: #000000;\">03:30<\/span> <span style=\"color: #000000;\">Uhr, trafen sich die Teilnehmer dieses allj\u00e4hrlichen Ultramarathons, zu seiner\u00a0 14. Auflage, auf dem Gel\u00e4nde der Firma &#8222;Holzhandel Aurich&#8220;. P\u00fcnktlich um <span style=\"color: #0000ff;\">04:00 Uhr<\/span> starteten folgende <strong>10 Teilnehmer<\/strong> zu dieser verr\u00fcckten Fahrt. <\/span><\/p>\n<p><strong><span style=\"color: #000000;\">Wolfgang Baum\u00fcller, Sascha Gombert, Axel Dittmar, Henry Felix, Torsten Aurich, Reiner Reiter, Jan-Heiko L\u00f6hrs, Wilfried Eichler, Martin Schr\u00f6der <\/span><\/strong><span style=\"color: #000000;\">und<\/span><strong><span style=\"color: #000000;\"> Eckhard Kurt<\/span><\/strong><\/p>\n<p><span style=\"color: #000000;\">Der Wetterbericht versprach Sonne, Temperaturen bis\u00a0 25\u00b0C und mittleren Wind. Die Fahrt ging \u00fcber <span style=\"color: #0000ff;\">Prenzlau<\/span> und <span style=\"color: #0000ff;\">Woldegk<\/span>, zum ersten Verpflegungspunkt nahe <span style=\"color: #0000ff;\">Friedland<\/span>. Bis dort sind dann schon\u00a0 97 km gefahren. Weitere 70 km warten noch einmal bis Bansin. Die Stimmung der Gruppe war recht gut, da ab Woldegk ertr\u00e4glicher Seitenwind und sp\u00e4ter in K\u00fcstenn\u00e4he sogar R\u00fcckenwind herschte.<\/span><\/p>\n<p><a href=\"https:\/\/radsport.blauweiss65-schwedt.de\/wp-content\/uploads\/2013\/12\/Kopie1.jpg\"><img loading=\"lazy\" decoding=\"async\" class=\"alignnone size-medium wp-image-682\" alt=\"Kopie1\" src=\"https:\/\/radsport.blauweiss65-schwedt.de\/wp-content\/uploads\/2013\/12\/Kopie1-300x233.jpg\" width=\"300\" height=\"232\" \/><\/a><a href=\"https:\/\/radsport.blauweiss65-schwedt.de\/wp-content\/uploads\/2013\/12\/Kopie7.jpg\"><img loading=\"lazy\" decoding=\"async\" class=\"alignnone size-medium wp-image-683\" alt=\"Kopie7\" src=\"https:\/\/radsport.blauweiss65-schwedt.de\/wp-content\/uploads\/2013\/12\/Kopie7-300x225.jpg\" width=\"300\" height=\"232\" \/><\/a><\/p>\n<p><span style=\"color: #000000;\">Zwischen<span style=\"color: #0000ff;\"> Anklam<\/span> und der <span style=\"color: #0000ff;\">Stadt Usedom<\/span> kommt ein verkehrstechnisch schwieriger Streckenteil. Dort gibt es keine Radwege oder sonstige Ausweichm\u00f6glichkeiten. Autofahrer werden dort hinter Radgruppen immer leicht ungeduldig, hektisch und laut. Trotz regelm\u00e4\u00dfiger Stopps an der Seite, zum Abbau des angestauten Verkehrs, gab es einige kritische Situationen. \u00dcber die Ortschaft <span style=\"color: #0000ff;\">Benz,<\/span> erreichten jedoch alle wohlbehalten das (Halb-) Etappenziel in <span style=\"color: #0000ff;\">Bansin<\/span> um <span style=\"color: #0000ff;\">09:45 Uhr<\/span>. Ein sehr guter Schnitt von 32 km\/h wurde gefahren.<\/span><\/p>\n<p><span style=\"color: #000000;\">An der Uhr auf der Strandpromenade und bei den Fischerbooten am Wasser, wurden obligatorische Beweisfotos geschossen. Vier mutige Mitstreiter genossen noch ein Bad in der\u00a0 16\u00b0C &#8222;warmen&#8220; Ostsee.\u00a0 Dann traf man sich beim &#8222;Fischer des Vertrauens&#8220;, zu belegten Br\u00f6tchen und Getr\u00e4nken.<\/span><\/p>\n<p style=\"padding-left: 150px;\"><a href=\"https:\/\/radsport.blauweiss65-schwedt.de\/wp-content\/uploads\/2013\/12\/Kopie3.jpg\">\u00a0<img loading=\"lazy\" decoding=\"async\" class=\"alignnone size-medium wp-image-684\" alt=\"Kopie3\" src=\"https:\/\/radsport.blauweiss65-schwedt.de\/wp-content\/uploads\/2013\/12\/Kopie3-300x265.jpg\" width=\"300\" height=\"265\" srcset=\"https:\/\/radsport.blauweiss65-schwedt.de\/wp-content\/uploads\/2013\/12\/Kopie3-300x265.jpg 300w, https:\/\/radsport.blauweiss65-schwedt.de\/wp-content\/uploads\/2013\/12\/Kopie3.jpg 647w\" sizes=\"auto, (max-width: 300px) 100vw, 300px\" \/><\/a><\/p>\n<p style=\"padding-left: 150px;\"><a href=\"https:\/\/radsport.blauweiss65-schwedt.de\/wp-content\/uploads\/2013\/12\/Kopie5.jpg\"><img loading=\"lazy\" decoding=\"async\" class=\"alignnone size-medium wp-image-685\" alt=\"OLYMPUS DIGITAL CAMERA\" src=\"https:\/\/radsport.blauweiss65-schwedt.de\/wp-content\/uploads\/2013\/12\/Kopie5-300x119.jpg\" width=\"300\" height=\"119\" srcset=\"https:\/\/radsport.blauweiss65-schwedt.de\/wp-content\/uploads\/2013\/12\/Kopie5-300x119.jpg 300w, https:\/\/radsport.blauweiss65-schwedt.de\/wp-content\/uploads\/2013\/12\/Kopie5.jpg 639w\" sizes=\"auto, (max-width: 300px) 100vw, 300px\" \/><\/a><\/p>\n<p><a href=\"https:\/\/radsport.blauweiss65-schwedt.de\/wp-content\/uploads\/2013\/12\/Kopie8.jpg\"><img loading=\"lazy\" decoding=\"async\" class=\"alignnone size-thumbnail wp-image-686\" alt=\"Kopie8\" src=\"https:\/\/radsport.blauweiss65-schwedt.de\/wp-content\/uploads\/2013\/12\/Kopie8-150x150.jpg\" width=\"150\" height=\"150\" \/><\/a><a href=\"https:\/\/radsport.blauweiss65-schwedt.de\/wp-content\/uploads\/2013\/12\/IMG_4156.jpg\"><img loading=\"lazy\" decoding=\"async\" class=\"alignnone size-thumbnail wp-image-687\" alt=\"IMG_4156\" src=\"https:\/\/radsport.blauweiss65-schwedt.de\/wp-content\/uploads\/2013\/12\/IMG_4156-150x150.jpg\" width=\"150\" height=\"150\" \/><\/a><a href=\"https:\/\/radsport.blauweiss65-schwedt.de\/wp-content\/uploads\/2013\/12\/IMG_4154.jpg\"><img loading=\"lazy\" decoding=\"async\" class=\"alignnone size-thumbnail wp-image-688\" alt=\"IMG_4154\" src=\"https:\/\/radsport.blauweiss65-schwedt.de\/wp-content\/uploads\/2013\/12\/IMG_4154-150x150.jpg\" width=\"150\" height=\"150\" \/><\/a><a href=\"https:\/\/radsport.blauweiss65-schwedt.de\/wp-content\/uploads\/2013\/12\/IMG_4151.jpg\"><img loading=\"lazy\" decoding=\"async\" class=\"alignnone size-thumbnail wp-image-689\" alt=\"IMG_4151\" src=\"https:\/\/radsport.blauweiss65-schwedt.de\/wp-content\/uploads\/2013\/12\/IMG_4151-150x150.jpg\" width=\"150\" height=\"150\" \/><\/a><\/p>\n<p><span style=\"color: #000000;\">Erholt und gest\u00e4rkt startete um <span style=\"color: #0000ff;\">12:10 Uhr<\/span> die R\u00fcckfahrt nach Schwedt.<\/span><\/p>\n<p><span style=\"color: #000000;\">Der Wind hatte zwischenzeitlich nichts an St\u00e4rke verloren, sonder noch zugelegt. Im Unterschied zur Hinfahrt, blies er aber nun direkt von vorn. Das hat echten Teamgeist gefordert! Die Stimmung blieb aber weiter sehr gut. Eine erholsame Rast in Friedland motivierte die ganze Gruppe f\u00fcr die weitere R\u00fcckfahrt. Es bestand gute Hoffnung, das der Wind ab Woldegk etwas &#8222;schieben&#8220; k\u00f6nnte. Von dort waren es nur noch &#8222;schlappe&#8220; 100 km bis nach Hause.<\/span><\/p>\n<p><span style=\"color: #000000;\">Ab <span style=\"color: #0000ff;\">Wolfshagen<\/span> verst\u00e4rkte dann Sportfreund <\/span><span style=\"color: #000000;\"><strong>Rene Polte<\/strong><\/span><span style=\"color: #000000;\"> das Fahrerfeld. Er hat an diesem Tag arbeiten m\u00fcssen und konnte nicht wie \u00fcblich die gesamte Tour mitfahren.<\/span><\/p>\n<p><span style=\"color: #000000;\">Nach einem letzten, kurzen Stopp in <span style=\"color: #0000ff;\">Prenlau<\/span>, fuhr der geduldige Begleitfahrer &#8211; <\/span><strong><span style=\"color: #000000;\">Uwe Wetzig<\/span><\/strong><span style=\"color: #000000;\">, mit dem Materialtransporter voraus, um den Empfang in <span style=\"color: #0000ff;\">Schwedt<\/span> versorgungstechnisch vorzubereiten. Nach einem kleinen Spurt am Ortseingang, wurde der morgendliche Startpunkt um <span style=\"color: #0000ff;\">18:45 Uhr<\/span> wieder erreicht. Der Schnitt f\u00fcr die gesamte Strecke lag somit bei guten\u00a0 31km\/h. <\/span><span style=\"color: #0000ff;\"> Alle waren ersch\u00f6pft aber gl\u00fccklich! <span style=\"color: #000000;\">Ein gemeinsames, leckeres Abendbrot rundete diesen sch\u00f6nen Tag ab.<\/span><\/span><\/p>\n<p><a href=\"https:\/\/radsport.blauweiss65-schwedt.de\/wp-content\/uploads\/2013\/12\/IMG_4141.jpg\"><img loading=\"lazy\" decoding=\"async\" class=\"alignnone size-thumbnail wp-image-690\" alt=\"IMG_4141\" src=\"https:\/\/radsport.blauweiss65-schwedt.de\/wp-content\/uploads\/2013\/12\/IMG_4141-150x150.jpg\" width=\"150\" height=\"150\" \/><\/a><a href=\"https:\/\/radsport.blauweiss65-schwedt.de\/wp-content\/uploads\/2013\/12\/2013-06-22-09.30.59.jpg\"><img loading=\"lazy\" decoding=\"async\" class=\"alignnone size-thumbnail wp-image-691\" alt=\"2013-06-22 09.30.59\" src=\"https:\/\/radsport.blauweiss65-schwedt.de\/wp-content\/uploads\/2013\/12\/2013-06-22-09.30.59-150x150.jpg\" width=\"150\" height=\"150\" \/><\/a><a href=\"https:\/\/radsport.blauweiss65-schwedt.de\/wp-content\/uploads\/2013\/12\/P10127981.jpg\"><img loading=\"lazy\" decoding=\"async\" class=\"alignnone size-thumbnail wp-image-693\" alt=\"OLYMPUS DIGITAL CAMERA\" src=\"https:\/\/radsport.blauweiss65-schwedt.de\/wp-content\/uploads\/2013\/12\/P10127981-150x150.jpg\" width=\"150\" height=\"150\" \/><\/a><a href=\"https:\/\/radsport.blauweiss65-schwedt.de\/wp-content\/uploads\/2013\/11\/2013-06-09-09.05.09-Kopie.jpg\"><img loading=\"lazy\" decoding=\"async\" class=\"alignnone size-thumbnail wp-image-356\" alt=\"2013-06-09 09.05.09 - Kopie\" src=\"https:\/\/radsport.blauweiss65-schwedt.de\/wp-content\/uploads\/2013\/11\/2013-06-09-09.05.09-Kopie-150x150.jpg\" width=\"150\" height=\"150\" \/><\/a><\/p>\n<p><span style=\"color: #0000ff;\">Das durchschnittliche Alter der Teilnehmer von 50 Jahren zeigt deutlich, das auch \u00e4ltere Sportler zu gro\u00dfartigen Ausdauerleistungen f\u00e4hig sind!<\/span> <span style=\"color: #0000ff;\">Auch <span style=\"color: #ff0000;\">2014<\/span> ist wieder eine Tour geplant!<\/span><\/p>\n<p style=\"padding-left: 450px;\">\u00a0Autor: E.Kurth\/H.Felix<\/p>\n","protected":false},"excerpt":{"rendered":"<p>&nbsp; Ende Juni war es wieder soweit. Der anspruchsvolle Radmarathon von Schwedt\/Oder (in der brandenburgischen Uckermark) nach Bansin (an die mecklenburgische Ostseek\u00fcste) und zur\u00fcck, stand auf dem Terminkalender unserer Radsportabteilung. Eine Srecke von 333 Kilometer an einem Tag! Am Morgen &hellip; <a href=\"https:\/\/radsport.blauweiss65-schwedt.de\/?page_id=528\">Weiterlesen <span class=\"meta-nav\">&rarr;<\/span><\/a><\/p>\n","protected":false},"author":3,"featured_media":0,"parent":516,"menu_order":3,"comment_status":"open","ping_status":"open","template":"","meta":{"footnotes":""},"class_list":["post-528","page","type-page","status-publish","hentry"],"_links":{"self":[{"href":"https:\/\/radsport.blauweiss65-schwedt.de\/index.php?rest_route=\/wp\/v2\/pages\/528","targetHints":{"allow":["GET"]}}],"collection":[{"href":"https:\/\/radsport.blauweiss65-schwedt.de\/index.php?rest_route=\/wp\/v2\/pages"}],"about":[{"href":"https:\/\/radsport.blauweiss65-schwedt.de\/index.php?rest_route=\/wp\/v2\/types\/page"}],"author":[{"embeddable":true,"href":"https:\/\/radsport.blauweiss65-schwedt.de\/index.php?rest_route=\/wp\/v2\/users\/3"}],"replies":[{"embeddable":true,"href":"https:\/\/radsport.blauweiss65-schwedt.de\/index.php?rest_route=%2Fwp%2Fv2%2Fcomments&post=528"}],"version-history":[{"count":0,"href":"https:\/\/radsport.blauweiss65-schwedt.de\/index.php?rest_route=\/wp\/v2\/pages\/528\/revisions"}],"up":[{"embeddable":true,"href":"https:\/\/radsport.blauweiss65-schwedt.de\/index.php?rest_route=\/wp\/v2\/pages\/516"}],"wp:attachment":[{"href":"https:\/\/radsport.blauweiss65-schwedt.de\/index.php?rest_route=%2Fwp%2Fv2%2Fmedia&parent=528"}],"curies":[{"name":"wp","href":"https:\/\/api.w.org\/{rel}","templated":true}]}}