{"id":535,"date":"2013-12-18T12:19:17","date_gmt":"2013-12-18T12:19:17","guid":{"rendered":"http:\/\/radsport.blauweiss65-schwedt.de\/?page_id=535"},"modified":"2014-01-18T18:23:30","modified_gmt":"2014-01-18T18:23:30","slug":"40-bodensee-radmarathon-07-09-2013","status":"publish","type":"page","link":"https:\/\/radsport.blauweiss65-schwedt.de\/?page_id=535","title":{"rendered":"40. Bodensee Radmarathon (07.09.2013)"},"content":{"rendered":"<p>&nbsp;<\/p>\n<p><span style=\"color: #000000;\">Am <strong>07. September<\/strong> fand der <span style=\"color: #0000ff;\">40. Bodensee Radmarathon<\/span> statt. <\/span><\/p>\n<p><span style=\"color: #000000;\">Auch drei Fahrer aus der Uckermark waren dort vertreten. <strong>Werner Ehrlich<\/strong> <span style=\"color: #0000ff;\">aus Schwedt<\/span> und <strong>Wolfgang und Monika Baum\u00fcller<\/strong> <span style=\"color: #0000ff;\">aus Greiffenberg<\/span>. Die Unterkunft am Veranstaltungsort und die Organisation der Veranstaltung fanden Ihr Lob. Ein kleiner Kritikpunkt von Wolfgang (&#8222;Eddy&#8220;) war die Verpflegung unterwegs! <\/span><\/p>\n<p><span style=\"color: #000000;\">Die drei hatten sich f\u00fcr die &#8222;SILBER-Tour&#8220; \u00fcber <span style=\"color: #ff0000;\">150 Kilometer<\/span> entschieden. Bei sch\u00f6nstem Wetter konnten Sie Ihre Fahrt in der wundersch\u00f6nen Landschaft um den Bodensee genie\u00dfen. Gestartet wurde innerhalb eines Zeitfensters, an 6 verschiedenen Standorten gleichzeitig. <\/span><\/p>\n<p><span style=\"color: #000000;\">Die Uckerm\u00e4rker starteten von <span style=\"color: #0000ff;\">Ailingen<\/span> aus auf Ihre Strecke. Von <span style=\"color: #0000ff;\">Staad<\/span> (i.d.N. von <span style=\"color: #0000ff;\">Konstanz<\/span>) wurden sie dann mit einer F\u00e4hre nach<span style=\"color: #0000ff;\"> Meersburg<\/span> \u00fcbergesetzt. Hier kam dann gleich eine anspruchsvolle Aufgabe. Ein ca. <span style=\"color: #ff0000;\">1000 Meter langer Anstieg mit 18% Steigung<\/span>! Eddy sagte: &#8222;Hier konnte mann M\u00e4nner sterben sehen!&#8220;<\/span><\/p>\n<p><span style=\"color: #000000;\">Alle drei erreichten aber wohlbehalten das Ziel und konnten dort Ihre Finisher-Medaillie entgegennehmen.<\/span><\/p>\n<p><a href=\"https:\/\/radsport.blauweiss65-schwedt.de\/wp-content\/uploads\/2013\/11\/IMG-20130926-WA0015.jpg\"><img loading=\"lazy\" decoding=\"async\" class=\"alignnone size-medium wp-image-437\" alt=\"IMG-20130926-WA0015\" src=\"https:\/\/radsport.blauweiss65-schwedt.de\/wp-content\/uploads\/2013\/11\/IMG-20130926-WA0015-300x225.jpg\" width=\"300\" height=\"225\" srcset=\"https:\/\/radsport.blauweiss65-schwedt.de\/wp-content\/uploads\/2013\/11\/IMG-20130926-WA0015-300x225.jpg 300w, https:\/\/radsport.blauweiss65-schwedt.de\/wp-content\/uploads\/2013\/11\/IMG-20130926-WA0015.jpg 800w\" sizes=\"auto, (max-width: 300px) 100vw, 300px\" \/><\/a><a href=\"https:\/\/radsport.blauweiss65-schwedt.de\/wp-content\/uploads\/2013\/11\/IMG_0497.jpg\"><img loading=\"lazy\" decoding=\"async\" class=\"alignnone size-medium wp-image-436\" alt=\"IMG_0497\" src=\"https:\/\/radsport.blauweiss65-schwedt.de\/wp-content\/uploads\/2013\/11\/IMG_0497-300x225.jpg\" width=\"300\" height=\"225\" srcset=\"https:\/\/radsport.blauweiss65-schwedt.de\/wp-content\/uploads\/2013\/11\/IMG_0497-300x225.jpg 300w, https:\/\/radsport.blauweiss65-schwedt.de\/wp-content\/uploads\/2013\/11\/IMG_0497-1024x768.jpg 1024w\" sizes=\"auto, (max-width: 300px) 100vw, 300px\" \/><\/a><\/p>\n<p><span style=\"color: #000000;\"><span style=\"color: #0000ff;\">Auf jeden Fall wollen Sie am<\/span> <span style=\"color: #ff0000;\">13. September 2014<\/span> <span style=\"color: #0000ff;\">wieder am Start sein. <\/span><\/span><\/p>\n<p><span style=\"color: #0000ff;\">Vielleicht findet sich ja noch der ein oder andere Mitstreiter, der eine l\u00e4ngere Anreise f\u00fcr ein besonderes Erlebnis nicht scheut!<\/span><\/p>\n<p><span style=\"color: #000000;\"><span style=\"color: #0000ff;\">Zur Auswahl stehen bei diesem Event (<span style=\"color: #ff0000;\">41. Auflage<\/span>) auch noch die &#8222;BRONZE-Tour&#8220; \u00fcber <span style=\"color: #ff0000;\">80 <span style=\"color: #0000ff;\">Kilometer<\/span><\/span> und nat\u00fcrlich die &#8222;GOLD-Tour&#8220; \u00fcber <span style=\"color: #ff0000;\">220<\/span> Kilometer!<\/span> <a href=\"http:\/\/www.bodensee-radmarathon.ch\/\" target=\"_blank\"><span style=\"color: #ff0000;\">Info<\/span> <\/a><strong><span style=\"color: #ff0000;\"><a href=\"http:\/\/www.bodensee-radmarathon.ch\/\" target=\"_blank\"><span style=\"color: #ff0000;\">hier<\/span><\/a><span style=\"color: #ff0000;\">:<\/span><\/span><\/strong><\/span><\/p>\n<p style=\"padding-left: 390px;\">Autor: W.Baum\u00fcller\/H.Felix<\/p>\n","protected":false},"excerpt":{"rendered":"<p>&nbsp; Am 07. September fand der 40. Bodensee Radmarathon statt. Auch drei Fahrer aus der Uckermark waren dort vertreten. Werner Ehrlich aus Schwedt und Wolfgang und Monika Baum\u00fcller aus Greiffenberg. Die Unterkunft am Veranstaltungsort und die Organisation der Veranstaltung fanden &hellip; <a href=\"https:\/\/radsport.blauweiss65-schwedt.de\/?page_id=535\">Weiterlesen <span class=\"meta-nav\">&rarr;<\/span><\/a><\/p>\n","protected":false},"author":3,"featured_media":0,"parent":516,"menu_order":5,"comment_status":"open","ping_status":"open","template":"","meta":{"footnotes":""},"class_list":["post-535","page","type-page","status-publish","hentry"],"_links":{"self":[{"href":"https:\/\/radsport.blauweiss65-schwedt.de\/index.php?rest_route=\/wp\/v2\/pages\/535","targetHints":{"allow":["GET"]}}],"collection":[{"href":"https:\/\/radsport.blauweiss65-schwedt.de\/index.php?rest_route=\/wp\/v2\/pages"}],"about":[{"href":"https:\/\/radsport.blauweiss65-schwedt.de\/index.php?rest_route=\/wp\/v2\/types\/page"}],"author":[{"embeddable":true,"href":"https:\/\/radsport.blauweiss65-schwedt.de\/index.php?rest_route=\/wp\/v2\/users\/3"}],"replies":[{"embeddable":true,"href":"https:\/\/radsport.blauweiss65-schwedt.de\/index.php?rest_route=%2Fwp%2Fv2%2Fcomments&post=535"}],"version-history":[{"count":0,"href":"https:\/\/radsport.blauweiss65-schwedt.de\/index.php?rest_route=\/wp\/v2\/pages\/535\/revisions"}],"up":[{"embeddable":true,"href":"https:\/\/radsport.blauweiss65-schwedt.de\/index.php?rest_route=\/wp\/v2\/pages\/516"}],"wp:attachment":[{"href":"https:\/\/radsport.blauweiss65-schwedt.de\/index.php?rest_route=%2Fwp%2Fv2%2Fmedia&parent=535"}],"curies":[{"name":"wp","href":"https:\/\/api.w.org\/{rel}","templated":true}]}}