{"id":900,"date":"2014-02-08T20:24:25","date_gmt":"2014-02-08T20:24:25","guid":{"rendered":"http:\/\/radsport.blauweiss65-schwedt.de\/?page_id=900"},"modified":"2014-02-08T20:24:55","modified_gmt":"2014-02-08T20:24:55","slug":"1-mtb-training-18-01-2014","status":"publish","type":"page","link":"https:\/\/radsport.blauweiss65-schwedt.de\/?page_id=900","title":{"rendered":"1. MTB-Training (18.01.2014)"},"content":{"rendered":"<p><span style=\"color: #0000ff;\">Wie schon l\u00e4nger angedacht, wollten wir als Radsportabteilung in der Wintersaison ein MTB-Training anbieten und bei Interesse durchf\u00fchren.<\/span><\/p>\n<p><span style=\"color: #ff0000;\">Das erste MTB-Training hat stattgefunden!<\/span><\/p>\n<p><span style=\"color: #000000;\">Am Nachmittag des <strong>18.01.2014<\/strong> (Sam.) haben\u00a0<strong>Eckhard Kurth, Axel Dittmar, Henry Felix<\/strong> und unser <span style=\"color: #0000ff;\">Gastfahrer <\/span>&#8222;<strong>Serge<\/strong>&#8220; (ein geb\u00fcrtiger Schweizer &#8211; jetzt Uckerm\u00e4rker) erfolgreich ein gemeinsames MTB-Training durchgef\u00fchrt.<\/span><\/p>\n<p><span style=\"color: #000000;\">Treffpunkt war wie immer der Parkplatz am Turmhotel. Wir sind bei ertr\u00e4glichem Wetter insgesamt etwa \u00a0<span style=\"color: #0000ff;\">2,5 &#8211; 3 h\u00a0 <\/span><\/span><span style=\"color: #000000;\">unterwegs gewesen! Eine sch\u00f6ne, interessante aber auch anspruchsvolle Strecke von ca. <span style=\"color: #ff0000;\">50 km<\/span> wurde zur\u00fcckgelegt. Das Training ging vorwiegend \u00fcber <span style=\"color: #0000ff;\">Wald- u. Feldwege<\/span> von<span style=\"color: #0000ff;\"> Meyenburg<\/span> \u00fcber <span style=\"color: #0000ff;\">Z\u00fctzen<\/span>, die <span style=\"color: #0000ff;\">Criewener H\u00fcgel<\/span>, <span style=\"color: #0000ff;\">St\u00fctzkow<\/span> bis zum Gr\u00fctzpott nach <span style=\"color: #0000ff;\">Stolpe<\/span>. Die R\u00fcckfahrt nach <span style=\"color: #0000ff;\">Schwedt<\/span> erfolgte dann, zum Auslockern, \u00fcber den Radweg der Deichanlage.<\/span><\/p>\n<p><span style=\"color: #0000ff;\">Dieses Testtraining hat viel Spa\u00df und Abwechslung gebracht. Eine Wiederholung ist beschlossen! MTB-Training ist eine gute Alternative zum Halten der Form \u00fcber den Winter!<\/span><\/p>\n<p><span style=\"color: #0000ff;\">Wer auch Interesse hat mitzumachen kann sich bei Eckhard melden. Wenn das Wetter passt, kanns losgehen!<\/span><\/p>\n<p><span style=\"color: #000000;\">Hier noch einige Bilder von der Tour!<\/span><\/p>\n<p><a href=\"https:\/\/radsport.blauweiss65-schwedt.de\/wp-content\/uploads\/2014\/01\/2014-01-18-14.16.54.jpg\"><img loading=\"lazy\" decoding=\"async\" title=\"Fotoshooting mit Axel\" alt=\"2014-01-18 14.16.54\" src=\"https:\/\/radsport.blauweiss65-schwedt.de\/wp-content\/uploads\/2014\/01\/2014-01-18-14.16.54-239x300.jpg\" width=\"239\" height=\"303\" \/><\/a><a href=\"https:\/\/radsport.blauweiss65-schwedt.de\/wp-content\/uploads\/2014\/01\/Foto-2.jpg\"><img loading=\"lazy\" decoding=\"async\" alt=\"Foto 2\" src=\"https:\/\/radsport.blauweiss65-schwedt.de\/wp-content\/uploads\/2014\/01\/Foto-2-150x150.jpg\" width=\"150\" height=\"150\" \/><\/a> <a href=\"https:\/\/radsport.blauweiss65-schwedt.de\/wp-content\/uploads\/2014\/01\/2014-01-18-13.38.51.jpg\"><img loading=\"lazy\" decoding=\"async\" alt=\"2014-01-18 13.38.51\" src=\"https:\/\/radsport.blauweiss65-schwedt.de\/wp-content\/uploads\/2014\/01\/2014-01-18-13.38.51-150x150.jpg\" width=\"150\" height=\"150\" \/><\/a> <a href=\"https:\/\/radsport.blauweiss65-schwedt.de\/wp-content\/uploads\/2014\/01\/Foto-4.jpg\"><img loading=\"lazy\" decoding=\"async\" alt=\"Foto 4\" src=\"https:\/\/radsport.blauweiss65-schwedt.de\/wp-content\/uploads\/2014\/01\/Foto-4-150x150.jpg\" width=\"150\" height=\"150\" \/> <\/a><a href=\"https:\/\/radsport.blauweiss65-schwedt.de\/wp-content\/uploads\/2014\/01\/2014-01-18-14.14.52.jpg\"><img loading=\"lazy\" decoding=\"async\" alt=\"2014-01-18 14.14.52\" src=\"https:\/\/radsport.blauweiss65-schwedt.de\/wp-content\/uploads\/2014\/01\/2014-01-18-14.14.52-150x150.jpg\" width=\"150\" height=\"150\" \/><\/a> <a href=\"https:\/\/radsport.blauweiss65-schwedt.de\/wp-content\/uploads\/2014\/01\/Foto-41.jpg\"><img loading=\"lazy\" decoding=\"async\" alt=\"Foto 4(1)\" src=\"https:\/\/radsport.blauweiss65-schwedt.de\/wp-content\/uploads\/2014\/01\/Foto-41-1024x297.jpg\" width=\"1024\" height=\"297\" \/><\/a><\/p>\n","protected":false},"excerpt":{"rendered":"<p>Wie schon l\u00e4nger angedacht, wollten wir als Radsportabteilung in der Wintersaison ein MTB-Training anbieten und bei Interesse durchf\u00fchren. Das erste MTB-Training hat stattgefunden! Am Nachmittag des 18.01.2014 (Sam.) haben\u00a0Eckhard Kurth, Axel Dittmar, Henry Felix und unser Gastfahrer &#8222;Serge&#8220; (ein geb\u00fcrtiger &hellip; <a href=\"https:\/\/radsport.blauweiss65-schwedt.de\/?page_id=900\">Weiterlesen <span class=\"meta-nav\">&rarr;<\/span><\/a><\/p>\n","protected":false},"author":3,"featured_media":0,"parent":898,"menu_order":0,"comment_status":"open","ping_status":"open","template":"","meta":{"footnotes":""},"class_list":["post-900","page","type-page","status-publish","hentry"],"_links":{"self":[{"href":"https:\/\/radsport.blauweiss65-schwedt.de\/index.php?rest_route=\/wp\/v2\/pages\/900","targetHints":{"allow":["GET"]}}],"collection":[{"href":"https:\/\/radsport.blauweiss65-schwedt.de\/index.php?rest_route=\/wp\/v2\/pages"}],"about":[{"href":"https:\/\/radsport.blauweiss65-schwedt.de\/index.php?rest_route=\/wp\/v2\/types\/page"}],"author":[{"embeddable":true,"href":"https:\/\/radsport.blauweiss65-schwedt.de\/index.php?rest_route=\/wp\/v2\/users\/3"}],"replies":[{"embeddable":true,"href":"https:\/\/radsport.blauweiss65-schwedt.de\/index.php?rest_route=%2Fwp%2Fv2%2Fcomments&post=900"}],"version-history":[{"count":0,"href":"https:\/\/radsport.blauweiss65-schwedt.de\/index.php?rest_route=\/wp\/v2\/pages\/900\/revisions"}],"up":[{"embeddable":true,"href":"https:\/\/radsport.blauweiss65-schwedt.de\/index.php?rest_route=\/wp\/v2\/pages\/898"}],"wp:attachment":[{"href":"https:\/\/radsport.blauweiss65-schwedt.de\/index.php?rest_route=%2Fwp%2Fv2%2Fmedia&parent=900"}],"curies":[{"name":"wp","href":"https:\/\/api.w.org\/{rel}","templated":true}]}}